{"id":30411,"date":"2024-10-31T14:09:12","date_gmt":"2024-10-31T13:09:12","guid":{"rendered":"https:\/\/testshop.igel.wovodo.de\/product\/3-pumpe-brunnen-star-250-4-fuer-tiefbrunnen\/"},"modified":"2025-01-27T12:30:21","modified_gmt":"2025-01-27T11:30:21","slug":"3-pumpe-brunnen-star-250-4-fuer-tiefbrunnen","status":"publish","type":"product","link":"https:\/\/testshop.igel.wovodo.de\/en\/product\/3-pumpe-brunnen-star-250-4-fuer-tiefbrunnen\/","title":{"rendered":"3&#8243;-Pumpe BRUNNEN-STAR 250-4 f\u00fcr Tiefbrunnen"},"content":{"rendered":"<div class=\"sale_application\">\n<ul>\n<li>f\u00fcr Tiefbrunnenbohrungen bis ca 25m Tiefe<\/li>\n<li>f\u00fcr private und industrielle Anwendungen<\/li>\n<li>zur Hauswasserversorgung<\/li>\n<li>zur Bew\u00e4sserung<\/li>\n<li>zur Beregnung<\/li>\n<li>f\u00fcr Anwendungen im Umweltschutz<\/li>\n<li>bei Grundwasserabsenkung<\/li>\n<li>for filling containers<\/li>\n<\/ul>\n<\/div>\n<div class=\"sale_description\">\n<p>Robuste, stabile Tiefbrunnenpumpe aus rostfreiem Edelsstahl f\u00fcr tiefe Brunnenbohrungen (bis ca 25m). Mit dieser robusten Tiefbrunnenpumpe ist die F\u00f6rderung von Wasser aus extrem tiefen Bohrungen, Brunnen bzw. Wasserreservoirs kein Problem.<\/p>\n<p><b>Die 3-Zoll-Brunnenpumpe f\u00fcr Klarwasser hat einen Durchmesser von 80mm (mit Kabelschutz) und ist f\u00fcr Brunnensch\u00e4chte ab ca. 90mm geeignet. Der maximale Druck betr\u00e4gt 4,1bar, die maximale F\u00f6rdermenge 3.700l\/h und die maximale F\u00f6rderh\u00f6he 41m.<\/b> Bitte beachten Sie, dass der F\u00f6rderdruck bei steigender H\u00f6he entsprechend abnimmt.<\/p>\n<p>Die Tiefbrunnenpumpe f\u00f6rdert das Wasser mit hohem Druck weiter an die Abnahmestelle. Die Kabell\u00e4nge betr\u00e4gt insgesamt 15m (ca 2m Flachkabel \u00fcbergehend auf ca 13m Rundkabel). Rundkabel setzen wir ein, weil dieses einen gr\u00f6\u00dferen Querschnitt hat, als das Flachkabel und damit eine bessere Gesamtleistung der Pumpe erreicht wird (kleinerer Kabelwiderstand = bessere Pumpenleistung!)<\/p>\n<p>Dank der besonderen Bauweise f\u00f6rdert diese 3-Zoll-Brunnenpumpe wesentlich mehr Wasser als andere Pumpen mit vergleichbarem Energie-Verbrauch. <b>Daher bezeichnen wir diese Pumpe als echte ENERGIE-SPARPUMPE!<\/b><\/p>\n<p>Noch mehr <b>Energie und Kosten sparen<\/b> Sie, wenn Sie Ihre Pumpe mit einem <b>effizienten<\/b> Pumpen-Inverter erg\u00e4nzen. Unterst\u00fctzen Sie mit intelligenter Technik den <b>Klima- und Umweltschutz, sparen Sie Stromkosten und sorgen teuren Reparaturen und Wartungsarbeiten<\/b> vor. Die Inverter-Steuerung sorgt f\u00fcr besonders schonenden Pumpenbetrieb frei von Druckschl\u00e4gen.<\/p>\n<p>Bitte beachten: F\u00fcr die richtige Funktion der INVERTER-Pumpensteuerung  MUSS ein Druckausdehnungsgef\u00e4\u00df \/Drucktank mit einem Mindestvolumen von 2L in der Druckleitung in unmittelbarer N\u00e4he der Steuerung vorhanden sein. Bei unserer Zubeh\u00f6r-Auswahl k\u00f6nnen Sie f\u00fcr einen kleinen Aufpreis einen hochwertigen Drucktank (2 oder 8L) mitbestellen.<\/p>\n<\/div>\n<h3>Many good reasons why you should buy this product:<\/h3>\n<div class=\"sale_motive\">\n<ul>\n<li>Gute, leistungsstarke, solide Qualit\u00e4ts-Tiefbrunnenpumpe<\/li>\n<li>Pmax 4,1bar | Qmax 3.700L\/h | Hmax 41m<\/li>\n<li>robustes, rostfreies Edelstahlgeh\u00e4use mit Messingteilen<\/li>\n<li>hochwertig gekapselter Elektromotor<\/li>\n<li>keine Ansaugung von Bodensediment durch seitliche Ansaugung<\/li>\n<li>durch wartungs- und leckfreie mechanische Dichtung hat die Pumpe viel h\u00f6here Lebensdauer als herk\u00f6mmliche Pumpen<\/li>\n<li>Energie-Sparpumpe mit nur 250W Leistungsaufnahme<\/li>\n<\/ul>\n<\/div>","protected":false},"excerpt":{"rendered":"<p>Gute, leistungsstarke, solide Qualit\u00e4ts-Tiefbrunnenpumpe<br \/>\nPmax 4,1bar | Qmax 3.700L\/h | Hmax 41m<br \/>\n<b>Energiesparend!<\/b><\/p>","protected":false},"featured_media":32762,"comment_status":"open","ping_status":"closed","template":"","meta":[],"product_brand":[],"product_cat":[204,227,224,300,299,226],"product_tag":[],"class_list":{"0":"post-30411","1":"product","2":"type-product","3":"status-publish","4":"has-post-thumbnail","6":"product_cat-brunnenpumpen","7":"product_cat-3-brunnenpumpen-brunnenpumpen-mit-druckschalter-inverter","8":"product_cat-3-brunnenpumpen","9":"product_cat-3-zoll-brunnenpumpen","10":"product_cat-klarwasserpumpe","11":"product_cat-brunnenpumpen-mit-druckschalter-inverter","13":"first","14":"instock","15":"taxable","16":"shipping-taxable","17":"purchasable","18":"product-type-simple"},"_links":{"self":[{"href":"https:\/\/testshop.igel.wovodo.de\/en\/wp-json\/wp\/v2\/product\/30411","targetHints":{"allow":["GET"]}}],"collection":[{"href":"https:\/\/testshop.igel.wovodo.de\/en\/wp-json\/wp\/v2\/product"}],"about":[{"href":"https:\/\/testshop.igel.wovodo.de\/en\/wp-json\/wp\/v2\/types\/product"}],"replies":[{"embeddable":true,"href":"https:\/\/testshop.igel.wovodo.de\/en\/wp-json\/wp\/v2\/comments?post=30411"}],"version-history":[{"count":3,"href":"https:\/\/testshop.igel.wovodo.de\/en\/wp-json\/wp\/v2\/product\/30411\/revisions"}],"predecessor-version":[{"id":39504,"href":"https:\/\/testshop.igel.wovodo.de\/en\/wp-json\/wp\/v2\/product\/30411\/revisions\/39504"}],"wp:featuredmedia":[{"embeddable":true,"href":"https:\/\/testshop.igel.wovodo.de\/en\/wp-json\/wp\/v2\/media\/32762"}],"wp:attachment":[{"href":"https:\/\/testshop.igel.wovodo.de\/en\/wp-json\/wp\/v2\/media?parent=30411"}],"wp:term":[{"taxonomy":"product_brand","embeddable":true,"href":"https:\/\/testshop.igel.wovodo.de\/en\/wp-json\/wp\/v2\/product_brand?post=30411"},{"taxonomy":"product_cat","embeddable":true,"href":"https:\/\/testshop.igel.wovodo.de\/en\/wp-json\/wp\/v2\/product_cat?post=30411"},{"taxonomy":"product_tag","embeddable":true,"href":"https:\/\/testshop.igel.wovodo.de\/en\/wp-json\/wp\/v2\/product_tag?post=30411"}],"curies":[{"name":"wp","href":"https:\/\/api.w.org\/{rel}","templated":true}]}}