{"id":30435,"date":"2024-10-31T14:09:31","date_gmt":"2024-10-31T13:09:31","guid":{"rendered":"https:\/\/testshop.igel.wovodo.de\/product\/dieselpumpe-diesel-star-160-1-4-12v-pumpe-mit-vorfilter-und-2-stck-tuellen\/"},"modified":"2025-01-27T12:32:59","modified_gmt":"2025-01-27T11:32:59","slug":"dieselpumpe-diesel-star-160-1-4-12v-pumpe-mit-vorfilter-und-2-stck-tuellen","status":"publish","type":"product","link":"https:\/\/testshop.igel.wovodo.de\/en\/product\/dieselpumpe-diesel-star-160-1-4-12v-pumpe-mit-vorfilter-und-2-stck-tuellen\/","title":{"rendered":"Dieselpumpe Diesel-Star 160-1-4 &#8211; 12V Pumpe mit Vorfilter und 2 Stck T\u00fcllen"},"content":{"rendered":"<div class=\"sale_application\">\n<ul>\n<li>Filling, pumping, decanting, emptying diesel and heating oil tanks<\/li>\n<li>with terminals for connection to 12V batteries<\/li>\n<\/ul>\n<\/div>\n<div class=\"sale_description\">\n<p>The DIESEL STAR 160 is an electric 12-volt diesel pump. The powerful diesel pump can be easily connected to a 12 V battery anywhere using the clamps supplied. This makes refueling fun and keeps it clean!<\/p>\n<p>The 12V diesel pump is self-priming after initial filling\/venting. The maximum delivery rate of the 12-volt diesel pump is 2400 l\/h, the maximum delivery head is 10 m and the maximum delivery pressure is 1.2 bar. Please note: The delivery rate decreases accordingly as the delivery head increases.<\/p>\n<p>The insulating plastic housing of the 12-volt diesel pump ensures safe handling. The on\/off switch has a safety device.<\/p>\n<p>All pumps are individually tested for function. Residues of the test fluid may therefore be present in the pump \/ packaging.<\/p>\n<p>Die Pumpen und die Saugleitung sind bei der Inbetriebnahme blasenfrei mit Diesel zu bef\u00fcllen. Das R\u00fcckschlagventil <b>(NICHT im Lieferumfang enthalten)<\/b> muss unbedingt am Ende der Saugleitung montiert und dicht sein.<\/p>\n<p>With this offer, you can also order the right accessories for the diesel pumps and save on freight costs!<\/p>\n<p>ACHTUNG: Bei l\u00e4ngeren Einschaltzeiten von max. 30 Minuten bei 20\u00b0C kann die Motortemperatur steigen und den Motor besch\u00e4digen. Nach 30-min\u00fctiger Nutzung muss das Ger\u00e4t ausgeschaltet werden und 30 Minuten lange Abk\u00fchlen. Bei h\u00f6heren Temperaturen reduziert sich die Betriebsdauer entsprechend.<\/p>\n<\/p>\n<div class=\"embed-responsive embed-responsive-16by9\">\n<iframe src=\"https:\/\/www.youtube-nocookie.com\/embed\/ZJhnuGgvZqM?rel=0\" title=\"YouTube video player\" allow=\"accelerometer; autoplay; clipboard-write; encrypted-media; gyroscope; picture-in-picture\" allowfullscreen=\"\" width=\"560\" height=\"315\" frameborder=\"0\"><\/iframe>\n<\/div>\n<div class=\"embed-responsive embed-responsive-16by9\">\n<iframe src=\"https:\/\/www.youtube-nocookie.com\/embed\/ZJhnuGgvZqM?rel=0\" title=\"YouTube video player\" allow=\"accelerometer; autoplay; clipboard-write; encrypted-media; gyroscope; picture-in-picture\" allowfullscreen=\"\" width=\"560\" height=\"315\" frameborder=\"0\"><\/iframe>\n<\/div>\n<\/div>\n<h3>Many good reasons why you should buy this product:<\/h3>\n<div class=\"sale_motive\">\n<ul>\n<li>saugstark<\/li>\n<li>ideal f\u00fcr den mobilen Einsatz<\/li>\n<li>bew\u00e4hrte Qualit\u00e4t<\/li>\n<li>Max. flow rate 2,400 l\/h<\/li>\n<li>sichere Handhabung durch isolierendes Kunststoff-Geh\u00e4use<\/li>\n<li>\"On\" and \"Off\" switch with safety device<\/li>\n<\/ul>\n<\/div>","protected":false},"excerpt":{"rendered":"<p>Dieselpumpe mit 2 T\u00fcllen und mit Klemmen zum Anschluss an 12-Volt-Batterie<br \/>\n  max. flow rate 2400 l\/ h | max. delivery head 10 m | max. delivery pressure 1.2 bar<\/p>\n<p>New! With a further selection of accessories!<\/p>","protected":false},"featured_media":37788,"comment_status":"open","ping_status":"closed","template":"","meta":[],"product_brand":[],"product_cat":[324,287],"product_tag":[],"class_list":{"0":"post-30435","1":"product","2":"type-product","3":"status-publish","4":"has-post-thumbnail","6":"product_cat-12v-pumpen","7":"product_cat-diesel-pumpen","9":"first","10":"instock","11":"taxable","12":"shipping-taxable","13":"purchasable","14":"product-type-simple"},"_links":{"self":[{"href":"https:\/\/testshop.igel.wovodo.de\/en\/wp-json\/wp\/v2\/product\/30435","targetHints":{"allow":["GET"]}}],"collection":[{"href":"https:\/\/testshop.igel.wovodo.de\/en\/wp-json\/wp\/v2\/product"}],"about":[{"href":"https:\/\/testshop.igel.wovodo.de\/en\/wp-json\/wp\/v2\/types\/product"}],"replies":[{"embeddable":true,"href":"https:\/\/testshop.igel.wovodo.de\/en\/wp-json\/wp\/v2\/comments?post=30435"}],"version-history":[{"count":4,"href":"https:\/\/testshop.igel.wovodo.de\/en\/wp-json\/wp\/v2\/product\/30435\/revisions"}],"predecessor-version":[{"id":38525,"href":"https:\/\/testshop.igel.wovodo.de\/en\/wp-json\/wp\/v2\/product\/30435\/revisions\/38525"}],"wp:featuredmedia":[{"embeddable":true,"href":"https:\/\/testshop.igel.wovodo.de\/en\/wp-json\/wp\/v2\/media\/37788"}],"wp:attachment":[{"href":"https:\/\/testshop.igel.wovodo.de\/en\/wp-json\/wp\/v2\/media?parent=30435"}],"wp:term":[{"taxonomy":"product_brand","embeddable":true,"href":"https:\/\/testshop.igel.wovodo.de\/en\/wp-json\/wp\/v2\/product_brand?post=30435"},{"taxonomy":"product_cat","embeddable":true,"href":"https:\/\/testshop.igel.wovodo.de\/en\/wp-json\/wp\/v2\/product_cat?post=30435"},{"taxonomy":"product_tag","embeddable":true,"href":"https:\/\/testshop.igel.wovodo.de\/en\/wp-json\/wp\/v2\/product_tag?post=30435"}],"curies":[{"name":"wp","href":"https:\/\/api.w.org\/{rel}","templated":true}]}}