{"id":30451,"date":"2024-10-31T14:09:42","date_gmt":"2024-10-31T13:09:42","guid":{"rendered":"https:\/\/testshop.igel.wovodo.de\/product\/airbrushpistole-profi-airbrush-gravity-single-action-gun-2002-d-03-mit-2100-ml-koerper-selbstbraeunungslotion\/"},"modified":"2025-01-27T12:30:32","modified_gmt":"2025-01-27T11:30:32","slug":"airbrushpistole-profi-airbrush-gravity-single-action-gun-2002-d-03-mit-2100-ml-koerper-selbstbraeunungslotion","status":"publish","type":"product","link":"https:\/\/testshop.igel.wovodo.de\/en\/product\/airbrushpistole-profi-airbrush-gravity-single-action-gun-2002-d-03-mit-2100-ml-koerper-selbstbraeunungslotion\/","title":{"rendered":"Airbrushpistole Profi-AirBrush Gravity Single-Action-Gun 2002 D 0,3 mit 2*100 ml K\u00f6rper-Selbstbr\u00e4unungslotion"},"content":{"rendered":"<div class=\"sale_application\">\n<p><b>Ideal f\u00fcr Sunless Tanning, Modellbau, Illustrationen, Kosmetik, Tattoos, Textil, Modellbau, Helme, technische Abbildungen, Keramiken, T\u00f6pferwaren usw.<\/b><\/p>\n<\/p><\/div>\n<div class=\"sale_description\">\n<p>Die Airbrush-Pistole <b>Gravity Single-Action-Gun 2002 D 0,3 <\/b>ist ein Zweistoff-Zerst\u00e4uber, der nach dem Prinzip einer Strahlpumpe arbeitet, wobei Druckluft als Treibmittel verwendet wird. In Abh\u00e4ngigkeit von der St\u00e4rke des Luftstroms und der Menge der Farbe, kann man mit einer Airbushpistole feinste Linien, aber auch gro\u00dfe Fl\u00e4chen airbrushen. Man kann Farbe deckend aufspr\u00fchen, aber auch einen transparenten Farbfilm airbrushen.<\/p>\n<p>Ausgestattet mit zwei Farb-Beh\u00e4ltern mit 20ml und 40ml Fassungsverm\u00f6gen erm\u00f6glicht die Airbrush-Pistole einen schnellen Farbwechsel. Durch die beiden gro\u00dfen Farb-Beh\u00e4lter und die 0,3mm-Nadel ist die Airbrush-Pistole <b>Gravity Single-Action-Gun 2002 D 0,3 <\/b> ideal f\u00fcr kleine bis mittelgro\u00dfe Fl\u00e4chen geeignet (z.B. Airbrush Self Tanning\/ K\u00f6rper-Selbstbr\u00e4unung).<\/p>\n<p>Mit unserer <strong>Airbrush K\u00f6rper-Selbstbr\u00e4unungs-Lotion<\/strong> f\u00fcr Sunless Self Tanning mit Airbrush erhalten Sie den Zauber und den Laufsteg-Glamour aus Hollywood! Gesunde, sch\u00f6ne und nahtlose Br\u00e4une, ganz wie die Stars!<\/p>\n<p>Die Airbrush Tan Lotion wurde speziell f\u00fcr Anwendungen mit Airbrushkompressor und Airbrushpistole entwickelt.<\/p>\n<p> Unsere Selbstbr\u00e4unungs-Lotion ist einfach, sicher und effizient in der Anwendung: Im Gegensatz zur Br\u00e4une durch Sonneneinwirkung oder Solarium-Besuche gehen Sie mit unserer Selbstbr\u00e4unungslotion keine gesundheitlichen Risiken ein. Eine Anwendung ersetzt ca. 6 sch\u00e4dliche UV-Strahlen-Br\u00e4unungen im Sonnenstudio. Die Spr\u00fchbr\u00e4une pflegt Ihre Haut und l\u00e4sst sie nat\u00fcrlich braun aussehen &#8211; ohne &#8220;Orange-Effekt&#8221;, ohne &#8220;Streifenh\u00f6rncheneffekt&#8221;.<\/p>\n<p> Enth\u00e4lt 12% DHA f\u00fcr eine intensive Br\u00e4une!<\/p>\n<\/div>\n<h3>Many good reasons why you should buy this product:<\/h3>\n<div class=\"sale_motive\">\n<ul>\n<li><b>Airbrush-Set<\/b> mit Airbrushpistole und Airbrushfarbe f\u00fcr Airbrush Selbstbr\u00e4unung\n<li><b>Airbrushpistole Gravity Single-Action-Gun 2002 D0,3<\/b> mit 2 gro\u00dfen Farbbeh\u00e4ltern<\/li>\n<li>Nadel-\/D\u00fcsenst\u00e4rke 0,3 mm eignet sich perfekt f\u00fcr Airbrush Self Tanning (Airbrush Selbstbr\u00e4unung)<\/li>\n<li>Farbbeh\u00e4lter 20ml + 40ml f\u00fcr ein gro\u00dfes Fassungsverm\u00f6gen und f\u00fcr einen schnellen Farbwechsel<\/li>\n<li>zukunftsorientierte Bauweise<\/li>\n<li>formsch\u00f6nes Design<\/li>\n<li>brillantes Spritzbild<\/li>\n<li>solide Verarbeitung<\/li>\n<li>Easy handling<\/li>\n<li><b>Airbrushfarbe Selbstbr\u00e4unungslotion 2&#215;100 ml<\/b><\/li>\n<li>enth\u00e4lt 12% DHA f\u00fcr eine intensive, nahtlose, wundersch\u00f6ne Br\u00e4une ohne Sonne oder Solarium<\/li>\n<li>speziell f\u00fcr die Anwendung mit Airbrushkompressor und Airbrushpistole entwickelt<\/li>\n<li>f\u00fcr ein professionelles, gleichm\u00e4\u00dfiges Ergebnis &#8211; Ohne &#8220;Orange-Effekt&#8221;! Ohne &#8220;Streifenh\u00f6rnchen-Effekt&#8221;!\n<li>ersetzt ca. 6 Sonnenstudio-Besuche! Sofort-Br\u00e4une-Effekt auf die gesunde Art plus Pflege f\u00fcr die Haut<\/li>\n<\/ul>\n<\/div>","protected":false},"excerpt":{"rendered":"<p>Ideal f\u00fcr Sunless Tanning, Modellbau, Illustrationen, Kosmetik, Tattoos, Textil, Modellbau, Helme, technische Abbildungen, Keramiken, T\u00f6pferwaren usw. Die Airbrush-Pistole Gravity Single-Action-Gun<\/p>","protected":false},"featured_media":32918,"comment_status":"open","ping_status":"closed","template":"","meta":[],"product_brand":[],"product_cat":[397,238,213],"product_tag":[],"class_list":{"0":"post-30451","1":"product","2":"type-product","3":"status-publish","4":"has-post-thumbnail","6":"product_cat-airbrushpistolen","7":"product_cat-airbrush-tanning","8":"product_cat-airbrush-sets-mit-farben","10":"first","11":"instock","12":"taxable","13":"shipping-taxable","14":"purchasable","15":"product-type-simple"},"_links":{"self":[{"href":"https:\/\/testshop.igel.wovodo.de\/en\/wp-json\/wp\/v2\/product\/30451","targetHints":{"allow":["GET"]}}],"collection":[{"href":"https:\/\/testshop.igel.wovodo.de\/en\/wp-json\/wp\/v2\/product"}],"about":[{"href":"https:\/\/testshop.igel.wovodo.de\/en\/wp-json\/wp\/v2\/types\/product"}],"replies":[{"embeddable":true,"href":"https:\/\/testshop.igel.wovodo.de\/en\/wp-json\/wp\/v2\/comments?post=30451"}],"version-history":[{"count":1,"href":"https:\/\/testshop.igel.wovodo.de\/en\/wp-json\/wp\/v2\/product\/30451\/revisions"}],"predecessor-version":[{"id":35066,"href":"https:\/\/testshop.igel.wovodo.de\/en\/wp-json\/wp\/v2\/product\/30451\/revisions\/35066"}],"wp:featuredmedia":[{"embeddable":true,"href":"https:\/\/testshop.igel.wovodo.de\/en\/wp-json\/wp\/v2\/media\/32918"}],"wp:attachment":[{"href":"https:\/\/testshop.igel.wovodo.de\/en\/wp-json\/wp\/v2\/media?parent=30451"}],"wp:term":[{"taxonomy":"product_brand","embeddable":true,"href":"https:\/\/testshop.igel.wovodo.de\/en\/wp-json\/wp\/v2\/product_brand?post=30451"},{"taxonomy":"product_cat","embeddable":true,"href":"https:\/\/testshop.igel.wovodo.de\/en\/wp-json\/wp\/v2\/product_cat?post=30451"},{"taxonomy":"product_tag","embeddable":true,"href":"https:\/\/testshop.igel.wovodo.de\/en\/wp-json\/wp\/v2\/product_tag?post=30451"}],"curies":[{"name":"wp","href":"https:\/\/api.w.org\/{rel}","templated":true}]}}