{"id":30469,"date":"2024-10-31T14:09:51","date_gmt":"2024-10-31T13:09:51","guid":{"rendered":"https:\/\/testshop.igel.wovodo.de\/product\/230v-dieselfass-pumpe-set-2-2-power\/"},"modified":"2024-12-27T17:35:46","modified_gmt":"2024-12-27T16:35:46","slug":"230v-dieselfass-pumpe-set-2-2-power","status":"publish","type":"product","link":"https:\/\/testshop.igel.wovodo.de\/en\/product\/230v-dieselfass-pumpe-set-2-2-power\/","title":{"rendered":"230V Dieselfass-Pumpe Set 2.2 POWER"},"content":{"rendered":"<div class=\"sale_application\">\n<p>Unsere Diesel-Fass-Pumpe 230 Volt ist die ideale Umf\u00fcllpumpe f\u00fcr Diesel und Heiz\u00f6l.<\/p>\n<p><b>Bitte beachten: Die Fasspumpen sind f\u00fcr das Pumpen von Benzin, Kerosin oder anderen brennbaren Fl\u00fcssigkeiten nicht geeignet.<\/b> <\/div>\n<div class=\"sale_description\">\n<p>Kraftvolle Dieselfasspumpe 230V\/1300W &#8211; die ideale elektrische Umf\u00fcllpumpe f\u00fcr Diesel und Heiz\u00f6l. Die 230V-Fasspumpe eignet sich hervorragend zum Be- und Umf\u00fcllen von Diesel und Heiz\u00f6l aus Tanks und F\u00e4ssern. Mit unserer elektrischen Fass-Pumpe kein Problem. Das optimale Werkzeug f\u00fcr jeden Fuhrpark, KFZ-Werkst\u00e4tten, oder in der Landwirtschaft, bei Autoverwertern usw! Hiermit bef\u00fcllen Sie m\u00fchelos jegliche Art von Fahrzeugen und Maschinen.<\/p>\n<p>Diese qualitativ hochwertige Diesel-Fasspumpe mit <b>regelbarer Pumpenleistung<\/b> erleichtert Ihnen die Bedienung!<\/p>\n<p>Die Pumpe besitzt einen Drehregler im Griff, mit der Sie schnell und einfach die maximale Drehzahl begrenzen k\u00f6nnen. Ist der Regler voll aufgedreht, entfaltet die Diesel-Fasspumpe ihre volle Kraft mit maximalem Durchfluss. Ist der Drehregler runter gedreht, wird die Drehzahl und somit auch der Durchfluss der Pumpe heruntergesetzt \/ begrenzt.<br \/>\nEbenso besitzt die Pumpe seitlich am Griff einen kleinen Druckknopf, mit dem Sie den Hauptschalter mit Drehregler arretieren, also feststellen, k\u00f6nnen. Ist die Arretierung eingerastet pumpt die Diesel-Fass-Pumpe solange weiter, bis Sie die Arretierung durch Dr\u00fccken des Hauptschalter mit Drehregler wieder l\u00f6sen.\n<\/p>\n<p><b>Bitte beachten: Die Fasspumpen sind f\u00fcr das Pumpen von Benzin, Kerosin oder anderen brennbaren Fl\u00fcssigkeiten nicht geeignet.<\/b><\/p>\n<div class=\"embed-responsive embed-responsive-16by9\">\n<iframe src=\"https:\/\/www.youtube-nocookie.com\/embed\/X52uE7NCUqU\" title=\"YouTube video player\" allow=\"accelerometer; autoplay; clipboard-write; encrypted-media; gyroscope; picture-in-picture\" allowfullscreen=\"\" width=\"560\" height=\"315\" frameborder=\"0\"><\/iframe>\n<\/div>\n<\/div>\n<h3>Many good reasons why you should buy this product:<\/h3>\n<div class=\"sale_motive\">\n<ul>\n<li>1300 Watt-Powerpumpe<\/li>\n<li><b>Regelbare Pumpenleistung!<\/b><br \/>\nf\u00fcr Drehzahl-\/Durchflussbegrenzung<\/li>\n<li>Ideal als Umf\u00fcllpumpe<\/li>\n<li>Geeignet f\u00fcr Diesel &amp; Heiz\u00f6l<\/li>\n<li>Bis zu 75 Liter pro Minute. <b>Fast filling!<\/b><\/li>\n<li>Robuste, bew\u00e4hrte Qualit\u00e4t<\/li>\n<\/ul>\n<\/div>","protected":false},"excerpt":{"rendered":"<p>230-volt\/1300W barrel pump for diesel and heating oil<br \/>\nmit T\u00fclle und ca. 90 cm langem Ansaugrohr<\/p>\n<p><b>Fast filling!<\/b><br \/>\n<b>Kraftvolle 1300-Watt-Umf\u00fcllpumpe f\u00fcr Diesel und Heiz\u00f6l!<\/b><\/p>","protected":false},"featured_media":32999,"comment_status":"open","ping_status":"closed","template":"","meta":[],"product_brand":[],"product_cat":[287],"product_tag":[],"class_list":{"0":"post-30469","1":"product","2":"type-product","3":"status-publish","4":"has-post-thumbnail","6":"product_cat-diesel-pumpen","8":"first","9":"instock","10":"taxable","11":"shipping-taxable","12":"purchasable","13":"product-type-simple"},"_links":{"self":[{"href":"https:\/\/testshop.igel.wovodo.de\/en\/wp-json\/wp\/v2\/product\/30469","targetHints":{"allow":["GET"]}}],"collection":[{"href":"https:\/\/testshop.igel.wovodo.de\/en\/wp-json\/wp\/v2\/product"}],"about":[{"href":"https:\/\/testshop.igel.wovodo.de\/en\/wp-json\/wp\/v2\/types\/product"}],"replies":[{"embeddable":true,"href":"https:\/\/testshop.igel.wovodo.de\/en\/wp-json\/wp\/v2\/comments?post=30469"}],"version-history":[{"count":1,"href":"https:\/\/testshop.igel.wovodo.de\/en\/wp-json\/wp\/v2\/product\/30469\/revisions"}],"predecessor-version":[{"id":35083,"href":"https:\/\/testshop.igel.wovodo.de\/en\/wp-json\/wp\/v2\/product\/30469\/revisions\/35083"}],"wp:featuredmedia":[{"embeddable":true,"href":"https:\/\/testshop.igel.wovodo.de\/en\/wp-json\/wp\/v2\/media\/32999"}],"wp:attachment":[{"href":"https:\/\/testshop.igel.wovodo.de\/en\/wp-json\/wp\/v2\/media?parent=30469"}],"wp:term":[{"taxonomy":"product_brand","embeddable":true,"href":"https:\/\/testshop.igel.wovodo.de\/en\/wp-json\/wp\/v2\/product_brand?post=30469"},{"taxonomy":"product_cat","embeddable":true,"href":"https:\/\/testshop.igel.wovodo.de\/en\/wp-json\/wp\/v2\/product_cat?post=30469"},{"taxonomy":"product_tag","embeddable":true,"href":"https:\/\/testshop.igel.wovodo.de\/en\/wp-json\/wp\/v2\/product_tag?post=30469"}],"curies":[{"name":"wp","href":"https:\/\/api.w.org\/{rel}","templated":true}]}}