{"id":30511,"date":"2024-10-31T14:10:18","date_gmt":"2024-10-31T13:10:18","guid":{"rendered":"https:\/\/testshop.igel.wovodo.de\/product\/profi-airbrush-carry-iv-tc-schwarz-und-fancy-tattoo-airbrush-set\/"},"modified":"2025-01-27T12:30:51","modified_gmt":"2025-01-27T11:30:51","slug":"profi-airbrush-carry-iv-tc-schwarz-und-fancy-tattoo-airbrush-set","status":"publish","type":"product","link":"https:\/\/testshop.igel.wovodo.de\/en\/product\/profi-airbrush-carry-iv-tc-schwarz-und-fancy-tattoo-airbrush-set\/","title":{"rendered":"Profi-AirBrush Carry IV-TC schwarz und Fancy Tattoo Airbrush Set"},"content":{"rendered":"<div class=\"sale_application\">\n<b><\/p>\n<p>Ideal for cosmetics &amp; beauty (airbrush nail art, makeup, hair coloring, hair care, spray tanning), body art (body painting, tattoo, mask design), hobby (flowers\/ flower arrangements, model making, ceramics\/ pottery, textiles), small car designs (gas caps\/ helmets), technical illustrations\/ photo touch-ups and food decoration (cakes\/ cupcakes). The possibilities for airbrushing are practically unlimited.<\/p>\n<p><\/b> <\/div>\n<div class=\"sale_description\">\n<p>Der \u00f6l- und wartungsfreie <b>Mini-Airbrush-Kompressor Carry IV-TC <\/b>ist mit einer innovativen <b>Sensor-Touch-Control-Technologie<\/b> and <b>5 Power-Stufen<\/b> ausgestattet. Carry IV ist f\u00fcr alle Arbeiten mit handels\u00fcblichen Airbrush Farben geeignet. Mit nur 47dB erm\u00f6glicht der Mini-Kompressor angenehmes Arbeiten auch in kleineren, geschlossenen R\u00e4umen (bitte f\u00fcr eine Farbnebelabsaugung sorgen). Sein kompaktes Design, geringes Gewicht und die mitgelieferte Universal-Airbrush-Pistole erleichtern den mobilen Einsatz. Dieser kompakte Kompressor ist perfekt geeignet, um kleinere Arbeiten unterwegs zu erledigen. M\u00f6gliche Anwendungsgebiete neben Nail-Art: Kosmetik &amp; Beauty (Makeup, Haart\u00f6nung, Haarpflege, Spray Tanning), K\u00f6rper-Kunst (Body-Painting, Tattoo, Maskengestaltung), Hobby (Blumen\/ Gestecke, Modellbau, Keramik\/ Tonwaren, Textilien), kleinere Kfz-Designs (Tankdeckel\/ Helme), technische Illustrationen\/ Fotonachbesserungen und die Dekoration von Lebensmitteln (Torten\/ Cupcakes). Es stehen Ihnen praktisch unbegrenzte M\u00f6glichkeiten f\u00fcr Airbrushing zur Verf\u00fcgung.<\/p>\n<p>Die Airbrush-Pistole <b>&#8220;Single-Action-Gun 208 D 0,4&#8221;<\/b> ist ein Zweistoff-Zerst\u00e4uber, der nach dem Prinzip einer Strahlpumpe arbeitet, wobei Druckluft als Treibmittel verwendet wird. In Abh\u00e4ngigkeit von der St\u00e4rke des Luftstroms und der Menge der Farbe, kann man mit einer Airbushpistole feinste Linien aber auch gro\u00dfe Fl\u00e4chen malen. Man kann Farbe deckend aufspr\u00fchen aber auch einen transparenten Farbfilm airbrushen.<\/p>\n<p>Mit dem &#8220;4er Set Airbrush Universalfarben&#8221; erhalten Sie 4 Airbrush-Grundfarben f\u00fcr die Erstellung von z.B. professionellen Airbrush-Tattoos &#8211; lassen Sie Ihrer Kreativit\u00e4t freien Lauf!<\/p>\n<p>Vor dem Einsatz von selbst angemischten Farben in Airbrush-Pistolen bitte pr\u00fcfen, ob die Farben miteinader mischbar sind. Sind unerw\u00fcnschte Reaktionen (z.B Verklumpung) feststellbar, ist vom Einsatz in Airbrush abzusehen.<\/p>\n<p>\n<b>Note on product shelf life:<\/b> The indication of a best-before date is required by law. The shelf life of our airbrush paints is at least ten years. We assure you that the use of the paints - even after the best-before date has expired - is completely safe for the recommended purpose for years to come. The oldest completely intact paint we have kept for durability testing purposes is around 5 years old.<\/p>\n<p>Mit dem &#8220;Airbrush Tattoo Schablonen 6er Set&#8221; erhalten Sie 6Stck. selbstklebende Schablonen (je Schablone ein Motiv) mit trendigen Tattoo-Motiv-Vorlagen (Stern, Sonne, Rose, Drache, Herzen, Schmetterling) f\u00fcr die Erstellung von professionellen Airbrush-Tattoos &#8211; lassen Sie Ihrer Kreativit\u00e4t freien Lauf!<\/p>\n<\/div>\n<h3>Many good reasons why you should buy this product:<\/h3>\n<div class=\"sale_motive\">\n<ul>\n<li><strong>vielf\u00e4ltige Einsatzgebiete mit Standard-Anforderungen<\/strong><\/li>\n<li><strong>innovative Sensor-Touch-Control-Technologie<\/strong><\/li>\n<li><strong>in 5 Power-Stufen leicht regelbare Kompressorleistung<\/strong><\/li>\n<li>Ideal for mobile use<\/li>\n<li>Transportable and quickly ready for use<\/li>\n<li>Single-Action Trigger Air-Paint-Control-Pistole<\/li>\n<li>\u00d6l- und wartungsfreier Kompressor<\/li>\n<li>Kompressor-Anschluss: T\u00fclle f\u00fcr Standardschlauch (passend f\u00fcr alle g\u00e4ngigen Airbrushpistolen)<\/li>\n<li><strong>fl\u00fcsterleiser Betrieb ca. 47dB <\/strong>(Zum Vergleich: ein normales Gespr\u00e4ch in 1m Abstand = 60dB)<\/li>\n<\/ul>\n<ul>\n<li>Simple and safe to use<\/li>\n<li><strong>ergiebige, leuchtstarke Farben<\/strong><\/li>\n<li>auch f\u00fcr Einsteiger geeignet, dank der mitgelieferten Schablonen<\/li>\n<li>Airbrush-Tattoofarbe auf Alkoholbasis<\/li>\n<\/ul>\n<ul>\n<li>einfach in der Anwendung<\/li>\n<li><strong>trendige Motive &#8211; auch f\u00fcr Einsteiger<\/strong><\/li>\n<\/ul>\n<\/div>","protected":false},"excerpt":{"rendered":"<p>mini Airbrush Kompressor Set, ideal f\u00fcr Makeup, Kosmetik, Body-Painting, Body Art, Spray Tanning!<\/p>","protected":false},"featured_media":36911,"comment_status":"open","ping_status":"closed","template":"","meta":[],"product_brand":[],"product_cat":[213],"product_tag":[],"class_list":{"0":"post-30511","1":"product","2":"type-product","3":"status-publish","4":"has-post-thumbnail","6":"product_cat-airbrush-sets-mit-farben","8":"first","9":"instock","10":"taxable","11":"shipping-taxable","12":"purchasable","13":"product-type-simple"},"_links":{"self":[{"href":"https:\/\/testshop.igel.wovodo.de\/en\/wp-json\/wp\/v2\/product\/30511","targetHints":{"allow":["GET"]}}],"collection":[{"href":"https:\/\/testshop.igel.wovodo.de\/en\/wp-json\/wp\/v2\/product"}],"about":[{"href":"https:\/\/testshop.igel.wovodo.de\/en\/wp-json\/wp\/v2\/types\/product"}],"replies":[{"embeddable":true,"href":"https:\/\/testshop.igel.wovodo.de\/en\/wp-json\/wp\/v2\/comments?post=30511"}],"version-history":[{"count":1,"href":"https:\/\/testshop.igel.wovodo.de\/en\/wp-json\/wp\/v2\/product\/30511\/revisions"}],"predecessor-version":[{"id":35125,"href":"https:\/\/testshop.igel.wovodo.de\/en\/wp-json\/wp\/v2\/product\/30511\/revisions\/35125"}],"wp:featuredmedia":[{"embeddable":true,"href":"https:\/\/testshop.igel.wovodo.de\/en\/wp-json\/wp\/v2\/media\/36911"}],"wp:attachment":[{"href":"https:\/\/testshop.igel.wovodo.de\/en\/wp-json\/wp\/v2\/media?parent=30511"}],"wp:term":[{"taxonomy":"product_brand","embeddable":true,"href":"https:\/\/testshop.igel.wovodo.de\/en\/wp-json\/wp\/v2\/product_brand?post=30511"},{"taxonomy":"product_cat","embeddable":true,"href":"https:\/\/testshop.igel.wovodo.de\/en\/wp-json\/wp\/v2\/product_cat?post=30511"},{"taxonomy":"product_tag","embeddable":true,"href":"https:\/\/testshop.igel.wovodo.de\/en\/wp-json\/wp\/v2\/product_tag?post=30511"}],"curies":[{"name":"wp","href":"https:\/\/api.w.org\/{rel}","templated":true}]}}