{"id":30520,"date":"2024-10-31T14:10:23","date_gmt":"2024-10-31T13:10:23","guid":{"rendered":"https:\/\/testshop.igel.wovodo.de\/product\/230v-gartenbrunnen-maerchenwald-mit-led-licht\/"},"modified":"2025-01-27T12:30:54","modified_gmt":"2025-01-27T11:30:54","slug":"230v-gartenbrunnen-maerchenwald-mit-led-licht","status":"publish","type":"product","link":"https:\/\/testshop.igel.wovodo.de\/en\/product\/230v-gartenbrunnen-maerchenwald-mit-led-licht\/","title":{"rendered":"230V &#8211; Gartenbrunnen M\u00c4RCHENWALD mit LED-Licht"},"content":{"rendered":"<div class=\"sale_application\">\n<ul>\n<li>LED-Gartenbrunnen f\u00fcr den Innen- und Au\u00dfenbereich mit 230\/12V-Netzadapter<\/li>\n<\/ul><\/div>\n<div class=\"sale_description\">\n<p><strong>Dekorativ &amp; Wohltuend<\/strong><\/p>\n<p>Der Gartenbrunnen &#8220;M\u00c4RCHENWALD&#8221; ist f\u00fcr den Innen- und Au\u00dfenbereich geeignet. Betrieben wird der stilvolle Gartenbrunnen mit einem 230\/12-Volt Netzadapter. Mit der naturgetreuen Moosdekoration sorgt der Indoor- und Outdoor-Wasserbrunnen f\u00fcr eine naturnahe Atmosph\u00e4re und Entspannung. Das Lebenselexier Wasser belebt Wohnzimmer, Esszimmer, Flure und Eingangsbereiche, Winterg\u00e4rten oder Balkone, Terrassen und G\u00e4rten im privaten wie gewerblichen Umfeld.<\/p>\n<p><strong>Steckfertiges Komplett-Set<\/strong><\/p>\n<p>Der Zimmer- und Gartenbrunnen kommt als Komplett-Set und l\u00e4sst sich leicht instandsetzen.<\/p>\n<p><strong>Perfekter Blickfang<\/strong><\/p>\n<p>Der Gartenbrunnen ist sowohl bei Tag als auch bei Nacht der perfekte Blickfang. Die mitgelieferte LED-Beleuchtung sorgt f\u00fcr die perfekte Illumination. Die LED-Lichter des austauschbaren LED-Rings erstrahlen in einem warmen Wei\u00df.<\/p>\n<p><strong>Werthaltig, best\u00e4ndig &amp; betriebssicher<\/strong><\/p>\n<p>Der rustikale Zierbrunnen <b>&#8220;M\u00c4RCHENWALD&#8221;<\/b> ist f\u00fcr den 230-Volt-Betrieb vorgesehen. Die Pumpe und die LEDs werden mit sicherer 12V-Niederspannung betrieben (Adapter im Lieferumfang enthalten). Alle Kabelverbindungen sind verpolungssicher, wasserdicht, absolut funktionssicher. Dank praktischer Steckverbindungen sind alle Komponenten jederzeit austauschbar. So k\u00f6nnen Sie den Wasserbrunnen <b>&#8220;M\u00c4RCHENWALD&#8221;<\/b> und das flie\u00dfende Wasser jahrelang genie\u00dfen!<\/p>\n<p class=\"embed-responsive embed-responsive-16by9\"><iframe width=\"560\" height=\"315\" src=\"https:\/\/www.youtube.com\/embed\/pnBgdzrGCqw?si=EdTsK7jo7_43IdBX&#038;rel=0\" title=\"YouTube video player\" frameborder=\"0\" allow=\"accelerometer; autoplay; clipboard-write; encrypted-media; gyroscope; picture-in-picture; web-share\" allowfullscreen=\"\"><\/iframe><\/p>\n<p><b>Note:<\/b> Frost kann zu Sch\u00e4den am Gartenbrunnen und der Pumpe f\u00fchren. Bei Frostgefahr muss der <b>Gartenbrunnen und die Pumpe entleert werden<\/b>, mit klarem Wasser gesp\u00fclt und trocken eingelagert werden. Dann haben Sie sehr lange Freude daran!<\/p>\n<\/div>\n<h3>Many good reasons why you should buy this product:<\/h3>\n<div class=\"sale_motive\">\n<ul>\n<li>Zeitloser Kaskadenbrunnen in romantisch-rustikalem Design<\/li>\n<li>Steckfertig, sofort einsatzbereit<\/li>\n<li>Indoor- und Outdoor-Brunnen<\/li>\n<li>wirkt belebend auf die Sinne &amp; verbessert die Luftqualit\u00e4t<\/li>\n<li>naturgetreue Optik<\/li>\n<li>dekorativ und n\u00fctzlich<\/li>\n<li>optimal auch f\u00fcr kleine Fl\u00e4chen<\/li>\n<li>Day and night operation<\/li>\n<li>Mit 230V\/12V-Anschluss, 7 Watt Pumpe, LED-Ring in warmem Wei\u00df<\/li>\n<\/ul>\n<p style=\"font-size:11px;\"><b>Legal notice:<\/b> Our products are individually colored by hand, so color deviations cannot be avoided. Furthermore, due to the lighting conditions during product photography and different screen settings, the color of the product may not be reproduced authentically and is therefore not a reason for complaint.<\/p>\n<\/div>","protected":false},"excerpt":{"rendered":"<p>Gartenbrunnen M\u00c4RCHENWALD mit austauschbarem LED-Ringen (3*1)<br \/>\n  und naturgetreuer Moosdekoration<\/p>","protected":false},"featured_media":39514,"comment_status":"open","ping_status":"closed","template":"","meta":[],"product_brand":[],"product_cat":[318,358,254,319,404,178],"product_tag":[],"class_list":{"0":"post-30520","1":"product","2":"type-product","3":"status-publish","4":"has-post-thumbnail","6":"product_cat-gartenbrunnen","7":"product_cat-holzoptik","8":"product_cat-brunnen-mit-230-v-betrieb","9":"product_cat-zimmerbrunnen","10":"product_cat-maerchenhafte-wurzeln","11":"product_cat-garten-u-zimmer-brunnen","13":"first","14":"instock","15":"sale","16":"taxable","17":"shipping-taxable","18":"purchasable","19":"product-type-simple"},"_links":{"self":[{"href":"https:\/\/testshop.igel.wovodo.de\/en\/wp-json\/wp\/v2\/product\/30520","targetHints":{"allow":["GET"]}}],"collection":[{"href":"https:\/\/testshop.igel.wovodo.de\/en\/wp-json\/wp\/v2\/product"}],"about":[{"href":"https:\/\/testshop.igel.wovodo.de\/en\/wp-json\/wp\/v2\/types\/product"}],"replies":[{"embeddable":true,"href":"https:\/\/testshop.igel.wovodo.de\/en\/wp-json\/wp\/v2\/comments?post=30520"}],"version-history":[{"count":4,"href":"https:\/\/testshop.igel.wovodo.de\/en\/wp-json\/wp\/v2\/product\/30520\/revisions"}],"predecessor-version":[{"id":38737,"href":"https:\/\/testshop.igel.wovodo.de\/en\/wp-json\/wp\/v2\/product\/30520\/revisions\/38737"}],"wp:featuredmedia":[{"embeddable":true,"href":"https:\/\/testshop.igel.wovodo.de\/en\/wp-json\/wp\/v2\/media\/39514"}],"wp:attachment":[{"href":"https:\/\/testshop.igel.wovodo.de\/en\/wp-json\/wp\/v2\/media?parent=30520"}],"wp:term":[{"taxonomy":"product_brand","embeddable":true,"href":"https:\/\/testshop.igel.wovodo.de\/en\/wp-json\/wp\/v2\/product_brand?post=30520"},{"taxonomy":"product_cat","embeddable":true,"href":"https:\/\/testshop.igel.wovodo.de\/en\/wp-json\/wp\/v2\/product_cat?post=30520"},{"taxonomy":"product_tag","embeddable":true,"href":"https:\/\/testshop.igel.wovodo.de\/en\/wp-json\/wp\/v2\/product_tag?post=30520"}],"curies":[{"name":"wp","href":"https:\/\/api.w.org\/{rel}","templated":true}]}}