{"id":30532,"date":"2024-10-31T14:10:30","date_gmt":"2024-10-31T13:10:30","guid":{"rendered":"https:\/\/testshop.igel.wovodo.de\/product\/230v-gartenbrunnen-wasserspiel-liebes-brunnen-mit-led-licht\/"},"modified":"2025-01-27T12:30:57","modified_gmt":"2025-01-27T11:30:57","slug":"230v-gartenbrunnen-wasserspiel-liebes-brunnen-mit-led-licht","status":"publish","type":"product","link":"https:\/\/testshop.igel.wovodo.de\/en\/product\/230v-gartenbrunnen-wasserspiel-liebes-brunnen-mit-led-licht\/","title":{"rendered":"230V - Garden fountain &amp; water feature \"LIEBES-BRUNNEN\" with LED light"},"content":{"rendered":"<div class=\"sale_application\">\n<ul>\n<li>Dekorativer Wasserbrunnen f\u00fcr den Innen- und Au\u00dfenbereich mit 230\/12V-Netzadapter<\/li>\n<\/ul><\/div>\n<div class=\"sale_description\">\n<p><b>Dekorativ &amp; Wohltuend<\/b><\/p>\n<p>The <b>230V - Garden fountain &amp; water feature \"LIEBES-BRUNNEN\" with LED light<\/b> ist f\u00fcr den Innen- und Au\u00dfenbereich geeignet. Betrieben wird der Garten- und Zimmerbrunnen mit einem 230\/12-Volt Netzadapter. Der Brunnen mit dem aufwendigen, au\u00dfergew\u00f6hnlichen Design zaubert eine tolle Atmosph\u00e4re und ist ein echter Hingucker. Das Lebenselixier Wasser belebt Wohnzimmer, Esszimmer, Flure und Eingangsbereiche, Winterg\u00e4rten oder Balkone, Terrassen und G\u00e4rten im privaten wie gewerblichen Umfeld.<\/p>\n<p>Der 230V &#8211; Gartenbrunnen &amp; Wasserspiel &#8220;LIEBES-BRUNNEN&#8221; mit LED-Licht wertet jede Umgebung auf. Flie\u00dfendes Wasser wirkt sich positiv auf die Stimmung aus und liefert ein angenehmes Mikroklima an hei\u00dfen Sommertagen.<\/p>\n<p><b>Werthaltig &amp; betriebssicher<\/b><\/p>\n<p>Der Zierbrunnen &#8220;LIEBES-BRUNNEN&#8221; ist f\u00fcr den 230-Volt-Betrieb vorgesehen. Die Pumpe wird mit sicherer 12V-Niederspannung betrieben (Adapter im Lieferumfang enthalten). Alle Kabelverbindungen sind verpolungssicher und wasserdicht. Der Aufbau geht einfach und schnell.<\/p>\n<p>S\u00e4mtliche Komponenten sind absolut funktionssicher, langlebig und dank praktischer Steckverbindungen jederzeit austauschbar. So k\u00f6nnen Sie den Wasserbrunnen &#8220;LIEBES-BRUNNEN&#8221; und das flie\u00dfende Wasser jahrelang genie\u00dfen!<\/p>\n<div class=\"embed-responsive embed-responsive-16by9\">\n<p class=\"embed-responsive embed-responsive-16by9\"><iframe src=\"https:\/\/www.youtube-nocookie.com\/embed\/DL8gZcGu6-o?rel=0\" title=\"YouTube video player\" allow=\"accelerometer; autoplay; clipboard-write; encrypted-media; gyroscope; picture-in-picture\" allowfullscreen=\"\" width=\"560\" height=\"315\" frameborder=\"0\"><\/iframe><\/p>\n<\/div>\n<p style=\"font-size:11px;\"><b>Legal notice:<\/b> Our products are individually colored by hand, so color deviations cannot be avoided. Furthermore, due to the lighting conditions during product photography and different screen settings, the color of the product may not be reproduced authentically and is therefore not a reason for complaint.<\/p>\n<\/p>\n<p><b>Note:<\/b> Frost kann zu Sch\u00e4den am Gartenbrunnen und der Pumpe f\u00fchren. Bei Frostgefahr muss der <b>Gartenbrunnen und die Pumpe entleert werden<\/b>, mit klarem Wasser gesp\u00fclt und trocken eingelagert werden. Dann haben Sie sehr lange Freude daran!<\/p>\n<\/p><\/div>\n<h3>Many good reasons why you should buy this product:<\/h3>\n<div class=\"sale_motive\">\n<ul>\n<li>steckfertiger, sofort einsatzbereiter Gartenbrunnen &#8220;LIEBES-BRUNNEN&#8221;<\/li>\n<li>Ein echter Hingucker: verspielt-k\u00fcnstlerische Strukturen zieren Schale und Sockel<\/li>\n<li>wirkt belebend auf die Sinne<\/li>\n<li>verbessert die Luftqualit\u00e4t<\/li>\n<li>dekorativ und n\u00fctzlich<\/li>\n<li>Indoor- und Outdoor-Gartenbrunnen<\/li>\n<li>Mit 230V\/12V-Anschluss<\/li>\n<\/ul>\n<\/div>","protected":false},"excerpt":{"rendered":"<p>Ein echter Hingucker: verspielt-k\u00fcnstlerische Strukturen zieren Schale und Sockel<br \/>F\u00fcr den 230-Volt-Betrieb<\/p>","protected":false},"featured_media":37689,"comment_status":"open","ping_status":"closed","template":"","meta":[],"product_brand":[],"product_cat":[318,254,319],"product_tag":[],"class_list":{"0":"post-30532","1":"product","2":"type-product","3":"status-publish","4":"has-post-thumbnail","6":"product_cat-gartenbrunnen","7":"product_cat-brunnen-mit-230-v-betrieb","8":"product_cat-zimmerbrunnen","10":"first","11":"instock","12":"sale","13":"taxable","14":"shipping-taxable","15":"purchasable","16":"product-type-simple"},"_links":{"self":[{"href":"https:\/\/testshop.igel.wovodo.de\/en\/wp-json\/wp\/v2\/product\/30532","targetHints":{"allow":["GET"]}}],"collection":[{"href":"https:\/\/testshop.igel.wovodo.de\/en\/wp-json\/wp\/v2\/product"}],"about":[{"href":"https:\/\/testshop.igel.wovodo.de\/en\/wp-json\/wp\/v2\/types\/product"}],"replies":[{"embeddable":true,"href":"https:\/\/testshop.igel.wovodo.de\/en\/wp-json\/wp\/v2\/comments?post=30532"}],"version-history":[{"count":4,"href":"https:\/\/testshop.igel.wovodo.de\/en\/wp-json\/wp\/v2\/product\/30532\/revisions"}],"predecessor-version":[{"id":38738,"href":"https:\/\/testshop.igel.wovodo.de\/en\/wp-json\/wp\/v2\/product\/30532\/revisions\/38738"}],"wp:featuredmedia":[{"embeddable":true,"href":"https:\/\/testshop.igel.wovodo.de\/en\/wp-json\/wp\/v2\/media\/37689"}],"wp:attachment":[{"href":"https:\/\/testshop.igel.wovodo.de\/en\/wp-json\/wp\/v2\/media?parent=30532"}],"wp:term":[{"taxonomy":"product_brand","embeddable":true,"href":"https:\/\/testshop.igel.wovodo.de\/en\/wp-json\/wp\/v2\/product_brand?post=30532"},{"taxonomy":"product_cat","embeddable":true,"href":"https:\/\/testshop.igel.wovodo.de\/en\/wp-json\/wp\/v2\/product_cat?post=30532"},{"taxonomy":"product_tag","embeddable":true,"href":"https:\/\/testshop.igel.wovodo.de\/en\/wp-json\/wp\/v2\/product_tag?post=30532"}],"curies":[{"name":"wp","href":"https:\/\/api.w.org\/{rel}","templated":true}]}}