{"id":30538,"date":"2024-10-31T14:10:33","date_gmt":"2024-10-31T13:10:33","guid":{"rendered":"https:\/\/testshop.igel.wovodo.de\/product\/bachlauf-quellbach-ii-sandstein-3-teilig-mit-4-rgb-led-licht-230v-solar-modul\/"},"modified":"2025-01-27T12:30:58","modified_gmt":"2025-01-27T11:30:58","slug":"bachlauf-quellbach-ii-sandstein-3-teilig-mit-4-rgb-led-licht-230v-solar-modul","status":"publish","type":"product","link":"https:\/\/testshop.igel.wovodo.de\/en\/product\/bachlauf-quellbach-ii-sandstein-3-teilig-mit-4-rgb-led-licht-230v-solar-modul\/","title":{"rendered":"Bachlauf QUELLBACH II sandstein, 3-teilig mit 4 RGB LED-Licht-230V \/ Solar-Modul"},"content":{"rendered":"<div class=\"sale_application\">\n<ul>\n<li>3-tlg. Kaskaden-Gartenbrunnen-Set zur effektvollen Bachlauf-Gestaltung<\/li>\n<\/ul><\/div>\n<div class=\"sale_description\">\n<p><b>Dekorativ &amp; Wohltuend<\/b><\/p>\n<p>Der naturgetreue Bachlauf in Naturstein-Optik wertet jeden Garten auf und sorgt f\u00fcr eine tolle Atmosph\u00e4re und Entspannung. Flie\u00dfendes Wasser wirkt sich positiv auf die Stimmung aus und liefert ein angenehmes Mikroklima an hei\u00dfen Sommertagen. Der Kaskaden-Brunnen mit effektvoller LED-Beleuchtung (RGB-Farbwechsel) ist bei Tag und Nacht der perfekte Blickfang.<\/p>\n<p><b>Individuelle Bachlauf-Gestaltung<\/b><\/p>\n<p>Der 3-teilige Gartenbrunnen Bachlauf QUELLBACH II besteht aus einer Schale mit Pumpenanschluss (obere Schale) und zwei gro\u00dfen Erweiterungs-Schalen. Die drei Schalen k\u00f6nnen beliebig zusammengesetzt und so den vorhandenen Platzverh\u00e4ltnissen optimal angepasst werden. Die massiven Schalen sind robust, schwer, frostsicher sowie wind- und wetterfest.<br \/>\n  Die Zuleitung ist 2m lang. Das Pumpenkabel ist 5m lang, die LED Leitung ist 1,5m lang. Damit kann sowohl das ganze System als auch die Einzelkomponenten frei im Garten positioniert werden, z.B. indem man die LED-Lichter zur effektvollen Gartenbeleuchtung einsetzt. Die 4 RGB LED-Lichter bewirken einen sanft ineinander \u00fcbergehenden Farbwechsel.<\/p>\n<p>Zus\u00e4tzliche Erweiterungsschalen k\u00f6nnen als Zubeh\u00f6r bestellt werden.<\/p>\n<p>Der Quellbach II kann sogar als Garten- oder Zimmerbrunnen ohne Zugang zu einem Teich oder Bach eingesetzt werden. Hier ist einfach ein weiterer Beh\u00e4lter notwendig, um einen geschlossenen Wasserkreislauf zu gew\u00e4hrleisten.<\/p>\n<p><b>Stromsparend, innovativ, einzigartig &amp; zukunftsweisend<\/b><\/p>\n<p>Der Gartenbrunnen QUELLBACH II als Basisversion ist f\u00fcr den 230-Volt-Betrieb vorgesehen. Die Pumpe und die LEDs werden mit sicherer 12V-Niederspannung betrieben (Adapter im Lieferumfang enthalten). Alle Kabelverbindungen sind verpolungssicher und wasserdicht. Der Aufbau geht einfach und schnell.<\/p>\n<p>Der QUELLBACH II kann in 3 verschiedenen Betriebsarten betrieben werden:<\/p>\n<ol>\n<li>230V-Betrieb bei schattigen Verh\u00e4ltnissen (Tag und Nacht-Betrieb) (Basisversion)<\/li>\n<li>Solar-Betrieb bei sonnigen Verh\u00e4ltnissen (nur Tag-Betrieb) (mit Solarmodul)<\/li>\n<li>Hybrid-Betrieb f\u00fcr 230V und Solar-Strom (Tag und Nacht-Betrieb) (mit Solarmodul)<\/li>\n<\/ol>\n<p>Beim stromsparenden Hybrid-Betrieb, d.h. beim gleichzeitigem Anschluss an das 230V-Netz und Solarpanel erfolgt die Umschaltung je nach Sonnenintensit\u00e4t von 230V auf Solar und umgekehrt automatisch. Im ausw\u00e4hlbaren Nachtmodus schaltet sich der Gartenbrunnen bei Dunkelheit selbstst\u00e4ndig ab und am n\u00e4chsten Morgen wieder an.<br \/>\n  Im Solar-Betrieb kann der Brunnen unabh\u00e4ngig von 230V-Steckdose frei platziert und betrieben werden. Das Verlegen von Strom- und Verl\u00e4ngerungskabeln entf\u00e4llt. So betreiben Sie Ihren Bachlauf ohne Folgekosten!<\/p>\n<p><b>Werthaltig, best\u00e4ndig &amp; betriebssicher<\/b><\/p>\n<p>S\u00e4mtliche Komponenten sind absolut funktionssicher, langlebig und dank praktischer Steckverbindungen jederzeit austauschbar. So k\u00f6nnen Sie den Bachlauf und das flie\u00dfende Wasser jahrelang genie\u00dfen!<\/p>\n<p><b>Note:<\/b> Frost kann zu Sch\u00e4den am Gartenbrunnen und der Pumpe f\u00fchren. Bei Frostgefahr muss der <b>Gartenbrunnen und die Pumpe entleert werden<\/b>, mit klarem Wasser gesp\u00fclt und trocken eingelagert werden. Dann haben Sie sehr lange Freude daran!<\/p>\n<\/div>\n<h3>Many good reasons why you should buy this product:<\/h3>\n<div class=\"sale_motive\">\n<ul>\n<li>2-year guarantee, service life over 60,000 operating hours* <b>(Note below)<\/b><\/li>\n<li>Gartenbrunnen &#8220;Bachlauf QUELLBACH II&#8221; in Naturstein-Optik<\/li>\n<li>optimal f\u00fcr kleine Fl\u00e4chen<\/li>\n<li>einfach zu montierendes Set mit umfangreichem Zubeh\u00f6r zum Spitzenpreis<\/li>\n<li>stromsparender Universal-Betrieb mit 230V, Solarmodul oder Hybrid-Betrieb<\/li>\n<li>mit Solarmodul frei positionierbar<\/li>\n<li>individuelle Anordnung der Schalen m\u00f6glich<\/li>\n<li>stabil, bruchfest &amp; langlebig<\/li>\n<li>austauschbare Set-Bestandteile<\/li>\n<li>mit 4 RGB LED-Licht (harmonischer Farbwechsel)<\/li>\n<\/ul>\n<p>*Garantie gilt nur f\u00fcr Teichpumpe, nicht Solarpanel, Figure oder Kabel.<\/p>\n<\/div>","protected":false},"excerpt":{"rendered":"<p>Bachlauf QUELLBACH II in sandstein<\/p>\n<p>Zwei gro\u00dfe Erweiterungs-Schalen und eine Schale mit Pumpenanschluss (oberste Schale) mit 4 RGB LED-Licht und 230-Volt-Anschluss<\/p>\n<p><b>Mit RGB-Farbwechsel-Effekt!<\/b><\/p>","protected":false},"featured_media":39516,"comment_status":"open","ping_status":"closed","template":"","meta":[],"product_brand":[],"product_cat":[357,459],"product_tag":[],"class_list":{"0":"post-30538","1":"product","2":"type-product","3":"status-publish","4":"has-post-thumbnail","6":"product_cat-bachlauf","7":"product_cat-brunnen-mit-hybrid-betrieb","9":"first","10":"instock","11":"taxable","12":"shipping-taxable","13":"purchasable","14":"product-type-simple"},"_links":{"self":[{"href":"https:\/\/testshop.igel.wovodo.de\/en\/wp-json\/wp\/v2\/product\/30538","targetHints":{"allow":["GET"]}}],"collection":[{"href":"https:\/\/testshop.igel.wovodo.de\/en\/wp-json\/wp\/v2\/product"}],"about":[{"href":"https:\/\/testshop.igel.wovodo.de\/en\/wp-json\/wp\/v2\/types\/product"}],"replies":[{"embeddable":true,"href":"https:\/\/testshop.igel.wovodo.de\/en\/wp-json\/wp\/v2\/comments?post=30538"}],"version-history":[{"count":4,"href":"https:\/\/testshop.igel.wovodo.de\/en\/wp-json\/wp\/v2\/product\/30538\/revisions"}],"predecessor-version":[{"id":39939,"href":"https:\/\/testshop.igel.wovodo.de\/en\/wp-json\/wp\/v2\/product\/30538\/revisions\/39939"}],"wp:featuredmedia":[{"embeddable":true,"href":"https:\/\/testshop.igel.wovodo.de\/en\/wp-json\/wp\/v2\/media\/39516"}],"wp:attachment":[{"href":"https:\/\/testshop.igel.wovodo.de\/en\/wp-json\/wp\/v2\/media?parent=30538"}],"wp:term":[{"taxonomy":"product_brand","embeddable":true,"href":"https:\/\/testshop.igel.wovodo.de\/en\/wp-json\/wp\/v2\/product_brand?post=30538"},{"taxonomy":"product_cat","embeddable":true,"href":"https:\/\/testshop.igel.wovodo.de\/en\/wp-json\/wp\/v2\/product_cat?post=30538"},{"taxonomy":"product_tag","embeddable":true,"href":"https:\/\/testshop.igel.wovodo.de\/en\/wp-json\/wp\/v2\/product_tag?post=30538"}],"curies":[{"name":"wp","href":"https:\/\/api.w.org\/{rel}","templated":true}]}}