{"id":30539,"date":"2024-10-31T14:10:34","date_gmt":"2024-10-31T13:10:34","guid":{"rendered":"https:\/\/testshop.igel.wovodo.de\/product\/regentonne-nizza-300l-anthrazit-zzgl-befuell-und-entnahme-set-auswahl\/"},"modified":"2025-01-27T12:30:58","modified_gmt":"2025-01-27T11:30:58","slug":"regentonne-nizza-300l-anthrazit-zzgl-befuell-und-entnahme-set-auswahl","status":"publish","type":"product","link":"https:\/\/testshop.igel.wovodo.de\/en\/product\/regentonne-nizza-300l-anthrazit-zzgl-befuell-und-entnahme-set-auswahl\/","title":{"rendered":"Regentonne Nizza 300l anthrazit zzgl. Bef\u00fcll- und Entnahme-Set-<b>Selection<\/b>"},"content":{"rendered":"<div class=\"sale_application\">\n<ul>\n<li>Hochwertige Eck-Regentonne mit Doppelfunktion zur Regenwassernutzung in Haus und Garten<\/li>\n<\/ul><\/div>\n<div class=\"sale_description\">\n<p class=\"high\">Die Ecktonne &#8220;Nizza&#8221; ist eine Regentonne mit Doppelfunktion: Regenwasserspeicher und Pflanzschale!<\/p>\n<p>Ihr modernes, elegantes, schlichtes Design passt nicht nur zur zeitgem\u00e4\u00dfen Architektur, sondern auch in den heimischen Garten.<\/p>\n<h3>Material und Herstellung<\/h3>\n<p>Die Regentonnen werden aus Polyethylen (PE-Kunststoff) hergestellt. <\/p>\n<p>Das innovative Herstellungsverfahren der <b>Rotations-Inter-Technik<\/b> macht unsere Regenwasserf\u00e4sser zu echten <b>LONG-LIFE-Regentonnen<\/b>. Bei der Rotations-Inter-Fertigungstechnik wird jedes Regenfass <b>in einem St\u00fcck hergestellt \u2013 ohne Schwei\u00dfn\u00e4hte<\/b>. <\/p>\n<p>Das Herstellungsverfahren und die Materialauswahl verleihen unseren Regentonnen eine Top-Qualit\u00e4t und viele gute Eigenschaften: Die Regentonnen sind <b>frostfest, dauerelastisch, bruch- und schlagfest, UV- und witterungsbest\u00e4ndig sowie dauerhaft dicht, stabil und langlebig.<\/b><\/p>\n<p>Dezent angeformte flache Stellen sind f\u00fcr Wasserzulauf und -ablauf vorgesehen. Im Bedarfsfall k\u00f6nnen diese bauseitig aufgebohrt werden. Einmal richtig installiert und angeschlossen &#8211; und Sie haben sehr, sehr lange Freude daran! Kein Billigm\u00fcll, der nach 2-3 Jahren auf dem Bauhof landet und die M\u00fcllhalden f\u00fcllt. Die Tonnen sind nicht billig, aber in jedem Fall das Geld wert!<\/p>\n<p class=\"high\">Jede Regentonne ist ein &#8220;Unikat!&#8221;<\/p>\n<p>Sie werden viel Spa\u00df und Freude an diesem Produkt haben!<\/p>\n<h3>Pflanzschale und Auslauf-Hahn<\/h3>\n<p>Zum Zubeh\u00f6r der Regentonne geh\u00f6ren ein passender Deckel sowie ein Auslaufhahn aus PE-Kunststoff in schwarz. Der Deckel der hochwertigen Regentonne ist mit einer <b>integrierten Pflanzschale<\/b> ausgestattet. Mit der intergrierten Pflanzschale k\u00f6nnen Sie die in zwei Farben erh\u00e4ltliche Regentonne individuell gestalten.Der Auslaufhahn f\u00fcr Regentonnen hat einen 3\/4-Zoll-Anschluss. Er kann optimal an den dezent vorgeformten Stellen am Regenfass f\u00fcr den Wasser-Zu- und Ablauf angebracht werden.<\/p>\n<\/p>\n<h3>Zu den Regentonnen empfehlen wir, stets das passende Anschluss-Zubeh\u00f6r mitzubestellen:<\/h3>\n<p>&#8211; Entweder den <strong>Filter T33<\/strong> (Lieferung inkl. allem Zubeh\u00f6r, damit das Wasser in die Regentonne kommt) oder als <br \/>&#8211; <strong>Bef\u00fcll- und Entnahmeset<\/strong> (Lieferung inkl. Filter T33 und allem Zubeh\u00f6r, wie oben sowie dem Entnahmeset, mit dem Sie das Wasser aus der Tonne restlos entnehmen k\u00f6nnen).<br \/><strong>Der Filter T33 bef\u00fcllt Ihre Regentonne automatisch mit sauberem Wasser, auch wenn Sie nicht zu Hause sind!<br \/><\/strong>Der Regenfilter T33 wird in das Fallrohr der Regenrinne eingebaut. Dort filtert er Bl\u00e4tter, Insekten, Sandk\u00f6rner und andere Partikel aus dem Regenwasser. So wird die Regentonne stets mit sauberem Wasser randvoll bef\u00fcllt, ohne \u00fcberzulaufen.<br \/>Der Filter ist mit einer <strong>&#8220;F\u00fcll-Stopp-Automatik&#8221;<\/strong> ausgestattet. In der entsprechenden H\u00f6he in das Fallrohr eingebaut (Montageanleitung beachten) sorgt der Filter automatisch daf\u00fcr, dass die Regentonne nicht \u00fcberl\u00e4uft. Dadurch werden teuere Wassersch\u00e4den an Haus und Kellerwand zuverl\u00e4ssig vermieden.<\/p>\n<p>Der Wirkungsgrad ist &#8211; im Vergleich zu anderen Filtern &#8211; mit \u00fcber 90% sehr hoch. Ausserdem verf\u00fcgt der Filter \u00fcber sehr gute Selbstreinigungs-Eigenschaften. Somit wird Ihr Wartungsaufwand auf ein Minimum reduziert. Dabei sp\u00fclt ein sehr geringer Teil des Regenwassers den Schmutz von der Siebfl\u00e4che in den Kanal, so dass der gr\u00f6\u00dfte Wasseranteil gereinigt in die Regentonne fliessen kann.<\/p>\n<p><strong>Note:<\/strong> Leider kommen beim Transport und Handling von Tanks sowie Regentonnen leichte Kratzer sowie Scheuerstellen vor. Diese sind unvermeidbar. Sie stellen keinen Reklamationsgrund dar und berechtigen nicht zu Abz\u00fcgen oder Rechnungsminderung.<\/p>\n<p style=\"font-size:11px;\"><b>Legal notice:<\/b> Unsere Produkte werden im besonderen Fertigungsverfahren (keine Massenfertigung!)  St\u00fcck f\u00fcr St\u00fcck hergestellt. Gewisse Farbabweichungen lassen sich deshalb bei Einzelprodukten nicht vermeiden. Weiterhin kann es aufgrund der Lichtverh\u00e4ltnisse w\u00e4hrend der Produktfotografie und unterschiedlicher Bildschirmeinstellungen dazu kommen, dass die Farbe eines Produktes nicht authentisch wiedergegeben wird. Farbabweichungen im bestimmten Rahmen stellen keinen Reklamationsgrund dar. Bei warmer Witterung kann die Regentonne im bef\u00fcllten Zustand in Abh\u00e4ngigkeit vom Standort zu einer Bauchausbildung neigen. Das ist ein normaler Vorgang und stellt keinen Reklamations-Grund dar. <\/p>\n<\/div>\n<h3>Many good reasons why you should buy this product:<\/h3>\n<div class=\"sale_motive\">\n<ul>\n<li>Eck-Regentonne mit Doppelfunktion<\/li>\n<li>integrierte Pflanzschale im Deckel<\/li>\n<li>Material: stabiles und UV-best\u00e4ndiges Polyethylen<\/li>\n<li>Spitzenprodukt h\u00e4lt bis zu 15 mal l\u00e4nger als Billig-Regentonnen<\/li>\n<li>au\u00dfergew\u00f6hnliches Design<\/li>\n<li>Inkl. 3\/4&#8243; Wasserhahn <\/li>\n<li>Hochwertige Regentonne aus witterungsbest\u00e4ndigem PE-Kunststoff<\/li>\n<li>N\u00fctzlich &amp; dekorativ<\/li>\n<li>Dauerhaft dicht &amp; langlebig<\/li>\n<li>Stabil, bruch- und schlagfest<\/li>\n<li>Frostsicher, witterungsfest &amp; UV-best\u00e4ndig<\/li>\n<\/ul>\n<\/div>","protected":false},"excerpt":{"rendered":"<p>Kompakte, frostfeste Ecktonne &#8220;Nizza&#8221;<br \/>\n  Mit integrierter Pflanzschale<br \/>\n  Fassungsverm\u00f6gen: 300l<br \/>\n  Bodenma\u00dfe: 48x48cm<br \/>\n  H\u00f6he: 136cm<\/p>","protected":false},"featured_media":33234,"comment_status":"open","ping_status":"closed","template":"","meta":[],"product_brand":[],"product_cat":[334,391,390],"product_tag":[],"class_list":{"0":"post-30539","1":"product","2":"type-product","3":"status-publish","4":"has-post-thumbnail","6":"product_cat-startseite-oeko","7":"product_cat-nizza","8":"product_cat-regentonne-nizza","10":"first","11":"instock","12":"taxable","13":"shipping-taxable","14":"purchasable","15":"product-type-simple"},"_links":{"self":[{"href":"https:\/\/testshop.igel.wovodo.de\/en\/wp-json\/wp\/v2\/product\/30539","targetHints":{"allow":["GET"]}}],"collection":[{"href":"https:\/\/testshop.igel.wovodo.de\/en\/wp-json\/wp\/v2\/product"}],"about":[{"href":"https:\/\/testshop.igel.wovodo.de\/en\/wp-json\/wp\/v2\/types\/product"}],"replies":[{"embeddable":true,"href":"https:\/\/testshop.igel.wovodo.de\/en\/wp-json\/wp\/v2\/comments?post=30539"}],"version-history":[{"count":1,"href":"https:\/\/testshop.igel.wovodo.de\/en\/wp-json\/wp\/v2\/product\/30539\/revisions"}],"predecessor-version":[{"id":35153,"href":"https:\/\/testshop.igel.wovodo.de\/en\/wp-json\/wp\/v2\/product\/30539\/revisions\/35153"}],"wp:featuredmedia":[{"embeddable":true,"href":"https:\/\/testshop.igel.wovodo.de\/en\/wp-json\/wp\/v2\/media\/33234"}],"wp:attachment":[{"href":"https:\/\/testshop.igel.wovodo.de\/en\/wp-json\/wp\/v2\/media?parent=30539"}],"wp:term":[{"taxonomy":"product_brand","embeddable":true,"href":"https:\/\/testshop.igel.wovodo.de\/en\/wp-json\/wp\/v2\/product_brand?post=30539"},{"taxonomy":"product_cat","embeddable":true,"href":"https:\/\/testshop.igel.wovodo.de\/en\/wp-json\/wp\/v2\/product_cat?post=30539"},{"taxonomy":"product_tag","embeddable":true,"href":"https:\/\/testshop.igel.wovodo.de\/en\/wp-json\/wp\/v2\/product_tag?post=30539"}],"curies":[{"name":"wp","href":"https:\/\/api.w.org\/{rel}","templated":true}]}}