{"id":30552,"date":"2024-10-31T14:10:42","date_gmt":"2024-10-31T13:10:42","guid":{"rendered":"https:\/\/testshop.igel.wovodo.de\/product\/inverter-pumpensteuerung-6-11-kw-230v-1230v-verkabelt\/"},"modified":"2025-01-27T12:31:01","modified_gmt":"2025-01-27T11:31:01","slug":"inverter-pumpensteuerung-6-11-kw-230v-1230v-verkabelt","status":"publish","type":"product","link":"https:\/\/testshop.igel.wovodo.de\/en\/product\/inverter-pumpensteuerung-6-11-kw-230v-1230v-verkabelt\/","title":{"rendered":"INVERTER-Pumpensteuerung 6 \n1,1 KW 230V\/1*230V, verkabelt"},"content":{"rendered":"<div class=\"sale_application\">\n<ul>\n<li>Automatische, intelligente, selbst\u00fcberwachende Pumpensteuerung<\/li>\n<li>F\u00fcr alle 230Volt Brunnen- und Kreiselpumpen mit einem Druckaufbau gr\u00f6\u00dfer als 3bar <\/li>\n<li>Optimal f\u00fcr Pumpenbetrieb mit stark wechselnder Belastung \/F\u00f6rdermengen <\/li>\n<li>Die bedarfsgeregelte Pumpenleistung f\u00fchrt zu einer enormen Energie-Einsparung von bis zu 85%<\/li>\n<\/ul><\/div>\n<div class=\"sale_description\">\n<p>The <b>INVERTER-Pumpensteuerung 6 1,1KW<\/b> ist ein variabler Frequenz-Controller f\u00fcr eine einphasige <b>230-Volt-Pumpe<\/b>, basierend auf der innovativen in der Industrie bew\u00e4hrten Technologie. Damit k\u00f6nnen die Pumpen bedarfsgerecht ein- und ausgeschaltet sowie deren Leistung optimal auf den momentan vorhandenen Bedarf (real-time-monitoring) angepasst werden. Dieser Inverter ist auf den Betrieb von Kreisel- und Brunnenpumpen bis max. 1,1KW Nenn-Leistung optimiert.<\/p>\n<div class=\"embed-responsive embed-responsive-16by9\">\n<iframe src=\"https:\/\/www.youtube-nocookie.com\/embed\/25bsi-bFc5E?rel=0\" title=\"YouTube video player\" allow=\"accelerometer; autoplay; clipboard-write; encrypted-media; gyroscope; picture-in-picture\" allowfullscreen=\"\" width=\"560\" height=\"315\" frameborder=\"0\"><\/iframe>\n<\/div>\n<p>Die Inverter-Pumpensteuerung schaltet die Pumpe bedarfsgerecht ein und aus. Der vom Bediener eingestellte Druck wird unter allen Umst\u00e4nden im Arbeitsbereich des Ger\u00e4tes eingehalten. Entsprechend dem eingestellten Druck wird die Drehzahl der Pumpe hoch- oder runter geregelt. Wird wenig Wasser entnommen, &#8220;dreht&#8221; die Pumpe langsam. Mit steigendem Durchfluss dreht sich der Pumpenmotor immer schneller. Die Pumpe nimmt immer nur soviel Energie aus dem Netz auf, wie gerade ben\u00f6tigt wird, um den eingestellten Druck zu halten. Dies f\u00fchrt zu einer enormen Energie-Einsparung.<\/p>\n<p>Besonders bei Pumpen mit hoher F\u00f6rderleistung, wird bei der Entnahme kleiner Wassermengen enorm viel Energie verschwendet. Die Pumpe l\u00e4uft sofort mit max. Leistung auch wenn nur eine geringe Wassermenge entnommen wird.<\/p>\n<p>Neueste Erkenntnisse der Pumpentechnik und Elektronik f\u00fchrten zu einem Ger\u00e4t, welches die zeitgem\u00e4\u00dfe Anforderungen an <b>maximale Energie-Einsparung und schonendem Pumpenbetrieb<\/b> beim <b>optimalen Preis-Leistungs-Verh\u00e4ltnis<\/b> hervorragend erf\u00fcllt. Die innovative PWM-Technologie (pulse-width-modulation), ein besonders leistungsf\u00e4higer Prozessor-Chip, die Anwendung der VVVF-Technik (frequency-conversion-variable-pressure-control) in Verbindung mit der Drucksensor-Technik f\u00fchrten zu einem innovativ f\u00fchrenden Ger\u00e4t und einer enormen Kostenersparnis. Damit ist die bisher sehr teure Technik auch f\u00fcr den privaten Anwender sehr interessant geworden und amortisiert sich durch Stromkostenersparnis innerhalb k\u00fcrzester Zeit. <\/p>\n<p>Die Inbetriebnahme der Steuerung ist durch <b>vorprogrammierte intelligente Software<\/b> denkbar einfach und sehr anwenderfreundlich. Gew\u00fcnschten Druck am Display einstellen und es kann losgehen! Der vom Bediener eingestellte Druck wird unter allen Umst\u00e4nden im Regelberech des Inverters konstant eingehalten. Durch die permanente real-time Druck\u00fcberwachung im System wird die Pumpe niemals schlagartig ein- bzw. ausgeschaltet. Die Pumpenleistung wird stets dynamisch dem Wasserbedarf angepasst. Mit der sanften Anpassung der Pumpenleistung werden Druckschl\u00e4ge vermieden, was zu einer enormen Erh\u00f6hung der Pumpenlebensdauer f\u00fchrt und Leckagen in den Wasserleitungen vermeidet.<\/p>\n<p>Der Inverter kann sowohl in der N\u00e4he der Pumpe als auch in gewisser Entfernung (bis max. ca 10-15m, z.B. Garage, Keller, Ger\u00e4teraum&#8230;) installiert werden. In solchen F\u00e4llen m\u00fcssen die Kabel zur Pumpe und Sensor entsprechend fachgerecht verl\u00e4ngert werden. Solche Installation ist insbesondere dann von gro\u00dfem Vorteil, wenn in der N\u00e4he der Pumpe ungeeignete Betriebs-Bedingungen f\u00fcr Pumpensteuerungen vorhanden sind (z.B. Frostgefahr, kondensierende Luftfeuchtigkeit,  starke elektromagnetische Felder usw.). Zu beachten ist, da\u00df eine ausrechende Luftk\u00fchlung der Inverter-Steuerung vorhanden ist.<\/p>\n<p>Die intelligente Technik hat noch viel mehr zu bieten! Es sind vielf\u00e4ltige Pumpen-\u00dcberwachungsfunktionen integriert: <b>System-Leckkontrolle, Trockenlaufschutz, \u00dcber &#8211; und Unterspannnung-Schutz, Maximal-Strombegrenzung <\/b>und viele andere n\u00fctzliche und sinnvolle Besonderheiten. Die gesamte Elektronik dieses Inverters ist wasserdicht versiegelt, was einen wesentlich verbesserten Kondenswasserschutz bedeutet.<\/p>\n<h2>Our tips:<\/h2>\n<p>Ein tropfender Wasserhahn oder ein nicht 100%-dichtes WC-Ventil verursachen das Takten der Pumpe. Dadurch werden<b> hohe Stromkosten<\/b> und i.d.R. sehr <b>teure Pumpensch\u00e4den<\/b> verursacht bzw. die Pumpen werden irreparabel besch\u00e4digt. Die intelligente Selbst\u00fcberwachung der INVERTER-Pumpensteuerung 6 1,1W registriert das Takten der Pumpe und unterbricht den Pumpen-Betrieb, um Sch\u00e4den zu vermeiden. Nach \u00dcberpr\u00fcfung der Betriebsbedingungen wird der Pumpbetrieb nach M\u00f6glichkeit fortgesetzt und die Fehlerdiagnose angezeigt. So werden auch Sch\u00e4den durch geplatzte Wasser-Leitungen und \u00fcberlaufende Keller sicher vermieden!<\/p>\n<p><b><font color=\"#FF0000\">Bitte beachten: <\/font><\/b>Beim Einsatz der INVERTER-Pumpensteuerung 6<br \/>\n1,1 KW 230V\/1*230V, verkabelt <b>MUSS ein Druckausdehnungsgef\u00e4\u00df \/Drucktank montiert sein.<\/b> F\u00fcr die richtige Funktion muss der Drucktank mit einem Mindestvolumen von 4L in der Druckleitung in unmittelbarer N\u00e4he der Sensors vorhanden sein. Bei der Zubeh\u00f6r-Auswahl k\u00f6nnen Sie f\u00fcr einen kleinen Aufpreis einen hochwertigen Drucktank mitbestellen.<\/p>\n<div style=\"background: rgba(250,199,30,1.00); padding: 8px;\">Bitte beachten Sie, dass der max. Anlaufstrom durch die Bauart Ihrer Pumpe vorgegeben ist. Zum Schutz der Ger\u00e4te wird er im Inverter begrenzt. Der max. Anlaufstrom der Pumpe muss kleiner sein, als der max.zul\u00e4ssige Inverter-Strom. Somit k\u00f6nnen wir die Funktion einer beliebigen Inverter\/Pumpe-Kombination nicht gaw\u00e4hrleisten.<\/div>\n<p><\/p>\n<p>F\u00fcr den optimalen Einbau des Drucksensors in die Wasserleitung <b>empfehlen wir einen 5 Wege-Adapter <\/b>mit integriertem R\u00fcckschlagventil und hochwertigem \u00f6l-gef\u00fcllten Edelstahl-Manometer. Die 5 Wege-Adapter sind als Sonderzubeh\u00f6r passend zum Querschnitt der Wasserleitung bei uns erh\u00e4ltlich.<\/p>\n<p>Wir empfehlen stets die Installation eines geeigneten Vorfilters vor der Pumpe oder dem Inverter.<\/p>\n<\/div>\n<h3>Many good reasons why you should buy this product:<\/h3>\n<div class=\"sale_motive\">\n<ul>\n<li>Automatisches bedarfsorientiertes Ein- und Ausschalten von Pumpen\n<\/li>\n<li>ENERGIESPARENDER Pumpen-Betrieb: Bis zu 85% Energiereduzierung bei Pumpen-Betrieb mit wechselnder Belastung\n<\/li>\n<li>Sorgt f\u00fcr konstanten Wasserdruck in den Leitungen\n<\/li>\n<li>Intelligente Technik f\u00fcr optimalen Klima- und Umweltschutz\n<\/li>\n<li>Druckminderer-Funktion: reduziert den maximalen Pumpendruck auf den eingestellten Druck im Leitungssystem<\/li>\n<li>Luftgek\u00fchlter Inverter: kann auch in erheblicher Entfernung von der Pumpe installiert werden<\/li>\n<li>Minimiert die durchschnittliche Ger\u00e4uschentwicklung<\/li>\n<li>Vermeidet gef\u00e4hrliche Druckschl\u00e4ge in den Wasserleitungen<\/li>\n<li>Erh\u00f6ht wesentlich die Lebensdauer der Pumpe und der Wasserleitungen<\/li>\n<li>Vermindert das \u00dcberschwemmungsrisiko durch undichte Wasserleitungen<\/li>\n<li>Zuverl\u00e4ssiger integrierter Trockenlaufschutz mit einstellbarem Auto-Start<\/li>\n<li>Intelligent self-monitoring functions<\/li>\n<li>leicht zu Bedienen durch voreingestellte Standard-Werte<\/li>\n<\/ul>\n<\/div>","protected":false},"excerpt":{"rendered":"<p>The <b>ENERGIE-SPARL\u00d6SUNG f\u00fcr alle Tauch- und Kreiselpumpen bis 1,1 KW<br \/>\n  mit integriertem Trockenlaufschutz<br \/>\n  <font color=\"#FF00000\">Bis zu 85% ENERGIE-EINSPARUNG &amp; ein verl\u00e4ngertes PUMPEN-LEBEN<\/font><\/b><\/p>","protected":false},"featured_media":31724,"comment_status":"open","ping_status":"closed","template":"","meta":[],"product_brand":[],"product_cat":[337,339,295,200,298,364,201,202,203,205,315],"product_tag":[],"class_list":{"0":"post-30552","1":"product","2":"type-product","3":"status-publish","4":"has-post-thumbnail","6":"product_cat-inverter-steuerung","7":"product_cat-230v-230v-monophase","8":"product_cat-druckschalter","9":"product_cat-tauchpumpen","10":"product_cat-druckschalter-einstellbar","11":"product_cat-luft-gekuehlt","12":"product_cat-zubehoer-tauchpumpen","13":"product_cat-kreiselpumpen","14":"product_cat-zubehoer-kreiselpumpe","15":"product_cat-zubehoer-brunnenpumpe","16":"product_cat-inverter-pumpensteuerung-inverter-pumpe","18":"first","19":"instock","20":"featured","21":"taxable","22":"shipping-taxable","23":"purchasable","24":"product-type-simple"},"_links":{"self":[{"href":"https:\/\/testshop.igel.wovodo.de\/en\/wp-json\/wp\/v2\/product\/30552","targetHints":{"allow":["GET"]}}],"collection":[{"href":"https:\/\/testshop.igel.wovodo.de\/en\/wp-json\/wp\/v2\/product"}],"about":[{"href":"https:\/\/testshop.igel.wovodo.de\/en\/wp-json\/wp\/v2\/types\/product"}],"replies":[{"embeddable":true,"href":"https:\/\/testshop.igel.wovodo.de\/en\/wp-json\/wp\/v2\/comments?post=30552"}],"version-history":[{"count":3,"href":"https:\/\/testshop.igel.wovodo.de\/en\/wp-json\/wp\/v2\/product\/30552\/revisions"}],"predecessor-version":[{"id":38422,"href":"https:\/\/testshop.igel.wovodo.de\/en\/wp-json\/wp\/v2\/product\/30552\/revisions\/38422"}],"wp:featuredmedia":[{"embeddable":true,"href":"https:\/\/testshop.igel.wovodo.de\/en\/wp-json\/wp\/v2\/media\/31724"}],"wp:attachment":[{"href":"https:\/\/testshop.igel.wovodo.de\/en\/wp-json\/wp\/v2\/media?parent=30552"}],"wp:term":[{"taxonomy":"product_brand","embeddable":true,"href":"https:\/\/testshop.igel.wovodo.de\/en\/wp-json\/wp\/v2\/product_brand?post=30552"},{"taxonomy":"product_cat","embeddable":true,"href":"https:\/\/testshop.igel.wovodo.de\/en\/wp-json\/wp\/v2\/product_cat?post=30552"},{"taxonomy":"product_tag","embeddable":true,"href":"https:\/\/testshop.igel.wovodo.de\/en\/wp-json\/wp\/v2\/product_tag?post=30552"}],"curies":[{"name":"wp","href":"https:\/\/api.w.org\/{rel}","templated":true}]}}