{"id":30596,"date":"2024-10-31T14:11:09","date_gmt":"2024-10-31T13:11:09","guid":{"rendered":"https:\/\/testshop.igel.wovodo.de\/product\/tauchdruckpumpen-drain-vortex-600-zxm-stainless-steel-standard-float-very-dirty-water\/"},"modified":"2025-01-27T12:31:13","modified_gmt":"2025-01-27T11:31:13","slug":"tauchdruckpumpen-drain-vortex-600-zxm-stainless-steel-standard-float-very-dirty-water","status":"publish","type":"product","link":"https:\/\/testshop.igel.wovodo.de\/en\/product\/tauchdruckpumpen-drain-vortex-600-zxm-stainless-steel-standard-float-very-dirty-water\/","title":{"rendered":"Submersible pressure pumps DRAIN-VORTEX-600-ZXm STAINLESS STEEL STANDARD FLOAT VERY DIRTY WATER"},"content":{"rendered":"<div class=\"sale_application\">\n<ul>\n<li>Schmutzwasser-Tauchpumpe (Partikelgr\u00f6\u00dfe bis ca. 4mm) mit Magnetschwimmer\n<\/li>\n<li>zur Kellerentw\u00e4sserung\n<\/li>\n<li>zur Drainage-Entw\u00e4sserung\n<\/li>\n<li>for groundwater lowering\n<\/li>\n<li>f\u00fcr klares F\u00e4kalien-Abwasser\n<\/li>\n<li>Beh\u00e4lter-Umf\u00fcllung\n<\/li>\n<li>zur Regenwasser-Nutzung\n<\/li>\n<li>im Teich, Bach oder Flusslauf <\/li>\n<\/ul><\/div>\n<div class=\"sale_description\">\n<p>The <b>DRAIN-VORTEX-600-ZXm<\/b> mit Magnet-Schwimmerschalter ist eine in ihrer Bauart hochwertige und zuverl\u00e4ssige PROFI-Tauchpumpe f\u00fcr den industriellen Einsatz. Unsere Drain-Vortex-Pumpen werden von einem marktf\u00fchrenden europ\u00e4ischen Qualit\u00e4ts-Unternehmen mit \u00fcber 40-j\u00e4hrigen Tradition in der Pumpenfertigung entwickelt und hergestellt. Der qualit\u00e4ts\u00fcberwachte  Fertigungsprozess ist mehrfach zertifiziert. Die innovative und zukunftsweisende Bauart ist durch diverse Schutzrechte best\u00e4tigt.<\/p>\n<p>Durch die Konstruktion mit 2-facher Wellenabdichtung sowie Lippendichtung hat die Drainagepumpe eine deutlich h\u00f6here Lebensdauer als Pumpen mit herk\u00f6mmlichen mechanischen Dichtungen. Diese Schmutzwassertauchpumpe aus EU-Fertigung ist auch f\u00fcr Extrem-Eins\u00e4tze bestens geeignet. Die Tauchpumpe ist ein &#8220;Flachsauger&#8221; und kann das Restwasser bis auf ca 2-3mm abf\u00fchren. Trotz der geringen Leistungsaufnahme der Schmutzwasserpumpe schafft sie eine F\u00f6rdermenge von bis zu 24.000l\/h.<\/p>\n<p>Die EU-Tauchpumpe mit \u00f6lgelagertem Motor ist auch f\u00fcr F\u00e4kalien\/ Kleinkl\u00e4ranlagen\/ Tropfk\u00f6rperanlagen geeignet. Durch das geringe Gewicht und den integrierten Tragegriff ist diese hochwertige F\u00e4kalienpumpe mobil und jederzeit schnell einsatzbereit.<\/p>\n<\/div>\n<h3>Many good reasons why you should buy this product:<\/h3>\n<div class=\"sale_motive\">\n<ul>\n<li>Spitzen-Qualit\u00e4t aus Europ\u00e4ischen Fertigung\n<\/li>\n<li>Dank der besonderen Technik ist dies eine der effektivsten und energiesparsamsten Pumpen auf dem Markt!\n<\/li>\n<li>F\u00f6rdermenge von 24.000l bei einer Leistungsaufnahme von 600 Watt\n  <\/li>\n<li>sehr lange Lebensdauer durch 3-faches Dichtungsystem mit \u00d6lkammer (Lippendichtung &amp; doppelte Mechanik-Dichtung)\n<\/li>\n<li>flach absaugende, solide und zuverl\u00e4ssige Schmutzwasserpumpe\n<\/li>\n<li>1 1\/4-Anschluss auf der Druckseite\n<\/li>\n<li>Transportable and quickly ready for use <\/li>\n<\/ul>\n<\/div>","protected":false},"excerpt":{"rendered":"<p>Energieefiziente Schmutzwasserpumpe<br \/>\n  600 Watt | 24.000 l\/h | inkl. Schwimmerschalter<\/p>\n<p><b>Besonders effektiv &amp; energiesparsam!<br \/>\n  <font color=\"#FF0000\">Aus europ\u00e4ischer Produktion!<\/font><\/b><\/p>","protected":false},"featured_media":39852,"comment_status":"open","ping_status":"closed","template":"","meta":[],"product_brand":[],"product_cat":[279,377,366],"product_tag":[],"class_list":{"0":"post-30596","1":"product","2":"type-product","3":"status-publish","4":"has-post-thumbnail","6":"product_cat-schmutzwasserpumpe","7":"product_cat-mit-schwimmerschalter","8":"product_cat-eu-produktion-tauchpumpen","10":"first","11":"instock","12":"taxable","13":"shipping-taxable","14":"purchasable","15":"product-type-simple"},"_links":{"self":[{"href":"https:\/\/testshop.igel.wovodo.de\/en\/wp-json\/wp\/v2\/product\/30596","targetHints":{"allow":["GET"]}}],"collection":[{"href":"https:\/\/testshop.igel.wovodo.de\/en\/wp-json\/wp\/v2\/product"}],"about":[{"href":"https:\/\/testshop.igel.wovodo.de\/en\/wp-json\/wp\/v2\/types\/product"}],"replies":[{"embeddable":true,"href":"https:\/\/testshop.igel.wovodo.de\/en\/wp-json\/wp\/v2\/comments?post=30596"}],"version-history":[{"count":1,"href":"https:\/\/testshop.igel.wovodo.de\/en\/wp-json\/wp\/v2\/product\/30596\/revisions"}],"predecessor-version":[{"id":35206,"href":"https:\/\/testshop.igel.wovodo.de\/en\/wp-json\/wp\/v2\/product\/30596\/revisions\/35206"}],"wp:featuredmedia":[{"embeddable":true,"href":"https:\/\/testshop.igel.wovodo.de\/en\/wp-json\/wp\/v2\/media\/39852"}],"wp:attachment":[{"href":"https:\/\/testshop.igel.wovodo.de\/en\/wp-json\/wp\/v2\/media?parent=30596"}],"wp:term":[{"taxonomy":"product_brand","embeddable":true,"href":"https:\/\/testshop.igel.wovodo.de\/en\/wp-json\/wp\/v2\/product_brand?post=30596"},{"taxonomy":"product_cat","embeddable":true,"href":"https:\/\/testshop.igel.wovodo.de\/en\/wp-json\/wp\/v2\/product_cat?post=30596"},{"taxonomy":"product_tag","embeddable":true,"href":"https:\/\/testshop.igel.wovodo.de\/en\/wp-json\/wp\/v2\/product_tag?post=30596"}],"curies":[{"name":"wp","href":"https:\/\/api.w.org\/{rel}","templated":true}]}}