{"id":30618,"date":"2024-10-31T14:11:24","date_gmt":"2024-10-31T13:11:24","guid":{"rendered":"https:\/\/testshop.igel.wovodo.de\/product\/kreiselpumpe-inno-tec-1200-1\/"},"modified":"2025-01-27T12:31:20","modified_gmt":"2025-01-27T11:31:20","slug":"kreiselpumpe-inno-tec-1200-1","status":"publish","type":"product","link":"https:\/\/testshop.igel.wovodo.de\/en\/product\/kreiselpumpe-inno-tec-1200-1\/","title":{"rendered":"Kreiselpumpe INNO-TEC 1200-1"},"content":{"rendered":"<div class=\"sale_application\">\n<h2>Anwendungsbereiche<\/h2>\n<ul>\n<li>zur automatischen Brauchwasserversorgung im Haus und Garten<\/li>\n<li>zur Regenwassernutzung<\/li>\n<li>zum Bew\u00e4ssern von Rasen und Beeten<\/li>\n<li>zur Nutzung von externen Wasserquellen aus Bach, Fluss und Brunnen<\/li>\n<li>Beh\u00e4lter-Umf\u00fcllung<\/li>\n<\/ul><\/div>\n<div class=\"sale_description\"> <b>Die Jetpumpe&nbsp; INNO-TEC 1200-1 ist eine leistungsstarke, einstufige Jetpumpe mit 1200W.<\/b> <\/p>\n<p>Der Einsatzbereich der Pumpe ist sehr vielseitig: Entweder als einfache Gartenpumpe oder als ausgereiftes Hauswasserwerk \/ Hauswasserautomat. Sie k\u00f6nnen mit dieser Pumpe und einem zus\u00e4tzlichen Schaltger\u00e4t (wir empfehlen die verkabelten Durchflu\u00dfw\u00e4chter Fluomac, AC3, Brio oder AC23 aus unserem Lieferprogramm) die gesamte Brauchwasserversorgung in Ihrem Haus automatisiert steuern bzw. regeln. Mit den genannten Pumpensteuerungen k\u00f6nnen Sie das Hauswasserwerk zur Druckstabilisierung \/ Druckerh\u00f6hng einsetzen.<\/p>\n<p>Ihr geringes Gewicht und der Tragegriff erm\u00f6glichen den schnellen Standortwechsel. Die Pumpe ist somit sowohl station\u00e4r als Hauswasserwerk als auch mobil als Gartenpumpe einsetzbar. Die Inbetriebnahme erfolgt durch Bef\u00fcllen der Pumpe (Bef\u00fcllstutzen) mit Wasser.<\/p>\n<p><b>Vor dem Anschlie\u00dfen des Saugschlauchs bef\u00fcllen Sie bitte auch diesen mit Wasser.<\/b> Achten Sie bitte auf die zur Pumpe stetig steigende F\u00fchrung der Saugleitung (keine Luftsack-Bildung!). Besonders auf der Saugseite m\u00fcssen die Anschl\u00fcsse 100% dicht sein. Den Rest macht die Pumpe dann selbst. Die max. Ansaugh\u00f6he betr\u00e4gt bei 1&#8243; Saugleitungsdurchmesser 8m. Setzen Sie bitte hierbei nur unterdruckstabile Saugschl\u00e4uche ein. Wir empfehlen Ihnen hierf\u00fcr den schwarzen Saug- und Druckschlauch aus unserem Lieferprogramm.<\/p>\n<\/div>\n<h3>Many good reasons why you should buy this product:<\/h3>\n<div class=\"sale_motive\">\n<ul>\n<li>solide und zuverl\u00e4ssige Jetpumpe mit 4,8 bar und<br \/>\nF\u00f6rdermenge von 3500l\/h bei einer Leistungsaufnahme von<br \/>\n1200W<\/li>\n<li>Ansaugh\u00f6he bis 8m (selbstansaugend nach 1. Bef\u00fcllung)<\/li>\n<li><b>sehr hochwertige, mechanische Dichtung<\/b>\n<\/li>\n<li>2,54cm (1 Zoll) Anschluss auf Saug- und Druckseite aus<br \/>\nMessing<\/li>\n<li>transportabel und schnell einsatzbereit (mit<br \/>\nTragegriff)<\/li>\n<li>kompakte Bauform<\/li>\n<li>Bef\u00fcll- und Ablass-Anschluss werkzeuglos zu \u00f6ffnen<\/li>\n<li>Long service life<\/li>\n<li>hochwertiges Kunststoffgeh\u00e4use mit extra breitem Montagefu\u00df<br \/>\nund 4 Montagepunkten<\/li>\n<\/p>\n<\/p>\n<\/ul>\n<\/div>","protected":false},"excerpt":{"rendered":"<p>Anwendungsbereiche zur automatischen Brauchwasserversorgung im Haus und Garten zur Regenwassernutzung zum Bew\u00e4ssern von Rasen und Beeten zur Nutzung von externen<\/p>","protected":false},"featured_media":33514,"comment_status":"open","ping_status":"closed","template":"","meta":[],"product_brand":[],"product_cat":[245,456,277,202],"product_tag":[],"class_list":{"0":"post-30618","1":"product","2":"type-product","3":"status-publish","4":"has-post-thumbnail","6":"product_cat-kreiselpumpen-kreiselpumpen","7":"product_cat-hauswasserwerke-zisternenpumpen","8":"product_cat-jetpumpen-einstufig","9":"product_cat-kreiselpumpen","11":"first","12":"instock","13":"taxable","14":"shipping-taxable","15":"purchasable","16":"product-type-simple"},"_links":{"self":[{"href":"https:\/\/testshop.igel.wovodo.de\/en\/wp-json\/wp\/v2\/product\/30618","targetHints":{"allow":["GET"]}}],"collection":[{"href":"https:\/\/testshop.igel.wovodo.de\/en\/wp-json\/wp\/v2\/product"}],"about":[{"href":"https:\/\/testshop.igel.wovodo.de\/en\/wp-json\/wp\/v2\/types\/product"}],"replies":[{"embeddable":true,"href":"https:\/\/testshop.igel.wovodo.de\/en\/wp-json\/wp\/v2\/comments?post=30618"}],"version-history":[{"count":1,"href":"https:\/\/testshop.igel.wovodo.de\/en\/wp-json\/wp\/v2\/product\/30618\/revisions"}],"predecessor-version":[{"id":35228,"href":"https:\/\/testshop.igel.wovodo.de\/en\/wp-json\/wp\/v2\/product\/30618\/revisions\/35228"}],"wp:featuredmedia":[{"embeddable":true,"href":"https:\/\/testshop.igel.wovodo.de\/en\/wp-json\/wp\/v2\/media\/33514"}],"wp:attachment":[{"href":"https:\/\/testshop.igel.wovodo.de\/en\/wp-json\/wp\/v2\/media?parent=30618"}],"wp:term":[{"taxonomy":"product_brand","embeddable":true,"href":"https:\/\/testshop.igel.wovodo.de\/en\/wp-json\/wp\/v2\/product_brand?post=30618"},{"taxonomy":"product_cat","embeddable":true,"href":"https:\/\/testshop.igel.wovodo.de\/en\/wp-json\/wp\/v2\/product_cat?post=30618"},{"taxonomy":"product_tag","embeddable":true,"href":"https:\/\/testshop.igel.wovodo.de\/en\/wp-json\/wp\/v2\/product_tag?post=30618"}],"curies":[{"name":"wp","href":"https:\/\/api.w.org\/{rel}","templated":true}]}}