{"id":30640,"date":"2024-10-31T14:11:37","date_gmt":"2024-10-31T13:11:37","guid":{"rendered":"https:\/\/testshop.igel.wovodo.de\/product\/solar-gartenbrunnen-wasserspiel-wald-zauber-mit-li-ion-akku\/"},"modified":"2025-01-27T12:31:27","modified_gmt":"2025-01-27T11:31:27","slug":"solar-gartenbrunnen-wasserspiel-wald-zauber-mit-li-ion-akku","status":"publish","type":"product","link":"https:\/\/testshop.igel.wovodo.de\/en\/product\/solar-gartenbrunnen-wasserspiel-wald-zauber-mit-li-ion-akku\/","title":{"rendered":"Solar &#8211; Gartenbrunnen &amp; Wasserspiel &#8220;WALD-ZAUBER&#8221; mit Li-Ion-Akku"},"content":{"rendered":"<div class=\"sale_application\">\n<p>Solarbetriebener Garten-Brunnen mit Li-Ion Akku und LED-Lichter<\/p>\n<\/p><\/div>\n<div class=\"sale_description\">\n<p>Lassen Sie Ihre Gedanken schweifen mit der tollen Akustik des pl\u00e4tschernden Wassers im Hintergrund. Dieser <b>&#8220;WALD-ZAUBER&#8221;<\/b> l\u00e4dt zum Verweilen ein. Das Besondere an diesem Brunnen ist, das nur die Kraft der Sonne das Wasser flie\u00dfen l\u00e4sst. Sie brauchen keine Steckdose und verbrauchen damit keinen Strom. Wer m\u00f6chte nicht das beruhigende Rauschen des Wassers im Garten, auf dem Balkon oder der Terrasse h\u00f6ren? Dazu das funkelnde Wasser im Sonnenlicht macht diesen Gartenbrunnen zu dem Hingucker. An hei\u00dfen Sommertagen sorgt der <b>&#8220;WALD-ZAUBER&#8221;<\/b> auch f\u00fcr ein angenehmes Mikroklima.<\/p>\n<p><strong>Day and night operation<\/strong><\/p>\n<p>Die im Lieferumfang enthaltene Solarpumpe ist f\u00fcr den Betrieb bei Tag aber auch f\u00fcr die Nacht ausgelegt. M\u00f6glich macht das der eingebaute Li-Ion-Akku im Solarpanel. Der Akku wird bei Sonneneinstrahlung auf dem Solarpanel aufgeladen. So kann der <b>&#8220;WALD-ZAUBER&#8221;<\/b> auch bei schlechten Lichtverh\u00e4ltnissen oder nach dem Sonnenuntergang betrieben werden. Die maximale F\u00f6rderleistung wird bei optimalen Bedingungen, wie strahlender Sonnenschein und ein aufgeladener Akku, erreicht. Nach einer Nacht schaltet die Pumpe automatisch in den Solarmodus, wenn ausreichend Sonnenlicht vorhanden ist. Die Akku-Funktion kann aber auch ausgeschaltet werden.<\/p>\n<p><strong>Individual placement<\/strong><\/p>\n<p>Diesen Gartenbrunnen k\u00f6nnen Sie an jeder Stelle in Ihrem Garten platzieren. Sie sind an keine Steckdose gebunden und das l\u00e4stige Verlegen des 230V-Kabels entf\u00e4llt. Au\u00dferdem k\u00f6nnen Sie das Solarsystem nach Ihrem Geschmack effektvoll Positionieren. Eine sichere Nutzung ist durch den Anschluss an das Solarpanel gegeben (gegen\u00fcber der 230V Steckdose). Sparen Sie sich den \u00c4rger mit den durch Nagetiere besch\u00e4digten Kabeln und dadurch verursachten Stromausf\u00e4llen. Bitte bedenken Sie, dass das Solarpanel stets im vollen Sonnenlicht zu platzieren und auszurichten ist, da sonst keine Pumpenfunktion garantiert werden kann.<\/p>\n<p><strong>Product information on the Li-ion battery:<\/strong><\/p>\n<p>The innovative Li-ion batteries have no memory effect. This is particularly important for frequent charging and discharging processes, such as with solar pond pumps, in order to ensure long-term battery life. <strong>Optimum battery capacity<\/strong> to achieve. The Li-Ion batteries are much better at withstanding temperature fluctuations than conventional batteries. You can expect a longer-lasting and livelier water feature. The solar fountain starts to function automatically as soon as it is fully charged! As <strong>Protection against deep discharge<\/strong> the system switches off automatically when the minimum final charge level is reached. <strong>No battery change required!<\/strong> <b><font color=\"#048610\">Insgesamt haben die Li-Ion-Akkus im Vergleich zu herk\u00f6mmlichen Akkus eine 3 Mal l\u00e4ngere Laufzeit und eine bis zu 10-FACHE Lebensdauer beim Betrieb mit Solarteichpumpen!<\/font><\/b><\/p>\n<p style=\"font-size:11px;\"><b>Legal notice:<\/b> Our products are individually colored by hand, so color deviations cannot be avoided. Furthermore, due to the lighting conditions during product photography and different screen settings, the color of the product may not be reproduced authentically and is therefore not a reason for complaint.<\/p>\n<p>\n<b>Akku im Solarpanel nicht gen\u00fcgend aufgeladen ist, da dieses bei Auslieferung nur bis zu 30% Kapazit\u00e4t hat.<br \/>\nBitte lassen Sie das Solarpanel erst einmal 2 Tage aufladen, bevor Sie es benutzen.<\/b><\/div>\n<h3>Many good reasons why you should buy this product:<\/h3>\n<div class=\"sale_motive\">\n<ul>\n<li>2-year guarantee, service life over 60,000 operating hours* <b>(Note below)<\/b><\/li>\n<li>Very beautiful and decorative replica of a fountain cascade made of polyresin, - a real eye-catcher in your home. <b>Garden<\/b>, on the <b>Balcony<\/b> or the <b>Terrace<\/b><\/li>\n<li><b>80cm<\/b> Funding level<\/li>\n<li>max. F\u00f6rdermenge 180L\/h<\/li>\n<li>Improved model with pump instant start function<\/li>\n<li>Plug-in solar pump system - ready for immediate use<\/li>\n<li>High-quality solar panel in the <b>stabilen Kunststoff-Rahmen<\/b> mit einer Leistung von 2,8 Watt<\/li>\n<li>Integrated filter protects the pump (easy to clean)<\/li>\n<li>einstellbarer Winkel des Solarmoduls und 3 Meter Anschlusskabel machen eine optimale Platzierung des Panels im sonnigen Bereich m\u00f6glich<\/li>\n<\/ul>\n<p>*Warranty only applies to pond pump, not solar panel or cable.<\/p>\n<\/div>","protected":false},"excerpt":{"rendered":"<p>Hochwertiges, solarbetriebenes Pumpensystem f\u00fcr den Au\u00dfenbereich &#8211; mit LED-Beleuchtung.<br \/>\nSetzen Sie Ihren Garten in Szene!<br \/>\nDay and night operation!<\/p>","protected":false},"featured_media":39527,"comment_status":"open","ping_status":"closed","template":"","meta":[],"product_brand":[],"product_cat":[278],"product_tag":[],"class_list":{"0":"post-30640","1":"product","2":"type-product","3":"status-publish","4":"has-post-thumbnail","6":"product_cat-brunnen-mit-solar-betrieb","8":"first","9":"instock","10":"taxable","11":"shipping-taxable","12":"purchasable","13":"product-type-simple"},"_links":{"self":[{"href":"https:\/\/testshop.igel.wovodo.de\/en\/wp-json\/wp\/v2\/product\/30640","targetHints":{"allow":["GET"]}}],"collection":[{"href":"https:\/\/testshop.igel.wovodo.de\/en\/wp-json\/wp\/v2\/product"}],"about":[{"href":"https:\/\/testshop.igel.wovodo.de\/en\/wp-json\/wp\/v2\/types\/product"}],"replies":[{"embeddable":true,"href":"https:\/\/testshop.igel.wovodo.de\/en\/wp-json\/wp\/v2\/comments?post=30640"}],"version-history":[{"count":3,"href":"https:\/\/testshop.igel.wovodo.de\/en\/wp-json\/wp\/v2\/product\/30640\/revisions"}],"predecessor-version":[{"id":39944,"href":"https:\/\/testshop.igel.wovodo.de\/en\/wp-json\/wp\/v2\/product\/30640\/revisions\/39944"}],"wp:featuredmedia":[{"embeddable":true,"href":"https:\/\/testshop.igel.wovodo.de\/en\/wp-json\/wp\/v2\/media\/39527"}],"wp:attachment":[{"href":"https:\/\/testshop.igel.wovodo.de\/en\/wp-json\/wp\/v2\/media?parent=30640"}],"wp:term":[{"taxonomy":"product_brand","embeddable":true,"href":"https:\/\/testshop.igel.wovodo.de\/en\/wp-json\/wp\/v2\/product_brand?post=30640"},{"taxonomy":"product_cat","embeddable":true,"href":"https:\/\/testshop.igel.wovodo.de\/en\/wp-json\/wp\/v2\/product_cat?post=30640"},{"taxonomy":"product_tag","embeddable":true,"href":"https:\/\/testshop.igel.wovodo.de\/en\/wp-json\/wp\/v2\/product_tag?post=30640"}],"curies":[{"name":"wp","href":"https:\/\/api.w.org\/{rel}","templated":true}]}}