{"id":30642,"date":"2024-10-31T14:11:38","date_gmt":"2024-10-31T13:11:38","guid":{"rendered":"https:\/\/testshop.igel.wovodo.de\/product\/profi-airbrush-kompressor-duo-power-ii\/"},"modified":"2025-01-27T12:31:27","modified_gmt":"2025-01-27T11:31:27","slug":"profi-airbrush-kompressor-duo-power-ii","status":"publish","type":"product","link":"https:\/\/testshop.igel.wovodo.de\/en\/product\/profi-airbrush-kompressor-duo-power-ii\/","title":{"rendered":"Professional AirBrush compressor DUO-Power II"},"content":{"rendered":"<div class=\"sale_application\">\n<b><\/p>\n<p>Ideal for cosmetics &amp; beauty (airbrush nail art, makeup, hair coloring, hair care, spray tanning), body art (body painting, tattoo, mask design), hobby (flowers\/ flower arrangements, model making, ceramics\/ pottery, textiles), small car designs (gas caps\/ helmets), technical illustrations\/ photo touch-ups and food decoration (cakes\/ cupcakes). The possibilities for airbrushing are practically unlimited.<\/p>\n<p><\/b> <\/div>\n<div class=\"sale_description\">\n<p>Dieser Dieser \u00f6l- und wartungsfreie <strong>Airbrush Kompressor DUO-POWER II<\/strong> ist ein Zwei-Zylinder-Kolben-Kompressor mit Lufttank und einer Druckluftreserve von 3,5 Litern. Der Airbrush Kompressor ist f\u00fcr Arbeiten mit allen handels\u00fcblichen Airbrush-Pistolen und Airbrush-Farben geeignet. Mit nur 50 dB erm\u00f6glicht er angenehmes, leises Arbeiten auch in kleineren, geschlossenen R\u00e4umen.<\/p>\n<p>Ausgestattet ist der Airbrush Kompressor mit einem <b>Tragegriff<\/b>, einer <b>Auto-Stop-Automatik<\/b>, einem <b>Manometer<\/b>, einem <b>Wasserabschneider<\/b>, einem integrierten Durchfluss- und Druckregler und einem Luftdrucktank mit einer Druckluftreserve von 3,5 Litern.<\/p>\n<p>Sein kompaktes Design und der integrierte Tragegriff erleichtern den mobilen Einsatz. Die Abschaltautomatik erm\u00f6glicht einen stromsparenden und ger\u00e4teschonenden Betrieb. Durch den integrierten Lufttank ist ein perfektes Arbeiten durch gleichbleibenden Luftdruckm\u00f6glich.<\/p>\n<p>Der Autostop bei Schalterstellung I erfolgt bei einem Druck von 4bar und bei 3bar wird der Kompressor wieder gestartet. Bei Schalterstellung II schaltet das Ger\u00e4t nicht automatisch aus und erlaubt ein kontinuierliches Weiterarbeiten am Objekt.<\/p>\n<\/div>\n<h3>Many good reasons why you should buy this product:<\/h3>\n<div class=\"sale_motive\">\n<ul>\n<li>energieeffizienter Zwei-Zylinder Kolbenkompressor<\/li>\n<li><span class=\"high1\">vielf\u00e4ltige Einsatzgebiete<\/span><\/li>\n<li>Transportable and quickly ready for use<\/li>\n<li>Ideal f\u00fcr AB-Pistolen mit geringem und hohem Luftdurchlass<\/li>\n<li>kompaktes und sch\u00f6nes Design<\/li>\n<li><span class=\"high1\">Autostop Automatik (4bar-Stop | 3bar-Start)<\/span><\/li>\n<li>2 Leistungsstufen<\/li>\n<li>Oil and maintenance-free<\/li>\n<li>Perfect work thanks to constant working pressure<\/li>\n<li>Anschluss: 0,3 cm (<span class=\"high1\">1\/8&#8243;<\/span>) Gewinde f\u00fcr alle g\u00e4ngigen Airbrush Pistolen<\/li>\n<li>optimal f\u00fcr den station\u00e4ren und mobilen Einsatz<\/li>\n<li>Thermally protected<\/li>\n<li><span class=\"high1\">integrierter Durchfluss- und Druckregler, Manometer, Wasserabscheider<\/span><\/li>\n<li><span class=\"high1\">integrierter Luft-Tank mit Druckluftreserve  3,5l<\/span><\/li>\n<li>Sicherheits- und R\u00fcckschlagventil<\/li>\n<li><span class=\"high1\">fl\u00fcsterleiser Betrieb ca. 49 dB<\/span> (Zum Vergleich: eine normale Sprache in 1 m Abstand = 60 dB)<\/li>\n<\/ul>\n<\/div>","protected":false},"excerpt":{"rendered":"<p>Powerful, robust <strong>Airbrush compressor<\/strong> mit 3,5L Druckkessel \/ max. Druck: 6bar \/ max. Luftabgabemenge: 30-35 l\/min \/ 190 Watt<\/p>\n<p><strong>Ideal for professionals in the airbrush technique!<\/strong><\/p>","protected":false},"featured_media":33593,"comment_status":"open","ping_status":"closed","template":"","meta":[],"product_brand":[],"product_cat":[441,271,270,189],"product_tag":[],"class_list":{"0":"post-30642","1":"product","2":"type-product","3":"status-publish","4":"has-post-thumbnail","6":"product_cat-kompressor-drucktank","7":"product_cat-profi-kompressor","8":"product_cat-airbrushkompressor","9":"product_cat-airbrush-kompressor","11":"first","12":"instock","13":"taxable","14":"shipping-taxable","15":"purchasable","16":"product-type-simple"},"_links":{"self":[{"href":"https:\/\/testshop.igel.wovodo.de\/en\/wp-json\/wp\/v2\/product\/30642","targetHints":{"allow":["GET"]}}],"collection":[{"href":"https:\/\/testshop.igel.wovodo.de\/en\/wp-json\/wp\/v2\/product"}],"about":[{"href":"https:\/\/testshop.igel.wovodo.de\/en\/wp-json\/wp\/v2\/types\/product"}],"replies":[{"embeddable":true,"href":"https:\/\/testshop.igel.wovodo.de\/en\/wp-json\/wp\/v2\/comments?post=30642"}],"version-history":[{"count":1,"href":"https:\/\/testshop.igel.wovodo.de\/en\/wp-json\/wp\/v2\/product\/30642\/revisions"}],"predecessor-version":[{"id":35252,"href":"https:\/\/testshop.igel.wovodo.de\/en\/wp-json\/wp\/v2\/product\/30642\/revisions\/35252"}],"wp:featuredmedia":[{"embeddable":true,"href":"https:\/\/testshop.igel.wovodo.de\/en\/wp-json\/wp\/v2\/media\/33593"}],"wp:attachment":[{"href":"https:\/\/testshop.igel.wovodo.de\/en\/wp-json\/wp\/v2\/media?parent=30642"}],"wp:term":[{"taxonomy":"product_brand","embeddable":true,"href":"https:\/\/testshop.igel.wovodo.de\/en\/wp-json\/wp\/v2\/product_brand?post=30642"},{"taxonomy":"product_cat","embeddable":true,"href":"https:\/\/testshop.igel.wovodo.de\/en\/wp-json\/wp\/v2\/product_cat?post=30642"},{"taxonomy":"product_tag","embeddable":true,"href":"https:\/\/testshop.igel.wovodo.de\/en\/wp-json\/wp\/v2\/product_tag?post=30642"}],"curies":[{"name":"wp","href":"https:\/\/api.w.org\/{rel}","templated":true}]}}