{"id":30687,"date":"2024-10-31T14:12:04","date_gmt":"2024-10-31T13:12:04","guid":{"rendered":"https:\/\/testshop.igel.wovodo.de\/product\/regentonne-felsbrocken-stein-grau-zzgl-befuell-und-entnahme-set-auswahl\/"},"modified":"2025-01-27T12:31:40","modified_gmt":"2025-01-27T11:31:40","slug":"regentonne-felsbrocken-stein-grau-zzgl-befuell-und-entnahme-set-auswahl","status":"publish","type":"product","link":"https:\/\/testshop.igel.wovodo.de\/en\/product\/regentonne-felsbrocken-stein-grau-zzgl-befuell-und-entnahme-set-auswahl\/","title":{"rendered":"Regentonne FELSBROCKEN stein-grau zzgl. Bef\u00fcll- und Entnahme-Set-Auswahl"},"content":{"rendered":"<div class=\"sale_application\">\n<ul>\n<li>Hochwertige Regentonne zur Regenwassernutzung in Haus und Garten<\/li>\n<\/ul>\n<\/div>\n<div class=\"sale_description\">\n<p>Der Gallier Obelix h\u00e4tte bestimmt seine helle Freude an dieser au\u00dfergew\u00f6hnlichen Designer-Regentonne. Sie ist zwar nicht so schwer wie ein Hinkelstein, sieht daf\u00fcr aber t\u00e4uschend echt aus. Ob als Gartenzierde, Pumpengeh\u00e4use oder Abdeckung f\u00fcr Teichfilter- in jedem Fall ein Schmuckst\u00fcck f\u00fcr Ihren Garten und n\u00fctzlich zugleich.<\/p>\n<p>Dezent angeformte flache Stellen sind f\u00fcr Wasserzulauf und -ablauf vorgesehen. Im Bedarfsfall k\u00f6nnen diese bauseitig aufgebohrt werden.<\/p>\n<p>Bedingt durch das besondere innovative Fertigungsverfahren &#8220;Rotationssinter-Technik&#8221; und Materialauswahl sind unsere Produkte <font color=\"#FF0000\"><strong>echte &#8220;LONG-LIFE!&#8221; &#8211; Regentonnen<\/strong><\/font>. Einmal richtig installiert und angeschlossen &#8211; und Sie haben sehr-sehr lange Freude dran! Kein Billigm\u00fcll, der nach 2-3 Jahren auf dem Bauhof landet und die M\u00fcllhalden f\u00fcllt. Die Tonnen sind nicht billig, aber in jedem Fall das Geld wert!<\/p>\n<h3>Produkt-Empfehlung <b>(wenn ausgew\u00e4hlt) <\/b><\/h3>\n<p>Zu den Regentonnen empfehlen wir, stets das passende Anschlu\u00df-Zubeh\u00f6r mitzubestellen:<\/p>\n<ul>\n<li><b>Entweder den Filter T33<\/b> (Lieferung inkl. allem Zubeh\u00f6r, damit das Wasser in die Regentonne kommt) oder als<\/li>\n<li><b>Bef\u00fcll- und Entnahmeset<\/b> (Lieferung inkl. Filter T33 und allem Zubeh\u00f6r, wie oben sowie dem Entnahmeset, mit dem Sie das Wasser aus der Tonne restlos entnehmen k\u00f6nnen).<\/li>\n<li>Einen <b>Auslaufhahn \/ Wasserhahn,<\/b> matt oder poliert in 3\/4 Zoll mit Schlaucht\u00fclle 12mm oder 17mm<\/li>\n<\/ul>\n<p>Der Filter T33 bef\u00fcllt Ihre Regentonne automatisch mit sauberem Wasser, auch wenn Sie nicht zu Hause sind! <\/p>\n<p>Der Regenfilter wird in das Fallrohr der Regenrinne eingebaut. Dort filtert er Bl\u00e4tter, Insekten, Sandk\u00f6rner und andere Partikel aus dem Regenwasser. So wird die Regentonne stets mit sauberem Wasser bef\u00fcllt.<\/p>\n<p>Der Filter ist mit einer <font color=\"#FF0000\"><strong>&#8220;F\u00fcll-Stopp-Automatik&#8221;<\/strong><\/font> ausgestattet. In der entsprechenden H\u00f6he in das Fallrohr eingebaut (Montageanleitung beachten) sorgt der Filter automatisch daf\u00fcr, dass die Regentonne nicht \u00fcberl\u00e4uft. Dadurch werden teuere Wassersch\u00e4den an Haus und Kellerwand zuverl\u00e4ssig vermieden.<\/p>\n<p> Hinweis: Leider kommen beim Transport und Handling von Tanks sowie Regentonnen leichte Kratzer sowie Scheuerstellen vor. Diese sind unvermeidbar. Sie stellen kein Reklamationsgrund dar und berechtigen nicht zu Abz\u00fcgen oder Rechnungstminderung. * Bitte pr\u00fcfen Sie die Sendung sofort! Ein von au\u00dfen erkennbarer Schaden wird von der Versicherung nicht mehr anerkannt, wenn Sie den Empfang der unbesch\u00e4digten Sendung durch Unterschrift best\u00e4tigen. Also: wenn die Sendung bei der \u00dcbergabe von au\u00dfen schon besch\u00e4digt ist, bitte das vom \u00dcberbringer schriftlich best\u00e4tigen lassen. Schreiben Sie den Namen und ggf. Kfz-Kennzeichen des \u00dcberbringers auf und teilen uns das SOFORT schriftlich mit. * Melden Sie sich bitte bei von au\u00dfen nicht erkennbaren Sch\u00e4den unverz\u00fcglich (innerhalb von 5 Werktagen) mit Hilfe des Service-Bogens bei uns! <\/p>\n<p style=\"font-size:11px;\"><b>Legal notice:<\/b> Our products are individually colored by hand, so color deviations cannot be avoided. Furthermore, due to the lighting conditions during product photography and different screen settings, the color of the product may not be reproduced authentically and is therefore not a reason for complaint.<\/p>\n<\/div>\n<h3>Many good reasons why you should buy this product:<\/h3>\n<div class=\"sale_motive\">\n<ul>\n<li>Hochwertige Regentonne aus PE-Kunststoff<\/li>\n<li>N\u00fctzlich &amp; dekorativ<\/li>\n<li>Dauerhaft dicht &amp; langlebig<\/li>\n<li>Stabil, bruch- und schlagfest<\/li>\n<li>Frostsicher, witterungsfest &amp; UV-best\u00e4ndig<\/li>\n<li>Inkl. Deckel mit kindersicherem Bajonett-Verschluss<\/li>\n<li>Inkl. 3\/4&#8243;-Auslaufhahn<\/li>\n<\/ul>\n<\/div>","protected":false},"excerpt":{"rendered":"<p>Hochwertige Regentonne zur Regenwassernutzung in Haus und Garten Der Gallier Obelix h\u00e4tte bestimmt seine helle Freude an dieser au\u00dfergew\u00f6hnlichen Designer-Regentonne.<\/p>","protected":false},"featured_media":33701,"comment_status":"open","ping_status":"closed","template":"","meta":[],"product_brand":[],"product_cat":[422,421],"product_tag":[],"class_list":{"0":"post-30687","1":"product","2":"type-product","3":"status-publish","4":"has-post-thumbnail","6":"product_cat-fels","7":"product_cat-regentonne-fels","9":"first","10":"instock","11":"taxable","12":"shipping-taxable","13":"purchasable","14":"product-type-simple"},"_links":{"self":[{"href":"https:\/\/testshop.igel.wovodo.de\/en\/wp-json\/wp\/v2\/product\/30687","targetHints":{"allow":["GET"]}}],"collection":[{"href":"https:\/\/testshop.igel.wovodo.de\/en\/wp-json\/wp\/v2\/product"}],"about":[{"href":"https:\/\/testshop.igel.wovodo.de\/en\/wp-json\/wp\/v2\/types\/product"}],"replies":[{"embeddable":true,"href":"https:\/\/testshop.igel.wovodo.de\/en\/wp-json\/wp\/v2\/comments?post=30687"}],"version-history":[{"count":1,"href":"https:\/\/testshop.igel.wovodo.de\/en\/wp-json\/wp\/v2\/product\/30687\/revisions"}],"predecessor-version":[{"id":35297,"href":"https:\/\/testshop.igel.wovodo.de\/en\/wp-json\/wp\/v2\/product\/30687\/revisions\/35297"}],"wp:featuredmedia":[{"embeddable":true,"href":"https:\/\/testshop.igel.wovodo.de\/en\/wp-json\/wp\/v2\/media\/33701"}],"wp:attachment":[{"href":"https:\/\/testshop.igel.wovodo.de\/en\/wp-json\/wp\/v2\/media?parent=30687"}],"wp:term":[{"taxonomy":"product_brand","embeddable":true,"href":"https:\/\/testshop.igel.wovodo.de\/en\/wp-json\/wp\/v2\/product_brand?post=30687"},{"taxonomy":"product_cat","embeddable":true,"href":"https:\/\/testshop.igel.wovodo.de\/en\/wp-json\/wp\/v2\/product_cat?post=30687"},{"taxonomy":"product_tag","embeddable":true,"href":"https:\/\/testshop.igel.wovodo.de\/en\/wp-json\/wp\/v2\/product_tag?post=30687"}],"curies":[{"name":"wp","href":"https:\/\/api.w.org\/{rel}","templated":true}]}}