{"id":30720,"date":"2024-10-31T14:12:25","date_gmt":"2024-10-31T13:12:25","guid":{"rendered":"https:\/\/testshop.igel.wovodo.de\/product\/solar-garten-wandbrunnen-veneziano-mit-led-licht-und-li-ion-akku\/"},"modified":"2025-01-27T12:31:49","modified_gmt":"2025-01-27T11:31:49","slug":"solar-garten-wandbrunnen-veneziano-mit-led-licht-und-li-ion-akku","status":"publish","type":"product","link":"https:\/\/testshop.igel.wovodo.de\/en\/product\/solar-garten-wandbrunnen-veneziano-mit-led-licht-und-li-ion-akku\/","title":{"rendered":"Solar &#8211; Garten- &amp; Wandbrunnen &#8220;VENEZIANO&#8221; mit LED-Licht und Li-Ion-Akku"},"content":{"rendered":"<div class=\"sale_application\">\n<p>Solarbetriebener Garten-Wandbrunnen mit Li-Ion Akku und LED-Lichter<\/p>\n<\/p><\/div>\n<div class=\"sale_description\">\n<p>The <b>&#8220;VENEZIANO&#8221;<\/b> ist ein Solarbrunnen f\u00fcr den Garten aus witterungsbest\u00e4ndigem Polyresin. Der stattliche L\u00f6wenkopf und die goldenen Verzierungen geben dem solarbetriebenen Springbrunnen ein mond\u00e4nes, barockes Aussehen und machen den Gartenbrunnen zum perfekten Blickfang. Der Solarbrunnen mit Akku setzt die Kraft der Sonne in flie\u00dfendes Wasser um. Hochwertige Komponenten bringen das Wasser in Bewegung, sobald das Sonnenlicht die Solarfl\u00e4che erreicht. Das beruhigende Rauschen des Wassers erzeugt im Garten, auf dem Balkon oder der Terrasse eine entspannte Atmosph\u00e4re. Bei Sonneneinstrahlung flie\u00dft das Wasser aus dem L\u00f6wenmaul und wird mit der Pumpe wieder nach oben gef\u00f6rdert.<\/p>\n<p><strong>&#8220;VENEZIANO&#8221; &#8211; Ihr neues Lieblingsst\u00fcck im Garten!<\/strong><\/p>\n<p>Das innovative Solar-Pumpensystem garantiert Ihnen jahrelange Freude. Es hat eine Lebensdauer \u00fcber 60.000 Stunden, in denen Sie die sch\u00f6nen Wasserl\u00e4ufe bewundern k\u00f6nnen, ohne an die stetig wachsenden Strompreise denken zu m\u00fcssen.<\/p>\n<p><strong>Wandmontage m\u00f6glich<\/strong><\/p>\n<p>Der Solar &#8211; Garten- &amp; Wandbrunnen &#8220;VENEZIANO&#8221; mit LED-Licht und Li-Ion-Akku kann an jeder Stelle im Garten eingesetzt werden. Sie sind an keine 230V-Steckdose gebunden. Das l\u00e4stige Verlegen der 230V-Kabel entf\u00e4llt. Sie k\u00f6nnen das Solarsystem optimal platzieren sowie effektvoll und sicher nutzen. Kein \u00c4rger mehr mit den durch Nagetiere besch\u00e4digten Kabeln und dadurch verursachten Stromausf\u00e4llen. Der Gartenbrunnen kann in der von Ihnen gew\u00fcnschten H\u00f6he an einer Wand montiert werden. Alle technischen Einstellungen zum Akku- und Solarbetrieb k\u00f6nnen auf der R\u00fcckseite des Solarmoduls durchgef\u00fchrt werden. Die Elektronik ist durch eine Abdeckung gesch\u00fctzt, die sich ohne Spezial-Werkzeug abnehmen l\u00e4sst.<\/p>\n<p><strong>Product information on the Li-ion battery:<\/strong><\/p>\n<p>The innovative Li-ion batteries have no memory effect. This is particularly important for frequent charging and discharging processes, such as with solar pond pumps, in order to ensure long-term battery life. <strong>Optimum battery capacity<\/strong> to achieve. The Li-Ion batteries are much better at withstanding temperature fluctuations than conventional batteries. You can expect a longer-lasting and livelier water feature. The solar fountain starts to function automatically as soon as it is fully charged! As <strong>Protection against deep discharge<\/strong> the system switches off automatically when the minimum final charge level is reached. <strong>No battery change required!<\/strong> <b><font color=\"#048610\">Overall, the Li-Ion batteries have a 3 times longer service life compared to conventional batteries and up to 10 TIMES the service life when used with solar pond pumps!<\/font><\/b><\/p>\n<p style=\"font-size:11px;\"><b>Legal notice:<\/b> Our products are individually colored by hand, so color deviations cannot be avoided. Furthermore, due to the lighting conditions during product photography and different screen settings, the color of the product may not be reproduced authentically and is therefore not a reason for complaint.<\/p>\n<\/div>\n<h3>Many good reasons why you should buy this product:<\/h3>\n<div class=\"sale_motive\">\n<ul>\n<li>Steckfertiges Solarpumpensystem &#8211; <strong>sofort einsatzbereit<\/strong><\/li>\n<li>2 Jahre Garantie*, Lebensdauer \u00fcber 60.000 Betriebsstunden<\/li>\n<li>Mond\u00e4n wirkender Solar-Brunnen mit L\u00f6wenkopf und Ornamenten<\/li>\n<li><strong>Day and night operation<\/strong> durch Solar- und Akku-Betrieb<\/li>\n<li>Mit LED-Licht f\u00fcr den Nachtbetrieb<\/li>\n<li>Geeignet f\u00fcr <strong>Garden<\/strong>, <strong>Balcony<\/strong> and <strong>Terrace<\/strong><\/li>\n<li>Hochwertiges Solarpanel mit einer Leistung von 3 Watt<\/li>\n<li>Es wird kein zus\u00e4tzlicher Strom verbraucht &#8211; Betrieb ohne Folgekosten<\/li>\n<li>Integrierter Filter sch\u00fctzt die Pumpe (l\u00e4sst sich leicht reinigen)<\/li>\n<li><strong>Sch\u00f6nes Design &#8211; der perfekte Blickfang!<\/strong><\/li>\n<\/ul>\n<p>*Garantie gilt nur f\u00fcr die Teichpumpe, nicht f\u00fcr das Solarpanel oder die Kabel.<\/p>\n<\/div>","protected":false},"excerpt":{"rendered":"<p>Hochwertiges, solarbetriebenes Pumpensystem f\u00fcr den Au\u00dfenbereich &#8211; mit LED-Beleuchtung.<br \/>\nIhr neues Lieblingsst\u00fcck im Garten!<\/p>\n<p>Day and night operation!<\/p>","protected":false},"featured_media":37729,"comment_status":"open","ping_status":"closed","template":"","meta":[],"product_brand":[],"product_cat":[278],"product_tag":[],"class_list":{"0":"post-30720","1":"product","2":"type-product","3":"status-publish","4":"has-post-thumbnail","6":"product_cat-brunnen-mit-solar-betrieb","8":"first","9":"instock","10":"sale","11":"taxable","12":"shipping-taxable","13":"purchasable","14":"product-type-simple"},"_links":{"self":[{"href":"https:\/\/testshop.igel.wovodo.de\/en\/wp-json\/wp\/v2\/product\/30720","targetHints":{"allow":["GET"]}}],"collection":[{"href":"https:\/\/testshop.igel.wovodo.de\/en\/wp-json\/wp\/v2\/product"}],"about":[{"href":"https:\/\/testshop.igel.wovodo.de\/en\/wp-json\/wp\/v2\/types\/product"}],"replies":[{"embeddable":true,"href":"https:\/\/testshop.igel.wovodo.de\/en\/wp-json\/wp\/v2\/comments?post=30720"}],"version-history":[{"count":1,"href":"https:\/\/testshop.igel.wovodo.de\/en\/wp-json\/wp\/v2\/product\/30720\/revisions"}],"predecessor-version":[{"id":35330,"href":"https:\/\/testshop.igel.wovodo.de\/en\/wp-json\/wp\/v2\/product\/30720\/revisions\/35330"}],"wp:featuredmedia":[{"embeddable":true,"href":"https:\/\/testshop.igel.wovodo.de\/en\/wp-json\/wp\/v2\/media\/37729"}],"wp:attachment":[{"href":"https:\/\/testshop.igel.wovodo.de\/en\/wp-json\/wp\/v2\/media?parent=30720"}],"wp:term":[{"taxonomy":"product_brand","embeddable":true,"href":"https:\/\/testshop.igel.wovodo.de\/en\/wp-json\/wp\/v2\/product_brand?post=30720"},{"taxonomy":"product_cat","embeddable":true,"href":"https:\/\/testshop.igel.wovodo.de\/en\/wp-json\/wp\/v2\/product_cat?post=30720"},{"taxonomy":"product_tag","embeddable":true,"href":"https:\/\/testshop.igel.wovodo.de\/en\/wp-json\/wp\/v2\/product_tag?post=30720"}],"curies":[{"name":"wp","href":"https:\/\/api.w.org\/{rel}","templated":true}]}}