{"id":30722,"date":"2024-10-31T14:12:27","date_gmt":"2024-10-31T13:12:27","guid":{"rendered":"https:\/\/testshop.igel.wovodo.de\/product\/230v-gartenbrunnen-durstiger-frosch-mit-led-licht\/"},"modified":"2025-01-27T12:31:49","modified_gmt":"2025-01-27T11:31:49","slug":"230v-gartenbrunnen-durstiger-frosch-mit-led-licht","status":"publish","type":"product","link":"https:\/\/testshop.igel.wovodo.de\/en\/product\/230v-gartenbrunnen-durstiger-frosch-mit-led-licht\/","title":{"rendered":"230V &#8211; Gartenbrunnen DURSTIGER FROSCH mit LED-Licht"},"content":{"rendered":"<div class=\"sale_application\">\n<ul>\n<li>LED-Gartenbrunnen f\u00fcr den Innen- und Au\u00dfenbereich mit 230\/12V-Netzadapter<\/li>\n<\/ul><\/div>\n<div class=\"sale_description\">\n<div><strong>Dekorativ &amp; Wohltuend<\/strong><\/p>\n<p>Der Springbrunnen &#8220;Durstiger Frosch mit Steinschale&#8221; ist f\u00fcr den Innen- und Au\u00dfenbereich geeignet. Betrieben wird der erheiternde Gartenbrunnen mit einem 230\/12-Volt Netzadapter. Der Garten- und Zimmerbrunnen ist ein steckfertiger, sofort einsatzbereiter Gartenbrunnen mit gro\u00dfer Wirkung.<\/p>\n<p>\n<strong>Perfekter Blickfang<\/strong><\/p>\n<p>Mit der Stein-Dekoration sorgt der Gartenbrunnen f\u00fcr eine naturnahe Atmosph\u00e4re und Entspannung. Der Gartenbrunnen ist sowohl bei Tag als auch bei Nacht der perfekte Hingucker. Die mitgelieferte LED-Beleuchtung sorgt f\u00fcr die perfekte Illumination. Die LED-Lichter des austauschbaren LED-Rings erstrahlen in einem warmen Wei\u00df. Ganz gleich, wo der In- und Outdoor-Brunnen aufgestellt wird &#8211; der wassersprudelnde Gartenbrunnen wertet jeden Standort auf. Das Lebensexlixier Wasser belebt Wohnzimmer, Esszimmer, Flure und Eingangsbereiche, Winterg\u00e4rten oder Balkone, Terrassen und G\u00e4rten im privaten wie gewerblichen Umfeld.<\/p>\n<p>\n<strong>Werthaltig, best\u00e4ndig &amp; betriebssicher<\/strong><\/p>\n<p>Der wirkungsvolle Zierbrunnen ist f\u00fcr den 230-Volt-Betrieb vorgesehen. Die Pumpe und die LEDs werden mit sicherer 12V-Niederspannung betrieben (Adapter im Lieferumfang enthalten). Alle Kabelverbindungen sind verpolungssicher, wasserdicht und absolut funktionssicher. Dank praktischer Steckverbindungen sind alle Komponenten jederzeit austauschbar. So k\u00f6nnen Sie den Brunnen und das flie\u00dfende Wasser jahrelang genie\u00dfen!<\/p>\n<\/div>\n<div class=\"embed-responsive embed-responsive-16by9\">\n<iframe src=\"https:\/\/www.youtube-nocookie.com\/embed\/Tao_Wddcj-A?rel=0\" title=\"YouTube video player\" allow=\"accelerometer; autoplay; clipboard-write; encrypted-media; gyroscope; picture-in-picture\" allowfullscreen=\"\" width=\"560\" height=\"315\" frameborder=\"0\"><\/iframe>\n<\/div>\n<p><b>Note:<\/b> Frost kann zu Sch\u00e4den am Gartenbrunnen und der Pumpe f\u00fchren. Bei Frostgefahr muss der <b>Gartenbrunnen und die Pumpe entleert werden<\/b>, mit klarem Wasser gesp\u00fclt und trocken eingelagert werden. Dann haben Sie sehr lange Freude daran!<\/p>\n<\/p><\/div>\n<h3>Many good reasons why you should buy this product:<\/h3>\n<div class=\"sale_motive\">\n<ul>\n<li>Steckfertiger, sofort einsatzbereiter Gartenbrunnen<\/li>\n<li>lustiger Frosch mit Steinschale<\/li>\n<li>wirkt belebend auf die Sinne<\/li>\n<li>verbessert die Luftqualit\u00e4t<\/li>\n<li>dekorativ und n\u00fctzlich<\/li>\n<li>Indoor- und Outdoor-Gartenbrunnen<\/li>\n<li>Mit 230V\/12V-Anschluss<\/li>\n<li>Inkl. 2 Watt Pumpe<\/li>\n<li>Inkl. LED-Ring in warmem Wei\u00df (austauschbar)<\/li>\n<\/ul>\n<p><p style=\"font-size:11px;\"><b>Legal notice:<\/b> Our products are individually colored by hand, so color deviations cannot be avoided. Furthermore, due to the lighting conditions during product photography and different screen settings, the color of the product may not be reproduced authentically and is therefore not a reason for complaint.<\/p>\n<\/div>","protected":false},"excerpt":{"rendered":"<p>Gartenbrunnen &#8220;DURSTIGER FROSCH&#8221; mit austauschbarem LED-Licht<\/p>","protected":false},"featured_media":38589,"comment_status":"open","ping_status":"closed","template":"","meta":[],"product_brand":[],"product_cat":[318,254,362,319,178,244],"product_tag":[],"class_list":{"0":"post-30722","1":"product","2":"type-product","3":"status-publish","4":"has-post-thumbnail","6":"product_cat-gartenbrunnen","7":"product_cat-brunnen-mit-230-v-betrieb","8":"product_cat-maerchen-froesche","9":"product_cat-zimmerbrunnen","10":"product_cat-garten-u-zimmer-brunnen","11":"product_cat-startseite-pumpe","13":"first","14":"instock","15":"taxable","16":"shipping-taxable","17":"purchasable","18":"product-type-simple"},"_links":{"self":[{"href":"https:\/\/testshop.igel.wovodo.de\/en\/wp-json\/wp\/v2\/product\/30722","targetHints":{"allow":["GET"]}}],"collection":[{"href":"https:\/\/testshop.igel.wovodo.de\/en\/wp-json\/wp\/v2\/product"}],"about":[{"href":"https:\/\/testshop.igel.wovodo.de\/en\/wp-json\/wp\/v2\/types\/product"}],"replies":[{"embeddable":true,"href":"https:\/\/testshop.igel.wovodo.de\/en\/wp-json\/wp\/v2\/comments?post=30722"}],"version-history":[{"count":4,"href":"https:\/\/testshop.igel.wovodo.de\/en\/wp-json\/wp\/v2\/product\/30722\/revisions"}],"predecessor-version":[{"id":38776,"href":"https:\/\/testshop.igel.wovodo.de\/en\/wp-json\/wp\/v2\/product\/30722\/revisions\/38776"}],"wp:featuredmedia":[{"embeddable":true,"href":"https:\/\/testshop.igel.wovodo.de\/en\/wp-json\/wp\/v2\/media\/38589"}],"wp:attachment":[{"href":"https:\/\/testshop.igel.wovodo.de\/en\/wp-json\/wp\/v2\/media?parent=30722"}],"wp:term":[{"taxonomy":"product_brand","embeddable":true,"href":"https:\/\/testshop.igel.wovodo.de\/en\/wp-json\/wp\/v2\/product_brand?post=30722"},{"taxonomy":"product_cat","embeddable":true,"href":"https:\/\/testshop.igel.wovodo.de\/en\/wp-json\/wp\/v2\/product_cat?post=30722"},{"taxonomy":"product_tag","embeddable":true,"href":"https:\/\/testshop.igel.wovodo.de\/en\/wp-json\/wp\/v2\/product_tag?post=30722"}],"curies":[{"name":"wp","href":"https:\/\/api.w.org\/{rel}","templated":true}]}}