{"id":30761,"date":"2024-10-31T14:12:50","date_gmt":"2024-10-31T13:12:50","guid":{"rendered":"https:\/\/testshop.igel.wovodo.de\/product\/profi-airbrush-kompressor-beauty-maxx-ii-1\/"},"modified":"2025-01-27T12:32:04","modified_gmt":"2025-01-27T11:32:04","slug":"profi-airbrush-kompressor-beauty-maxx-ii-1","status":"publish","type":"product","link":"https:\/\/testshop.igel.wovodo.de\/en\/product\/profi-airbrush-kompressor-beauty-maxx-ii-1\/","title":{"rendered":"Professional AirBrush compressor Beauty Maxx II-1"},"content":{"rendered":"<div class=\"sale_application\">\n<p><b><\/p>\n<p>Ideal for cosmetics &amp; beauty (airbrush nail art, makeup, hair coloring, hair care, spray tanning), body art (body painting, tattoo, mask design), hobby (flowers\/ flower arrangements, model making, ceramics\/ pottery, textiles), small car designs (gas caps\/ helmets), technical illustrations\/ photo touch-ups and food decoration (cakes\/ cupcakes). The possibilities for airbrushing are practically unlimited.<\/p>\n<p><\/b> <\/div>\n<div class=\"sale_description\">\n<p>This oil- and maintenance-free <b>Airbrush Kompressor Beauty Maxx<\/b> ist f\u00fcr Arbeiten mit allen handels\u00fcblichen Airbrush Farben geeignet und somit ideal z.B. im kosmetischen Bereich f\u00fcr Beauty Anwendungen, Tanning, Nageldesign usw. Mit nur ca. 47dB erm\u00f6glicht er angenehmes Arbeiten auch in kleineren, geschlossenen R\u00e4umen. Sein kompaktes Design und der integrierte Tragegriff erleichtern den mobilen Einsatz. Die Abschaltautomatik erm\u00f6glicht einen stromsparenden Betrieb.<\/p>\n<p>Der Airbrush-Kompressor hat ein pflegeleichtes Geh\u00e4use mit Hitzeschutz. Der Arbeitsdruck ist per By-Pass regulierbar. Au\u00dferdem ist der Airbrush-Kompressor mit einem <b>integrierten 0,3-Liter-Lufttank<\/b> ausgestattet. Durch gleich bleibenden Arbeitsdruck erm\u00f6glicht der Kolbenkompressor f\u00fcr Airbrush ein perfektes Arbeiten. Mit seinem 1\/8-Zoll-Anschluss ist dieser Airbrush-Kompressor f\u00fcr alle g\u00e4ngigen Airbrushpistolen geeignet.<\/p>\n<\/div>\n<h3>Many good reasons why you should buy this product:<\/h3>\n<div class=\"sale_motive\">\n<ul>\n<li>energieeffizienter Einzel-Zylinder Kolbenkompressor<\/li>\n<li>Pflegeleichtes Geh\u00e4use mit Hitzeschutz<\/li>\n<li>\u00dcber By-Pass regelbarer Arbeits-Druck<\/li>\n<li>Integrierter Drucklufttank (integr. 0,3L-Druckbeh\u00e4lter)<\/li>\n<li>optimal f\u00fcr den mobilen Einsatz (kompakt und schnell einsatzbereit)<\/li>\n<li>Perfektes Arbeiten durch gleich bleibenden Arbeitsdruck <\/li>\n<li>G\u00e4ngiger Anschluss: 0,3cm (1\/8&#8243;) Gewinde f\u00fcr alle Airbrush Pistolen<\/li>\n<li>\u00d6l- und wartungsfrei, thermisch gesch\u00fctzt<\/li>\n<li>fl\u00fcsterleiser Betrieb ca. ca. 47dB (Zum Vergleich: eine normale Sprache in 1m Abstand = 60dB)\n<\/li>\n<\/ul>\n<\/div>","protected":false},"excerpt":{"rendered":"<p>Besonders kleiner und leichter Airbrush-Kompressor mit Geh\u00e4use | max. Druck: 3,1bar | max. Luftabgabemenge: 23 l\/min | 125 Watt<\/p>\n<p><b>With integrated air tank (0.3 l)!<br \/>\n  Ideal f\u00fcr feinere Arbeiten in Hobby, Werkstatt und Nailart<\/b><\/p>","protected":false},"featured_media":33880,"comment_status":"open","ping_status":"closed","template":"","meta":[],"product_brand":[],"product_cat":[441,271,190,270,189],"product_tag":[],"class_list":{"0":"post-30761","1":"product","2":"type-product","3":"status-publish","4":"has-post-thumbnail","6":"product_cat-kompressor-drucktank","7":"product_cat-profi-kompressor","8":"product_cat-mini-kompressor","9":"product_cat-airbrushkompressor","10":"product_cat-airbrush-kompressor","12":"first","13":"instock","14":"taxable","15":"shipping-taxable","16":"purchasable","17":"product-type-simple"},"_links":{"self":[{"href":"https:\/\/testshop.igel.wovodo.de\/en\/wp-json\/wp\/v2\/product\/30761","targetHints":{"allow":["GET"]}}],"collection":[{"href":"https:\/\/testshop.igel.wovodo.de\/en\/wp-json\/wp\/v2\/product"}],"about":[{"href":"https:\/\/testshop.igel.wovodo.de\/en\/wp-json\/wp\/v2\/types\/product"}],"replies":[{"embeddable":true,"href":"https:\/\/testshop.igel.wovodo.de\/en\/wp-json\/wp\/v2\/comments?post=30761"}],"version-history":[{"count":1,"href":"https:\/\/testshop.igel.wovodo.de\/en\/wp-json\/wp\/v2\/product\/30761\/revisions"}],"predecessor-version":[{"id":35371,"href":"https:\/\/testshop.igel.wovodo.de\/en\/wp-json\/wp\/v2\/product\/30761\/revisions\/35371"}],"wp:featuredmedia":[{"embeddable":true,"href":"https:\/\/testshop.igel.wovodo.de\/en\/wp-json\/wp\/v2\/media\/33880"}],"wp:attachment":[{"href":"https:\/\/testshop.igel.wovodo.de\/en\/wp-json\/wp\/v2\/media?parent=30761"}],"wp:term":[{"taxonomy":"product_brand","embeddable":true,"href":"https:\/\/testshop.igel.wovodo.de\/en\/wp-json\/wp\/v2\/product_brand?post=30761"},{"taxonomy":"product_cat","embeddable":true,"href":"https:\/\/testshop.igel.wovodo.de\/en\/wp-json\/wp\/v2\/product_cat?post=30761"},{"taxonomy":"product_tag","embeddable":true,"href":"https:\/\/testshop.igel.wovodo.de\/en\/wp-json\/wp\/v2\/product_tag?post=30761"}],"curies":[{"name":"wp","href":"https:\/\/api.w.org\/{rel}","templated":true}]}}