{"id":30781,"date":"2024-10-31T14:13:04","date_gmt":"2024-10-31T13:13:04","guid":{"rendered":"https:\/\/testshop.igel.wovodo.de\/product\/durchflusswaechter-presflo-2-multi-automatic-controller-unverkabelt-mit-intelligenten-selbst-ueberwachungsfunktionen\/"},"modified":"2025-01-27T12:32:11","modified_gmt":"2025-01-27T11:32:11","slug":"durchflusswaechter-presflo-2-multi-automatic-controller-unverkabelt-mit-intelligenten-selbst-ueberwachungsfunktionen","status":"publish","type":"product","link":"https:\/\/testshop.igel.wovodo.de\/en\/product\/durchflusswaechter-presflo-2-multi-automatic-controller-unverkabelt-mit-intelligenten-selbst-ueberwachungsfunktionen\/","title":{"rendered":"Durchflussw\u00e4chter PRESFLO-2-MULTI\u00ae &#8211; Automatic-Controller unverkabelt mit intelligenten Selbst-\u00dcberwachungsfunktionen"},"content":{"rendered":"<div class=\"sale_application\">\n<ul>\n<li>Automatic switching on and off of submersible and centrifugal pumps\n<li>Suitable for installation in pump shafts and cisterns <\/div>\n<div class=\"sale_description\">\n<p>Der Durchflussw\u00e4chter PRESFLO-2-MULTI\u00ae automatisiert und steuert das Einschalten der Kreisel- bzw. Tauchpumpe. Er \u00fcberwacht den Druck im Rohrsystem von der Pumpe bis zum Verbraucher. Bei einer Wasserentnahme aus dem Rohrsystem nimmt der Druck ab. F\u00e4llt der Druck unter den eingestellten Betriebsdruck, schaltet der Durchflussw\u00e4chter das angeschlossene Ger\u00e4t (z.B. Kreiselpumpe) an. Diese versorgt die Verbraucher wieder mit Wasser. Wird der Verbraucher geschlossen, verringert sich der Durchfluss und die Pumpe wird abgeschaltet. Sollte nach Einschalten der Pumpe kein Wasser vorhanden sein, schaltet der Durchflussw\u00e4chter wieder die Pumpe automatisch aus (Trockenlaufschutz).<\/p>\n<p>Das Besondere an dieser Pumpensteuerung PRESFLO-2-MULTI\u00ae mit integriertem Trockenlaufschutz und intelligenter Selbst-\u00dcberwachungsfunktion mit Pumpenschutz ist, dass der Betriebsdruck und der H\u00f6chststrom mechanisch eingestellt werden k\u00f6nnen; der Betriebsdruck von 1 bis 5 bar, der Stromsensor von 4 bis 16 Ampere. Die Ger\u00e4te-Software \u00fcberwacht die Einschaltintervalle. Bei zu h\u00e4ufigen &#8220;Ein-&#8221; und &#8220;Ausschaltvorg\u00e4ngen&#8221; in regelm\u00e4\u00dfigen Abst\u00e4nden wird die Pumpe nach einer fest eingestellten Zeit f\u00fcr eine bestimmte Pausenzeit ausgeschaltet. Nach Ablauf der Pausenzeit wird die Pumpe eingeschaltet und die Schaltvorg\u00e4nge beobachtet und ausgewertet. F\u00fcr viele Pumpenanwendungen ist es wichtig, da\u00df wenn eine St\u00f6rung in der Pumpe vorkommt (warum auch immer, z.b. durch Schmutzeintritt!, was manchmal unvermeidlich ist!), da\u00df die Pumpe nicht taktet, sondern sich sicher VORHER abschaltet. Genau das macht die PRESFLO-2-MULTI\u00ae-Steuerung! Alle anderen preiswerten Schalt-Ger\u00e4te haben diese Schutz-Funktion NICHT!\n<\/p>\n<p>Im Durchflussw\u00e4chter ist ein R\u00fcckschlagventil integriert. Dieses verhindert das Leerlaufen des Rohrsystems zur\u00fcck \u00fcber die Pumpe. Daher darf kein weiteres R\u00fcckschlagventil zwischen Pumpe und Durchflussw\u00e4chter installiert werden. Das kann zu Fehlern und sogar zu Besch\u00e4digungen an der Pumpe f\u00fchren. PRESFLO-2-MULTI\u00ae-Pumpensteuerungen d\u00fcrfen nur bei Pumpen mit Einphasenmotor verwendet werden.<\/p>\n<p>All the electronics are sealed watertight, which means significantly improved protection against condensation.<\/p>\n<p><b>Our tips:<\/b><\/p>\n<p>When using any pump switchgear, we strongly recommend always using an effective pre-filter\/cartridge filter upstream of the switchgear. This can significantly reduce problems caused by water contamination. (All commercially available professional switching devices have a non-return valve on the inlet side. If a grain of dirt settles between the sealing surfaces, the switchgear will no longer function properly. The pump cycles, i.e. it switches \"on\" and \"off\" again immediately. The pump gets hot and breaks down after a short time due to overheating. This can be prevented by using a pre-filter\/cartridge filter).<\/p>\n<p>A dripping tap or a toilet valve that is not 100% tight will cause the pump to cycle in the same way<br \/>\nThe PRESFLO\u00ae's intelligent self-monitoring system registers the pump cycle and interrupts pump operation to prevent damage. This reliably prevents damage caused by burst water pipes and overflowing cellars! <\/p>\n<\/div>\n<h3>Many good reasons why you should buy this product:<\/h3>\n<div class=\"sale_motive\">\n<ul>\n<li>Automatic switch-on of the pump (if required)\n    <\/li>\n<li>Integrated dry-running protection\n    <\/li>\n<li>einstellbarer Betriebsdruck (1 &#8211; 5 bar)\n    <\/li>\n<li>konfigurierbarer Stromsensor (4 &#8211;  16 Ampere)\n    <\/li>\n<li>Built-in non-return valve\n    <\/li>\n<li>Intelligent self-monitoring functions\n    <\/li>\n<li>Easy to handle\n    <\/li>\n<li>Gentle and energy-saving operation of the pump\n    <\/li>\n<li>high-quality EU production<\/li>\n<\/ul>\n<\/div>","protected":false},"excerpt":{"rendered":"<p>Automatic switching on and off of submersible and centrifugal pumps Suitable for installation in pump shafts and cisterns The PRESFLO-2-MULTI\u00ae flow monitor automates and switches off submersible and centrifugal pumps.<\/p>","protected":false},"featured_media":39861,"comment_status":"open","ping_status":"closed","template":"","meta":[],"product_brand":[],"product_cat":[295,298,199,201,296,205],"product_tag":[],"class_list":{"0":"post-30781","1":"product","2":"type-product","3":"status-publish","4":"has-post-thumbnail","6":"product_cat-druckschalter","7":"product_cat-druckschalter-einstellbar","8":"product_cat-zubehoer-hww","9":"product_cat-zubehoer-tauchpumpen","10":"product_cat-eu-fertigung-druckschalter","11":"product_cat-zubehoer-brunnenpumpe","13":"first","14":"instock","15":"taxable","16":"shipping-taxable","17":"purchasable","18":"product-type-simple"},"_links":{"self":[{"href":"https:\/\/testshop.igel.wovodo.de\/en\/wp-json\/wp\/v2\/product\/30781","targetHints":{"allow":["GET"]}}],"collection":[{"href":"https:\/\/testshop.igel.wovodo.de\/en\/wp-json\/wp\/v2\/product"}],"about":[{"href":"https:\/\/testshop.igel.wovodo.de\/en\/wp-json\/wp\/v2\/types\/product"}],"replies":[{"embeddable":true,"href":"https:\/\/testshop.igel.wovodo.de\/en\/wp-json\/wp\/v2\/comments?post=30781"}],"version-history":[{"count":1,"href":"https:\/\/testshop.igel.wovodo.de\/en\/wp-json\/wp\/v2\/product\/30781\/revisions"}],"predecessor-version":[{"id":35391,"href":"https:\/\/testshop.igel.wovodo.de\/en\/wp-json\/wp\/v2\/product\/30781\/revisions\/35391"}],"wp:featuredmedia":[{"embeddable":true,"href":"https:\/\/testshop.igel.wovodo.de\/en\/wp-json\/wp\/v2\/media\/39861"}],"wp:attachment":[{"href":"https:\/\/testshop.igel.wovodo.de\/en\/wp-json\/wp\/v2\/media?parent=30781"}],"wp:term":[{"taxonomy":"product_brand","embeddable":true,"href":"https:\/\/testshop.igel.wovodo.de\/en\/wp-json\/wp\/v2\/product_brand?post=30781"},{"taxonomy":"product_cat","embeddable":true,"href":"https:\/\/testshop.igel.wovodo.de\/en\/wp-json\/wp\/v2\/product_cat?post=30781"},{"taxonomy":"product_tag","embeddable":true,"href":"https:\/\/testshop.igel.wovodo.de\/en\/wp-json\/wp\/v2\/product_tag?post=30781"}],"curies":[{"name":"wp","href":"https:\/\/api.w.org\/{rel}","templated":true}]}}