{"id":30788,"date":"2024-10-31T14:13:08","date_gmt":"2024-10-31T13:13:08","guid":{"rendered":"https:\/\/testshop.igel.wovodo.de\/product\/dieselpumpe-standard-4-230v-selbstansaugende-pumpe-mit-vorfilter-und-2-stck-tuellen\/"},"modified":"2025-01-27T12:32:12","modified_gmt":"2025-01-27T11:32:12","slug":"dieselpumpe-standard-4-230v-selbstansaugende-pumpe-mit-vorfilter-und-2-stck-tuellen","status":"publish","type":"product","link":"https:\/\/testshop.igel.wovodo.de\/en\/product\/dieselpumpe-standard-4-230v-selbstansaugende-pumpe-mit-vorfilter-und-2-stck-tuellen\/","title":{"rendered":"Dieselpumpe STANDARD-4 &#8211; 230V Selbstansaugende Pumpe mit Vorfilter und 2 Stck T\u00fcllen"},"content":{"rendered":"<div class=\"sale_application\">\n<ul>\n<li>Umpumpen, Umf\u00fcllen, Entleeren von Diesel- oder Heiz\u00f6ltanks<\/li>\n<\/ul>\n<\/div>\n<div class=\"sale_description\">\n<p>Kraftvolle Dieself\u00f6rderung mit unserer <b>elektrischen Dieselpumpe Diesel STANDARD-4<\/b>, einer <b>selbstansaugenden 230-Volt-Diesel-Pumpe<\/b>. Untentbehrlich f\u00fcr jeden Fuhrpark , KFZ-Werkst\u00e4tten, Landwirtschaft, Autoverwertung usw! Wer viele Baumaschinen zu betanken hat, wird mit unserer Diesel-Pumpe seine Freude daran haben! Hiermit betanken Sie m\u00fchelos jegliche Art von Fahrzeugen und Maschinen. F\u00fcr diese Dieselpumpe ist auch das Umf\u00fcllen von Heiz\u00f6ltanks kein Problem. Dank dem <b>kr\u00e4ftigen 370 Watt starken Motor und der Selbstansaugung<\/b> ist dies schnell erledigt. Die Motorleistung von 370 Watt erm\u00f6glicht eine max. <b>Durchflussmenge von 3600l\/h<\/b> und eine maximale F\u00f6rderh\u00f6he von 5 Metern. Bitte beachten: Die F\u00f6rdermenge nimmt bei steigender F\u00f6rderh\u00f6he entsprechend ab.<\/p>\n<p><iframe src=\"https:\/\/www.youtube-nocookie.com\/embed\/kwwMofHzOi8?rel=0\" title=\"YouTube video player\" allow=\"accelerometer; autoplay; clipboard-write; encrypted-media; gyroscope; picture-in-picture\" allowfullscreen=\"\" width=\"560\" height=\"315\" frameborder=\"0\"><\/iframe><\/p>\n<p>Alle Diesel-Pumpen sind EINZELST\u00dcCK-gepr\u00fcft auf Ihre Funktion. Daher k\u00f6nnen Reste der Pr\u00fcffl\u00fcssigkeit in der Pumpe \/ Verpackung vorhanden sein.<\/p>\n<p>Die Diesel-Pumpe und die Saugleitung sind bei der Inbetriebnahme blasenfrei mit Diesel zu bef\u00fcllen. Ein <\/p>\n<p><b>Note: <\/b>Die Dieselpumpe und die Saugleitung sind bei der Inbetriebnahme blasenfrei mit Diesel zu bef\u00fcllen. Ein R\u00fcckschlagventil <b>(NICHT im LIeferumfang enthalten)<\/b> muss unbedingt am Ende der Saugleitung montiert und dicht sein.\n<\/p>\n<\/div>\n<h3>Many good reasons why you should buy this product:<\/h3>\n<div class=\"sale_motive\">\n<ul>\n<li>Selbstansaugend nach erster Bef\u00fcllung bzw. Entl\u00fcftung<\/li>\n<li>Schwere, robuste, zuverl\u00e4ssige Qualit\u00e4t<\/li>\n<li>\"On\" and \"Off\" switch with safety device<\/li>\n<li>mit zus\u00e4tzlicher Zubeh\u00f6r-Auswahl<\/li>\n<li>mit 2 T\u00fcllen f\u00fcr 25mm-Schlauchanschluss (1&#8243;)<\/li>\n<\/ul>\n<\/div>","protected":false},"excerpt":{"rendered":"<p>Selbstansaugende 230-Volt-Dieselpumpe mit 2 T\u00fcllen und Vorfilter<br \/>\nmax. F\u00f6rdermenge 3600 l\/ h | max. Saugh\u00f6he 5 m | max. F\u00f6rderdruck 3,6 bar<\/p>\n<p>Mit weiterer Zubeh\u00f6r-Auswahl! <b>Top-Preis!<\/b><\/p>","protected":false},"featured_media":37741,"comment_status":"open","ping_status":"closed","template":"","meta":[],"product_brand":[],"product_cat":[229,287],"product_tag":[],"class_list":{"0":"post-30788","1":"product","2":"type-product","3":"status-publish","4":"has-post-thumbnail","6":"product_cat-230v-pumpen","7":"product_cat-diesel-pumpen","9":"first","10":"instock","11":"featured","12":"taxable","13":"shipping-taxable","14":"purchasable","15":"product-type-simple"},"_links":{"self":[{"href":"https:\/\/testshop.igel.wovodo.de\/en\/wp-json\/wp\/v2\/product\/30788","targetHints":{"allow":["GET"]}}],"collection":[{"href":"https:\/\/testshop.igel.wovodo.de\/en\/wp-json\/wp\/v2\/product"}],"about":[{"href":"https:\/\/testshop.igel.wovodo.de\/en\/wp-json\/wp\/v2\/types\/product"}],"replies":[{"embeddable":true,"href":"https:\/\/testshop.igel.wovodo.de\/en\/wp-json\/wp\/v2\/comments?post=30788"}],"version-history":[{"count":3,"href":"https:\/\/testshop.igel.wovodo.de\/en\/wp-json\/wp\/v2\/product\/30788\/revisions"}],"predecessor-version":[{"id":38470,"href":"https:\/\/testshop.igel.wovodo.de\/en\/wp-json\/wp\/v2\/product\/30788\/revisions\/38470"}],"wp:featuredmedia":[{"embeddable":true,"href":"https:\/\/testshop.igel.wovodo.de\/en\/wp-json\/wp\/v2\/media\/37741"}],"wp:attachment":[{"href":"https:\/\/testshop.igel.wovodo.de\/en\/wp-json\/wp\/v2\/media?parent=30788"}],"wp:term":[{"taxonomy":"product_brand","embeddable":true,"href":"https:\/\/testshop.igel.wovodo.de\/en\/wp-json\/wp\/v2\/product_brand?post=30788"},{"taxonomy":"product_cat","embeddable":true,"href":"https:\/\/testshop.igel.wovodo.de\/en\/wp-json\/wp\/v2\/product_cat?post=30788"},{"taxonomy":"product_tag","embeddable":true,"href":"https:\/\/testshop.igel.wovodo.de\/en\/wp-json\/wp\/v2\/product_tag?post=30788"}],"curies":[{"name":"wp","href":"https:\/\/api.w.org\/{rel}","templated":true}]}}