{"id":30819,"date":"2024-10-31T14:13:27","date_gmt":"2024-10-31T13:13:27","guid":{"rendered":"https:\/\/testshop.igel.wovodo.de\/product\/verbindungs-set-fuer-regentonnen-braun\/"},"modified":"2025-01-27T12:32:24","modified_gmt":"2025-01-27T11:32:24","slug":"verbindungs-set-fuer-regentonnen-braun","status":"publish","type":"product","link":"https:\/\/testshop.igel.wovodo.de\/en\/product\/verbindungs-set-fuer-regentonnen-braun\/","title":{"rendered":"Verbindungs-Set f\u00fcr Regentonnen-braun"},"content":{"rendered":"<div class=\"sale_description\">\n<p><ul><\/p>\n<p>Mit diesem Set kann man <b>beliebig viele Regentonnen verbinden und so das Gesamtvolumen erh\u00f6hen<\/b>.<\/p>\n<p><\/p>\n<p>Ideal f\u00fcr die Bew\u00e4sserung gro\u00dfer G\u00e4rten, in denen mehr Wasservorrat gebraucht wird.<\/p>\n<p><\/p>\n<p>Dieses Verbindungs-Set ist als Zubeh\u00f6r f\u00fcr alle Regentonnen bestimmt.<\/p>\n<p><\/p>\n<p>Der Schlauch wird mittels Wanddurchf\u00fchrung an die Tonnen angeschlossen.<\/p>\n<p><\/ul>\n<\/p>\n<\/div>","protected":false},"excerpt":{"rendered":"<p>Set bestehend aus: PE-Well-Schlauch in braun ca. 60cm lang (E 3,2cm 5\/4 Zoll), 2 Stk. Wanddurchf\u00fchrung 3,2 cm (5\/4 Zoll) und komplettem Anschluss-Zubeh\u00f6r.<\/p>","protected":false},"featured_media":34018,"comment_status":"open","ping_status":"closed","template":"","meta":[],"product_brand":[],"product_cat":[335,285,382,282,302,329,388,390,421,219],"product_tag":[],"class_list":{"0":"post-30819","1":"product","2":"type-product","3":"status-publish","4":"has-post-thumbnail","6":"product_cat-regentonne-saeule","7":"product_cat-fallrohr-filter","8":"product_cat-regentonne-amphore-maja","9":"product_cat-zubehoer-regentonnen","10":"product_cat-zubehoer-regentonnen-regentonne24","11":"product_cat-regentonne-brunnen","12":"product_cat-regentonne-baum","13":"product_cat-regentonne-nizza","14":"product_cat-regentonne-fels","15":"product_cat-regentonne-eichenfass","17":"first","18":"instock","19":"taxable","20":"shipping-taxable","21":"purchasable","22":"product-type-simple"},"_links":{"self":[{"href":"https:\/\/testshop.igel.wovodo.de\/en\/wp-json\/wp\/v2\/product\/30819","targetHints":{"allow":["GET"]}}],"collection":[{"href":"https:\/\/testshop.igel.wovodo.de\/en\/wp-json\/wp\/v2\/product"}],"about":[{"href":"https:\/\/testshop.igel.wovodo.de\/en\/wp-json\/wp\/v2\/types\/product"}],"replies":[{"embeddable":true,"href":"https:\/\/testshop.igel.wovodo.de\/en\/wp-json\/wp\/v2\/comments?post=30819"}],"version-history":[{"count":1,"href":"https:\/\/testshop.igel.wovodo.de\/en\/wp-json\/wp\/v2\/product\/30819\/revisions"}],"predecessor-version":[{"id":35429,"href":"https:\/\/testshop.igel.wovodo.de\/en\/wp-json\/wp\/v2\/product\/30819\/revisions\/35429"}],"wp:featuredmedia":[{"embeddable":true,"href":"https:\/\/testshop.igel.wovodo.de\/en\/wp-json\/wp\/v2\/media\/34018"}],"wp:attachment":[{"href":"https:\/\/testshop.igel.wovodo.de\/en\/wp-json\/wp\/v2\/media?parent=30819"}],"wp:term":[{"taxonomy":"product_brand","embeddable":true,"href":"https:\/\/testshop.igel.wovodo.de\/en\/wp-json\/wp\/v2\/product_brand?post=30819"},{"taxonomy":"product_cat","embeddable":true,"href":"https:\/\/testshop.igel.wovodo.de\/en\/wp-json\/wp\/v2\/product_cat?post=30819"},{"taxonomy":"product_tag","embeddable":true,"href":"https:\/\/testshop.igel.wovodo.de\/en\/wp-json\/wp\/v2\/product_tag?post=30819"}],"curies":[{"name":"wp","href":"https:\/\/api.w.org\/{rel}","templated":true}]}}