{"id":30830,"date":"2024-10-31T14:13:35","date_gmt":"2024-10-31T13:13:35","guid":{"rendered":"https:\/\/testshop.igel.wovodo.de\/product\/spiralschlauch-flexi-fuer-profi-airbrush-pistolen\/"},"modified":"2025-01-27T12:32:27","modified_gmt":"2025-01-27T11:32:27","slug":"spiralschlauch-flexi-fuer-profi-airbrush-pistolen","status":"publish","type":"product","link":"https:\/\/testshop.igel.wovodo.de\/en\/product\/spiralschlauch-flexi-fuer-profi-airbrush-pistolen\/","title":{"rendered":"Spiralschlauch FLEXI f\u00fcr Profi-AirBrush-Pistolen"},"content":{"rendered":"<div class=\"sale_description\">\n<p>Der gewebeummantelte Gummischlauch verbindet die AirBrush- Pistole mit dem Kompressor. Durch eine textile Ummantelung ist der Schlauch sehr haltbar und strapazierf\u00e4hig. Die L\u00e4nge von 3m gibt ausreichend Bewegungsfreiheit.<\/p>\n<\/div>\n<h3>Many good reasons why you should buy this product:<\/h3>\n<div class=\"sale_motive\">\n<ul>\n<li>robust und strapazierf\u00e4hig<\/li>\n<li><strong>bis 3 m L\u00e4nge &#8211; gew\u00e4hrleisten einen gro\u00dfen Aktionsradius<\/strong><\/li>\n<li>Verbindungselemente aus Kupfer<\/li>\n<\/ul>\n<\/div>","protected":false},"excerpt":{"rendered":"<p>Gewebeummantelter, bis 3m langer Verbindungsschlauch mit 2x 1\/8&#8243; Innengewinde<\/p>","protected":false},"featured_media":34047,"comment_status":"open","ping_status":"closed","template":"","meta":[],"product_brand":[],"product_cat":[257,468,256],"product_tag":[],"class_list":{"0":"post-30830","1":"product","2":"type-product","3":"status-publish","4":"has-post-thumbnail","6":"product_cat-zubehoer-profi-airbrush","7":"product_cat-verbindungsteile-zubehoer-profi-airbrush","8":"product_cat-zubehoer-airbrush","10":"first","11":"instock","12":"taxable","13":"shipping-taxable","14":"purchasable","15":"product-type-simple"},"_links":{"self":[{"href":"https:\/\/testshop.igel.wovodo.de\/en\/wp-json\/wp\/v2\/product\/30830","targetHints":{"allow":["GET"]}}],"collection":[{"href":"https:\/\/testshop.igel.wovodo.de\/en\/wp-json\/wp\/v2\/product"}],"about":[{"href":"https:\/\/testshop.igel.wovodo.de\/en\/wp-json\/wp\/v2\/types\/product"}],"replies":[{"embeddable":true,"href":"https:\/\/testshop.igel.wovodo.de\/en\/wp-json\/wp\/v2\/comments?post=30830"}],"version-history":[{"count":1,"href":"https:\/\/testshop.igel.wovodo.de\/en\/wp-json\/wp\/v2\/product\/30830\/revisions"}],"predecessor-version":[{"id":35439,"href":"https:\/\/testshop.igel.wovodo.de\/en\/wp-json\/wp\/v2\/product\/30830\/revisions\/35439"}],"wp:featuredmedia":[{"embeddable":true,"href":"https:\/\/testshop.igel.wovodo.de\/en\/wp-json\/wp\/v2\/media\/34047"}],"wp:attachment":[{"href":"https:\/\/testshop.igel.wovodo.de\/en\/wp-json\/wp\/v2\/media?parent=30830"}],"wp:term":[{"taxonomy":"product_brand","embeddable":true,"href":"https:\/\/testshop.igel.wovodo.de\/en\/wp-json\/wp\/v2\/product_brand?post=30830"},{"taxonomy":"product_cat","embeddable":true,"href":"https:\/\/testshop.igel.wovodo.de\/en\/wp-json\/wp\/v2\/product_cat?post=30830"},{"taxonomy":"product_tag","embeddable":true,"href":"https:\/\/testshop.igel.wovodo.de\/en\/wp-json\/wp\/v2\/product_tag?post=30830"}],"curies":[{"name":"wp","href":"https:\/\/api.w.org\/{rel}","templated":true}]}}