{"id":30859,"date":"2024-10-31T14:13:54","date_gmt":"2024-10-31T13:13:54","guid":{"rendered":"https:\/\/testshop.igel.wovodo.de\/product\/hauswasserwerk-inno-tec-1000-selbstansaugende-mehrstufige-kreiselpumpe-mit-fluomac\/"},"modified":"2025-01-27T12:32:41","modified_gmt":"2025-01-27T11:32:41","slug":"hauswasserwerk-inno-tec-1000-selbstansaugende-mehrstufige-kreiselpumpe-mit-fluomac","status":"publish","type":"product","link":"https:\/\/testshop.igel.wovodo.de\/en\/product\/hauswasserwerk-inno-tec-1000-selbstansaugende-mehrstufige-kreiselpumpe-mit-fluomac\/","title":{"rendered":"Domestic waterworks INNO-TEC 1000 Self-priming multistage centrifugal pump with FLUOMAC\u00ae"},"content":{"rendered":"<div class=\"sale_application\">\n<ul>\n<li>zum Aus- und Umpumpen von Wasserspeichern etc.<\/li>\n<li>ideal zur Regenwassernutzung in Garten und Haus<\/li>\n<li>zum Bew\u00e4ssern von Rasen und Beeten (auch f\u00fcr mehrere Abnehmer)<\/li>\n<li>Beh\u00e4lter-Umf\u00fcllung <\/li>\n<li>zur Nutzung von Wasser aus Bach, Fluss und Brunnen<\/li>\n<\/ul><\/div>\n<div class=\"sale_description\">\n<p>Diese sebstansaugende mehrstufige <strong>selbstansaugende Kreiselpumpe<\/strong> mit geschlossenen Radiallaufr\u00e4dern ist f\u00fcr die F\u00f6rderung von sauberem Wasser mit einer max. Temperatur von 35\u00b0C bestimmt. Sie zeichnet sich durch ausgesprochene Laufruhe und ger\u00e4uscharmen Betrieb aus. Grunds\u00e4tzlich ist diese Pumpe ausschlie\u00dflich f\u00fcr Klarwasser mit einem Sandgehalt von max. 60 gr\/cbm einzusetzen. Zu beachten ist jedoch: Je h\u00f6her der Sandanteil, umso gr\u00f6\u00dfer ist die Pumpenabnutzung und umso mehr Betriebsst\u00f6rungen jeglicher Art k\u00f6nnen auftreten.\n<\/p>\n<p>Speziell geeignet f\u00fcr Bew\u00e4sserung, Druckanlangen, allgemeine industrielle und zivile Zwecke. Bei Einsatz in der Regenwassernutzung muss das Wasser ausreichend, bis auf mind. 0,2mm vorgefiltert und frei von Fremdpartikeln sein. Die Pumpe ist f\u00fcr Dauerbetrieb bestens geeignet. Aufgrund der Verwendung hochwertiger rostfreier Werkstoffe, europ\u00e4ischer Fertigung und sorgf\u00e4ltiger Qualit\u00e4tskontrolle mit strengen elektrischen und hydraulischen Pr\u00fcfungen, arbeitet die Pumpe wartungsfrei. Sie ist im Bedarfsfall einfach zu reparieren und zu s\u00e4ubern. Die max. Einschaltzahl von 40 Schaltungen\/Std. darf nicht \u00fcberschritten werden. Bei Sand- oder Schmutzablagerungen in der Pumpe ist die Gew\u00e4hrleistung ausgeschlossen. Bei Wechselstrom wird die Pumpe mit einem eingebauten Anlaufkondensator geliefert.<\/p>\n<p>Wir empfehlen, diese Pumpe mit der intelligenten  <strong>&#8220;STEADYPRES\u00ae -Pumpensteuerung &#8220;Art.Nr:&nbsp;<a class=\"headerNavigation\" href=\"http:\/\/www.profi-pumpe.de\/product_info.php\/info\/p834_INVERTER-Pumpensteuerung-1-IPS-1-.html\" target=\"_blank\" 1?.html?=\"\" inverter-pumpensteuerung=\"\"><\/a><a href=\"\/en\/advanced_search_result.php\/?keywords=PS01117&amp;x=0&amp;y=0\" target=\"_blank\">PS01117<\/a> <\/strong> Die STEADYPRES\u00ae 8,5Amp M\/M mit integriertem Trockenlaufschutz und einstellbarem Auto-Start sorgt f\u00fcr nahezu konstanten Druck im Wasserkreislauf, vermeidet gef\u00e4hrliche Druckschl\u00e4ge, Takten und \u00dcberhitzung der Pumpe. Dar\u00fcber hinaus wird die Pumpenlebensdauer wesentlich erh\u00f6ht und die Ger\u00e4uschentwicklung deutlich reduziert.<\/p>\n<p>With the use of any <b>pump switchgear, we strongly recommend<\/b> in front of the switchgear is always an effective <b>Pump pre-filter\/cartridge filter<\/b> einzusetzen. Dadurch lassen sich Probleme, die auf die Wasserveschmutzung zur\u00fcck zu f\u00fchren sind, deutlich reduzieren. Alle markt\u00fcblichen professionellen Schaltger\u00e4te haben eingangsseitig ein R\u00fcckschlagventil. Setzt sich ein Schmutzkorn genau zwischen den Dichtfl\u00e4chen ab, funktionieren die Schaltger\u00e4te nicht mehr einwandfrei. Die Durchflussw\u00e4chter beinhalten bereits ein R\u00fcckschlagventil, zwischen Pumpe und Durchflussw\u00e4chter darf kein weiteres R\u00fcckschlagventil montiert werden da dies zu Fehlern und sogar Besch\u00e4digungen an der Pumpe f\u00fchren kann.<\/p>\n<\/div>\n<h3>Many good reasons why you should buy this product:<\/h3>\n<div class=\"sale_motive\">\n<ul>\n<li>Solide, leistungsstarke, zuverl\u00e4ssige,mehrstufige Kreiselpumpe 4,3bar und F\u00f6rdermenge von ca. 5000l\/h bei einer Leistungsaufnahme von 1000 W<\/li>\n<li><strong>enorm leise<\/strong> trotz hoher Leistung<\/li>\n<li><strong>selbstansaugend<\/strong><\/li>\n<li><strong>Ansaugh\u00f6he bis 8 m<\/strong><\/li>\n<li>hohe Lebensdauer durch mechanische Dichtungen<\/li>\n<li>hochwertiges Edelstahlgeh\u00e4use mit extra breiten Montagefu\u00df und 2 Montagepunkten<\/li>\n<li>Jede Stufe ist mit einem verschlei\u00dffesten Ring aus Edelstahl versehen.<\/li>\n<li>Gleitringdichtung aus Aluminium\/ Graphit \u00f6lgeschmiert<\/li>\n<li>Spezieller Wellendichtring, um die Pumpe gegen Sand zu sch\u00fctzen.<\/li>\n<\/ul>\n<\/div>","protected":false},"excerpt":{"rendered":"<p>Mehrstufige, leistungsstarke Kreiselpumpe mit 1050Watt \/ 4,3bar \/ 5.000l\/h \/ SELBSTANSAUGEND! LEISE! \/ <strong>QUALIT\u00c4T-made in EU!<\/strong><\/p>","protected":false},"featured_media":39726,"comment_status":"open","ping_status":"closed","template":"","meta":[],"product_brand":[],"product_cat":[266,198,265,262,243],"product_tag":[],"class_list":{"0":"post-30859","1":"product","2":"type-product","3":"status-publish","4":"has-post-thumbnail","6":"product_cat-hauswasserautomat","7":"product_cat-hauswasserwerke","8":"product_cat-kreiselpumpen-mit-druckschalter","9":"product_cat-kreiselpumpen-hauswasserwerke","10":"product_cat-regenwasser-pumpen","12":"first","13":"instock","14":"taxable","15":"shipping-taxable","16":"purchasable","17":"product-type-simple"},"_links":{"self":[{"href":"https:\/\/testshop.igel.wovodo.de\/en\/wp-json\/wp\/v2\/product\/30859","targetHints":{"allow":["GET"]}}],"collection":[{"href":"https:\/\/testshop.igel.wovodo.de\/en\/wp-json\/wp\/v2\/product"}],"about":[{"href":"https:\/\/testshop.igel.wovodo.de\/en\/wp-json\/wp\/v2\/types\/product"}],"replies":[{"embeddable":true,"href":"https:\/\/testshop.igel.wovodo.de\/en\/wp-json\/wp\/v2\/comments?post=30859"}],"version-history":[{"count":1,"href":"https:\/\/testshop.igel.wovodo.de\/en\/wp-json\/wp\/v2\/product\/30859\/revisions"}],"predecessor-version":[{"id":35465,"href":"https:\/\/testshop.igel.wovodo.de\/en\/wp-json\/wp\/v2\/product\/30859\/revisions\/35465"}],"wp:featuredmedia":[{"embeddable":true,"href":"https:\/\/testshop.igel.wovodo.de\/en\/wp-json\/wp\/v2\/media\/39726"}],"wp:attachment":[{"href":"https:\/\/testshop.igel.wovodo.de\/en\/wp-json\/wp\/v2\/media?parent=30859"}],"wp:term":[{"taxonomy":"product_brand","embeddable":true,"href":"https:\/\/testshop.igel.wovodo.de\/en\/wp-json\/wp\/v2\/product_brand?post=30859"},{"taxonomy":"product_cat","embeddable":true,"href":"https:\/\/testshop.igel.wovodo.de\/en\/wp-json\/wp\/v2\/product_cat?post=30859"},{"taxonomy":"product_tag","embeddable":true,"href":"https:\/\/testshop.igel.wovodo.de\/en\/wp-json\/wp\/v2\/product_tag?post=30859"}],"curies":[{"name":"wp","href":"https:\/\/api.w.org\/{rel}","templated":true}]}}