{"id":30876,"date":"2024-10-31T14:14:04","date_gmt":"2024-10-31T13:14:04","guid":{"rendered":"https:\/\/testshop.igel.wovodo.de\/product\/dirt-star-extra-ss-400-2-integr-schwimmerschalter-10-m-kabel\/"},"modified":"2025-01-27T12:32:49","modified_gmt":"2025-01-27T11:32:49","slug":"dirt-star-extra-ss-400-2-integr-schwimmerschalter-10-m-kabel","status":"publish","type":"product","link":"https:\/\/testshop.igel.wovodo.de\/en\/product\/dirt-star-extra-ss-400-2-integr-schwimmerschalter-10-m-kabel\/","title":{"rendered":"DIRT-STAR-EXTRA-SS 400-2 integrated float switch, 10 m cable"},"content":{"rendered":"<div class=\"sale_application\">\n<p>Mobile Schmutzwasser-Tauchpumpe (Partikelgr\u00f6\u00dfe bis 35 mm) mit integriertem Schwimmer, Tragegriff und Druckstutzen<\/p>\n<ul>\n<li>zur Kellerentw\u00e4sserung<\/li>\n<li>for groundwater lowering<\/li>\n<li>zur Beh\u00e4lter-Umf\u00fcllung<\/li>\n<li>f\u00fcr Entw\u00e4sserungsanwendungen<\/li>\n<li>f\u00fcr Anwendungen im Drainagerohr<\/li>\n<li>zur Regenwasser-Nutzung<\/li>\n<li>im Teich, Bach oder Flusslauf<\/li>\n<\/ul>\n<\/div>\n<div class=\"sale_description\">\n<p>Die Tauchpumpe <b>DIRT-STAR-EXTRA-SS 400<\/b> ist eine zuverl\u00e4ssige und besonders energieeffiziente Schmutzwasserpumpe.<\/p>\n<p>Die DIRT-STAR-EXTRA-SS 400 ist eine der wenigen Schmutzwassertauchpumpen mit integriertem Schwimmerschalter.<\/p>\n<p>Die Schmutzwassertauchpumpe mit Schwimmer erbringt eine max. F\u00f6rdermenge von <b> 8.000 l\/h<\/b>, einen maximalen Druck von <b> 0,5 bar<\/b> und eine maximale F\u00f6rderh\u00f6he von  5 m.<\/p>\n<p>The <b>integrierte Schwimmerschalter<\/b> reagiert bei einer Anschalth\u00f6he von 190mm und einer Abschalth\u00f6he von 60mm. Der Pumpen-Anschluss an der Druckseite hat verschiedene Gr\u00f6\u00dfen: ein 1 Zoll Au\u00dfengewinde und eine Kunststofft\u00fclle mit 1 1\/2 Zoll.<\/p>\n<p>Trotz ihrer geringen Leistungsaufnahme von nur 400 Watt schafft die Schmutzwasser-Tauchpumpe die gro\u00dfe maximale F\u00f6rdermenge. Durch das geringe Gewicht von  4,5kg, den integrierten Tragegriff und die kompakte Bauweise ist die Tauchpumpe DIRT-STAR-EXTRA-SS 400 <b>mobil und schnell einsatzbereit<\/b>. Mit einer maximalen Partikelgr\u00f6\u00dfe von 35 mm hat die Tauchpumpe einen recht gro\u00dfen Anwendungsbereich.<\/p>\n<p>Durch die Konstruktion mit einer <b>mechanischen Dichtung<\/b> hat die Tauchpumpe f\u00fcr Schmutzwasser und Klarwasser eine wesentlich h\u00f6here Lebensdauer als vergleichbare Pumpen mit einfachen Dichtungen.<\/p>\n<\/div>\n<h3>Many good reasons why you should buy this product:<\/h3>\n<div class=\"sale_motive\">\n<ul>\n<li>durch wartungs- und leckfreie mechanische Dichtung hat die Pumpe viel h\u00f6here Lebensdauer als herk\u00f6mmliche Pumpen<\/li>\n<li>eine der wenigen Schmutzwasserpumpen mit integriertem Schwimmerschalter<\/li>\n<li>energieeffizient und leistungsstark: Qmax 8.000L\/h bei 400W<\/li>\n<li>vielseitige Einsatzm\u00f6glichkeiten durch kompakte Au\u00dfenma\u00dfe<\/li>\n<li>solide und zuverl\u00e4ssige Schmutzwasserpumpe<\/li>\n<li>verschiedene Anschl\u00fcsse an der Druckseite<\/li>\n<li>Transportable and quickly ready for use<\/li>\n<\/ul>\n<\/div>","protected":false},"excerpt":{"rendered":"<p>Energieeffiziente Schmutzwasserpumpe mit 400 Watt<br \/>\n  Pmax 0,5 bar | Qmax 8.000l\/h <\/p>\n<p><b>Mit integriertem Schwimmerschalter!<\/b><\/p>","protected":false},"featured_media":34203,"comment_status":"open","ping_status":"closed","template":"","meta":[],"product_brand":[],"product_cat":[279,377],"product_tag":[],"class_list":{"0":"post-30876","1":"product","2":"type-product","3":"status-publish","4":"has-post-thumbnail","6":"product_cat-schmutzwasserpumpe","7":"product_cat-mit-schwimmerschalter","9":"first","10":"instock","11":"sale","12":"taxable","13":"shipping-taxable","14":"purchasable","15":"product-type-simple"},"_links":{"self":[{"href":"https:\/\/testshop.igel.wovodo.de\/en\/wp-json\/wp\/v2\/product\/30876","targetHints":{"allow":["GET"]}}],"collection":[{"href":"https:\/\/testshop.igel.wovodo.de\/en\/wp-json\/wp\/v2\/product"}],"about":[{"href":"https:\/\/testshop.igel.wovodo.de\/en\/wp-json\/wp\/v2\/types\/product"}],"replies":[{"embeddable":true,"href":"https:\/\/testshop.igel.wovodo.de\/en\/wp-json\/wp\/v2\/comments?post=30876"}],"version-history":[{"count":1,"href":"https:\/\/testshop.igel.wovodo.de\/en\/wp-json\/wp\/v2\/product\/30876\/revisions"}],"predecessor-version":[{"id":35481,"href":"https:\/\/testshop.igel.wovodo.de\/en\/wp-json\/wp\/v2\/product\/30876\/revisions\/35481"}],"wp:featuredmedia":[{"embeddable":true,"href":"https:\/\/testshop.igel.wovodo.de\/en\/wp-json\/wp\/v2\/media\/34203"}],"wp:attachment":[{"href":"https:\/\/testshop.igel.wovodo.de\/en\/wp-json\/wp\/v2\/media?parent=30876"}],"wp:term":[{"taxonomy":"product_brand","embeddable":true,"href":"https:\/\/testshop.igel.wovodo.de\/en\/wp-json\/wp\/v2\/product_brand?post=30876"},{"taxonomy":"product_cat","embeddable":true,"href":"https:\/\/testshop.igel.wovodo.de\/en\/wp-json\/wp\/v2\/product_cat?post=30876"},{"taxonomy":"product_tag","embeddable":true,"href":"https:\/\/testshop.igel.wovodo.de\/en\/wp-json\/wp\/v2\/product_tag?post=30876"}],"curies":[{"name":"wp","href":"https:\/\/api.w.org\/{rel}","templated":true}]}}