{"id":30891,"date":"2024-10-31T14:14:13","date_gmt":"2024-10-31T13:14:13","guid":{"rendered":"https:\/\/testshop.igel.wovodo.de\/product\/b-ware-3-pumpe-brunnen-star-250-9-fuer-tiefbrunnen\/"},"modified":"2025-01-27T12:32:55","modified_gmt":"2025-01-27T11:32:55","slug":"b-ware-3-pumpe-brunnen-star-250-9-fuer-tiefbrunnen","status":"publish","type":"product","link":"https:\/\/testshop.igel.wovodo.de\/en\/product\/b-ware-3-pumpe-brunnen-star-250-9-fuer-tiefbrunnen\/","title":{"rendered":"B-Ware 3&#8243;-Pumpe BRUNNEN-STAR 250-9 f\u00fcr Tiefbrunnen"},"content":{"rendered":"<div class=\"sale_application\">\n<ul>\n<li>zur Hauswasserversorgung<\/li>\n<li>zur Bew\u00e4sserung<\/li>\n<li>zur Beregnung<\/li>\n<li>bei Grundwasserabsenkung<\/li>\n<li>for filling containers<\/li>\n<li>zur Brauchwasserversorgung<\/li>\n<\/ul><\/div>\n<div class=\"sale_description\"> <font color=\"FF0000\"><b>B-Ware:<\/b><\/p>\n<ul>\n<li>leichte optische Fehler (z.B. kleine Kratzer etc.)<\/li>\n<li>voll funktionsf\u00e4higes Produkt<\/li>\n<li>reduzierte gesetzliche Gew\u00e4hrleistung auf max. 1 Jahr<\/li>\n<\/ul>\n<p><\/font><\/p>\n<p>Die 3&#8243;Tiefbrunnenpumpe BRUNNEN-STAR 250-9 ist aus robustem, rostfreien Edelstahl gefertigt und hat einen hochwertigen, gekapselten und \u00f6lgelagerten Motor. Diese Tiefbrunnenpumpe ist solide, kompakt, zuverl\u00e4ssig und ideal f\u00fcr die Gartenbew\u00e4sserung\/ Gartenberegnung, zur Wasserbef\u00f6rderung, beim Bef\u00fcllen\/ Umf\u00fcllen von Beh\u00e4ltern oder zur Brauchwasserversorgung.<\/p>\n<p>Mit einem Durchmesser von ca. 78mm ist die 688mm lange Brunnenpumpe mit 15m Kabel f\u00fcr Sch\u00e4chte mit bis zu ca. 5-7m Tiefe geeignet. Durch die seitliche Ansaugung wird verhindert, dass Bodensediment mit angesaugt wird.<\/p>\n<p>Die maximale F\u00f6rderleistung der Brunnenpumpe betr\u00e4gt #article_text_sale_specs_foerdermenge#, die maximale F\u00f6rderh\u00f6he (Hmax.) 29m und der maximale Druck liegt bei max. 2,9 bar. Bitte beachten Sie, dass die F\u00f6rderleistung bei steigender F\u00f6rderh\u00f6he entsprechend abnimmt.<\/p>\n<p>Die 3-Zoll-Brunnenpumpe f\u00f6rdert Wasser mit hohem Druck weiter an die Abnahmestelle. Bei gleicher elektrischen Leistung f\u00f6rdert diese Pumpe dank besonderen Bauweise wesentlich mehr Wasser als andere Pumpen mit vergleichbarem Verbrauch von elektrischer Energie. Daher bezeichnen wir diese Pumpe als echte ENERGIE-SPARPUMPE! Hier wird auf Dauer bares Geld gespart!<\/p>\n<p>Unser Tipp: Hohe Bestandteile an Sand, Eisen, Mangan und weiteren Mineralien haben Einfluss auf die dauerhafte Funktionsf\u00e4higkeit der Klarwasser-Brunnenpumpen. Wir empfehlen, vor dem Einsatz einer Brunnenpumpe das Brunnenwasser analysieren zu lassen. Die Pumpe ist geeignet f\u00fcr Wasser bis zu einem Schwefelwasserstoffgehalt bis 1,5mg\/L, Chlorid-Ionengehalt bis 400mg\/L und mit einem pH Wert zwischen 6,5-8,5. Gegebenenfalls sind Ma\u00dfnahmen zu treffen, um die Wasserqualit\u00e4t zu verbessern.<\/p>\n<p>Noch mehr <b>Energie und Kosten sparen<\/b> Sie, wenn Sie Ihre Pumpe mit einem <b>effizienten<\/b> Pumpen-Inverter erg\u00e4nzen. Unterst\u00fctzen Sie mit intelligenter Technik den <b>Klima- und Umweltschutz, sparen Sie Stromkosten und sorgen teuren Reparaturen und Wartungsarbeiten<\/b> vor. Die Inverter-Steuerung sorgt f\u00fcr besonders schonenden Pumpenbetrieb frei von Druckschl\u00e4gen.<\/p>\n<p>Bitte beachten: F\u00fcr die richtige Funktion der INVERTER-Pumpensteuerung  MUSS ein Druckausdehnungsgef\u00e4\u00df \/Drucktank mit einem Mindestvolumen von 2L in der Druckleitung in unmittelbarer N\u00e4he der Steuerung vorhanden sein. Bei unserer Zubeh\u00f6r-Auswahl k\u00f6nnen Sie f\u00fcr einen kleinen Aufpreis einen hochwertigen Drucktank (2 oder 8L) mitbestellen.<\/p>\n<\/div>\n<h3>Many good reasons why you should buy this product:<\/h3>\n<div class=\"sale_motive\">\n<ul>\n<li>ausgezeichnetes Preis- \/ Leistungsverh\u00e4ltnis!<\/li>\n<li>solide, kompakt und zuverl\u00e4ssig <\/li>\n<li>keine Ansaugung von Bodensediment durch seitliche Ansaugung <\/li>\n<li>Oil-bearing motor<\/li>\n<\/ul>\n<\/div>","protected":false},"excerpt":{"rendered":"<p><b>Energiesparsame 3-Zoll-Tiefbrunnenpumpe<\/b>\n<\/p>\n<p>Leistung: 250 Watt<br \/>\n  max. F\u00f6rderh\u00f6he (Hmax.) 29m | max. F\u00f6rdermenge #article_text_sale_specs_foerdermenge# | max. 2,9 bar<\/p>","protected":false},"featured_media":33479,"comment_status":"open","ping_status":"closed","template":"","meta":[],"product_brand":[],"product_cat":[204,474],"product_tag":[],"class_list":{"0":"post-30891","1":"product","2":"type-product","3":"status-publish","4":"has-post-thumbnail","6":"product_cat-brunnenpumpen","7":"product_cat-b-ware-brunnenpumpen-2","9":"first","10":"instock","11":"sale","12":"taxable","13":"shipping-taxable","14":"purchasable","15":"product-type-simple"},"_links":{"self":[{"href":"https:\/\/testshop.igel.wovodo.de\/en\/wp-json\/wp\/v2\/product\/30891","targetHints":{"allow":["GET"]}}],"collection":[{"href":"https:\/\/testshop.igel.wovodo.de\/en\/wp-json\/wp\/v2\/product"}],"about":[{"href":"https:\/\/testshop.igel.wovodo.de\/en\/wp-json\/wp\/v2\/types\/product"}],"replies":[{"embeddable":true,"href":"https:\/\/testshop.igel.wovodo.de\/en\/wp-json\/wp\/v2\/comments?post=30891"}],"version-history":[{"count":1,"href":"https:\/\/testshop.igel.wovodo.de\/en\/wp-json\/wp\/v2\/product\/30891\/revisions"}],"predecessor-version":[{"id":35495,"href":"https:\/\/testshop.igel.wovodo.de\/en\/wp-json\/wp\/v2\/product\/30891\/revisions\/35495"}],"wp:featuredmedia":[{"embeddable":true,"href":"https:\/\/testshop.igel.wovodo.de\/en\/wp-json\/wp\/v2\/media\/33479"}],"wp:attachment":[{"href":"https:\/\/testshop.igel.wovodo.de\/en\/wp-json\/wp\/v2\/media?parent=30891"}],"wp:term":[{"taxonomy":"product_brand","embeddable":true,"href":"https:\/\/testshop.igel.wovodo.de\/en\/wp-json\/wp\/v2\/product_brand?post=30891"},{"taxonomy":"product_cat","embeddable":true,"href":"https:\/\/testshop.igel.wovodo.de\/en\/wp-json\/wp\/v2\/product_cat?post=30891"},{"taxonomy":"product_tag","embeddable":true,"href":"https:\/\/testshop.igel.wovodo.de\/en\/wp-json\/wp\/v2\/product_tag?post=30891"}],"curies":[{"name":"wp","href":"https:\/\/api.w.org\/{rel}","templated":true}]}}