{"id":35501,"date":"2024-11-14T17:00:40","date_gmt":"2024-11-14T16:00:40","guid":{"rendered":"https:\/\/testshop.igel.wovodo.de\/product\/b-ware-inverter-pumpensteuerung-2-11kw-230v-1230v-verkabelt-ipc-2-v\/"},"modified":"2025-01-27T12:29:01","modified_gmt":"2025-01-27T11:29:01","slug":"b-ware-inverter-pumpensteuerung-2-11kw-230v-1230v-verkabelt-ipc-2-v","status":"publish","type":"product","link":"https:\/\/testshop.igel.wovodo.de\/en\/product\/b-ware-inverter-pumpensteuerung-2-11kw-230v-1230v-verkabelt-ipc-2-v\/","title":{"rendered":"B-Ware INVERTER-Pumpensteuerung 2-1,1KW 230V\/1*230V, verkabelt (IPC-2-V)"},"content":{"rendered":"<div class=\"sale_application\">\n<ul>\n<li>     Automatische, intelligente, selbst\u00fcberwachende Pumpensteuerung<\/li>\n<li>F\u00fcr alle 230Volt Brunnen- und Kreiselpumpen mit einem Druckaufbau gr\u00f6\u00dfer 3bar<\/li>\n<li>Optimal f\u00fcr Pumpenbetrieb mit stark wechselnder Belastung \/F\u00f6rdermengen<\/li>\n<li>Die bedarfsgeregelte Pumpenleistung f\u00fchrt zu einer enormen Energie-Einsparung von bis zu 85%\n<\/li>\n<\/ul><\/div>\n<div class=\"sale_description\"> <font color=\"FF0000\"><b>B-Ware:<\/b><\/p>\n<ul>\n<li>leichte optische Fehler (z.B. kleine Kratzer etc.)<\/li>\n<li>voll funktionsf\u00e4higes Produkt<\/li>\n<li>reduzierte gesetzliche Gew\u00e4hrleistung auf max. 1 Jahr<\/li>\n<\/ul>\n<p><\/font><\/p>\n<p>Die Pumpensteuerung <b> B-Ware INVERTER-Pumpensteuerung 2-1,1KW 1*230V, verkabelt (IPC-2-VK)  <\/b> ist ein variabler Frequenz-Controller f\u00fcr eine einphasige 230-Volt-Pumpe, bis max. 1100 Watt Nenn-Leistung, basierend auf der innovativen in der Industrie bew\u00e4hrten Technologie.<\/p>\n<p>Die Inverter-Pumpensteuerung schaltet die Pumpe sanft ein und passt die Drehzahl der Pumpe dem eingestellten Druck an.<\/p>\n<p>Neueste Erkenntnisse der Pumpentechnik und Elektronik f\u00fchrten zu einem Ger\u00e4t, welches die zeitgem\u00e4\u00dfe Anforderungen an <b>maximale Energie-Einsparung und schonendem Pumpenbetrieb<\/b> beim <b>optimalen Preis-Leistungs-Verh\u00e4ltnis<\/b> hervorragend erf\u00fcllt. Die innovative PWM-Technologie (pulse-width-modulation), ein besonders leistungsf\u00e4higer Prozessor-Chip, die Anwendung der VVVF-Technik (frequency-conversion-variable-pressure-control) in Verbindung mit der Drucksensor-Technik f\u00fchrten zu einem innovativ f\u00fchrenden Ger\u00e4t und einer enormen Kostenersparnis. Damit ist die bisher sehr teure Technik auch f\u00fcr den privaten Anwender sehr interessant geworden und amortisiert sich durch Stromkostenersparnis innerhalb k\u00fcrzester Zeit.<\/p>\n<p>Dar\u00fcber hinaus sind vielf\u00e4ltige Pumpen-\u00dcberwachungsfunktionen integriert:<b> System-Leckkontrolle, Trockenlaufschutz, \u00dcber &#8211; und Unterspannnung-Schutz, Maximal-Strombegrenzung<\/b> und viele andere Funktionen. Die gesamte Elektronik dieses Inverters ist <b> wasserdicht versiegelt<\/b>, was einen wesentlich verbesserten Kondenswasserschutz bedeutet. <\/p>\n<div class=\"embed-responsive embed-responsive-16by9\">\n<iframe src=\"https:\/\/www.youtube-nocookie.com\/embed\/nGEANpySJyI?rel=0\" title=\"YouTube video player\" allow=\"accelerometer; autoplay; clipboard-write; encrypted-media; gyroscope; picture-in-picture\" allowfullscreen=\"\" width=\"560\" height=\"315\" frameborder=\"0\"><\/iframe>\n<\/div>\n<h2>Our tips:<\/h2>\n<p>Ein tropfender Wasserhahn oder ein nicht 100%-dichtes WC-Ventil verursachen das Takten der Pumpe. Dadurch werden <b>hohe Stromkosten<\/b> und i.d.R. sehr <b>teure Pumpensch\u00e4den<\/b> verursacht bzw. die Pumpen werden irreparabel besch\u00e4digt. Die intelligente Selbst\u00fcberwachung der B-Ware INVERTER-Pumpensteuerung 2-1,1KW 1*230V, verkabelt (IPC-2-VK)  registriert das Takten der Pumpe und unterbricht den Pumpen-Betrieb, um Sch\u00e4den zu vermeiden. Nach \u00dcberpr\u00fcfung der Betriebsbedingungen wird der Pumpbetrieb nach M\u00f6glichkeit fortgesetzt und die Fehlerdiagnose angezeigt. So werden auch Sch\u00e4den durch geplatzte Wasser-Leitungen und \u00fcberlaufende Keller sicher vermieden!<\/p>\n<p><b><font color=\"FF0000\">Bitte beachten:<\/font><\/b> F\u00fcr die richtige Funktion der B-Ware INVERTER-Pumpensteuerung 2-1,1KW 1*230V, verkabelt (IPC-2-VK)  <b>MUSS ein Druckausdehnungsgef\u00e4\u00df \/Drucktank<\/b> mit einem Mindestvolumen von 2L in der Druckleitung in unmittelbarer N\u00e4he der Steuerung vorhanden sein. Bei unserer Zubeh\u00f6r-Auswahl k\u00f6nnen Sie f\u00fcr einen kleinen Aufpreis einen hochwertigen Drucktank (2 oder 8L) mitbestellen.<\/p>\n<p>Wir empfehlen stets die Installation eines geeigneten Vorfilters vor der Pumpe oder Inverter.<\/p>\n<div style=\"background: rgba(250,199,30,1.00); padding: 8px;\">Bitte beachten Sie, dass der max. Anlaufstrom durch die Bauart Ihrer Pumpe vorgegeben ist. Zum Schutz der Ger\u00e4te wird er im Inverter begrenzt. Der max. Anlaufstrom der Pumpe muss kleiner sein, als der max.zul\u00e4ssige Inverter-Strom. Somit k\u00f6nnen wir die Funktion einer beliebigen Inverter\/Pumpe-Kombination nicht gew\u00e4hrleisten.<\/div>\n<p><\/div>\n<h3>Many good reasons why you should buy this product:<\/h3>\n<div class=\"sale_motive\">\n<h2>Many good reasons why you should buy this product:<\/h2>\n<ul>\n<li>         Automatisches bedarfsorientiertes Ein- und Ausschalten von Pumpen<\/li>\n<li> ENERGIESPARENDER Pumpen-Betrieb: Bis zu 85% Energiereduzierung bei Pumpen-Betrieb mit wechselnder Belastung<\/li>\n<li> Sorgt f\u00fcr konstanten Wasserdruck in den Leitungen<\/li>\n<li> Intelligente Technik f\u00fcr optimalen Klima- und Umweltschutz<\/li>\n<li> Druckminderer-Funktion: reduziert den maximalen Pumpendruck auf den eingestellten Druck im Leitungssystem<\/li>\n<li> Wassergek\u00fchlter Inverter: kann auch bei eingeschr\u00e4nkter Luftk\u00fchlung eingesetzt werden<\/li>\n<li> Minimiert die durchschnittliche Ger\u00e4uschentwicklung<\/li>\n<li> Vermeidet gef\u00e4hrliche Druckschl\u00e4ge in den Wasserleitungen<\/li>\n<li> Erh\u00f6ht wesentlich die Lebensdauer der Pumpe und der Wasserleitungen<\/li>\n<li> Vermindert das \u00dcberschwemmungsrisiko durch undichte Wasserleitungen<\/li>\n<li> Zuverl\u00e4ssiger integrierter Trockenlaufschutz mit einstellbarem Auto-Start<\/li>\n<li> Built-in non-return valve<\/li>\n<li> Intelligent self-monitoring functions<\/li>\n<li> 2*Kabel mit Stecker und Dose f\u00fcr schnelle und einfache Installation<\/li>\n<li> leicht zu Bedienen durch voreingestellte Standard-Werte\n<\/li>\n<\/ul>\n<\/div>","protected":false},"excerpt":{"rendered":"<p>INVERTER-Pumpensteuerung f\u00fcr 230V-Pumpen<br \/>\n  <b>Pmax. 10bar<br \/>\n    <\/b><\/p>\n<p><b>F\u00fcr eine hohe Energie-Ersparnis &amp; ein langes Pumpenleben!<\/b><\/p>","protected":false},"featured_media":33055,"comment_status":"open","ping_status":"closed","template":"","meta":[],"product_brand":[],"product_cat":[393],"product_tag":[],"class_list":{"0":"post-35501","1":"product","2":"type-product","3":"status-publish","4":"has-post-thumbnail","6":"product_cat-b-ware-durchflusswaechter","8":"first","9":"instock","10":"sale","11":"taxable","12":"shipping-taxable","13":"purchasable","14":"product-type-simple"},"_links":{"self":[{"href":"https:\/\/testshop.igel.wovodo.de\/en\/wp-json\/wp\/v2\/product\/35501","targetHints":{"allow":["GET"]}}],"collection":[{"href":"https:\/\/testshop.igel.wovodo.de\/en\/wp-json\/wp\/v2\/product"}],"about":[{"href":"https:\/\/testshop.igel.wovodo.de\/en\/wp-json\/wp\/v2\/types\/product"}],"replies":[{"embeddable":true,"href":"https:\/\/testshop.igel.wovodo.de\/en\/wp-json\/wp\/v2\/comments?post=35501"}],"version-history":[{"count":2,"href":"https:\/\/testshop.igel.wovodo.de\/en\/wp-json\/wp\/v2\/product\/35501\/revisions"}],"predecessor-version":[{"id":38363,"href":"https:\/\/testshop.igel.wovodo.de\/en\/wp-json\/wp\/v2\/product\/35501\/revisions\/38363"}],"wp:featuredmedia":[{"embeddable":true,"href":"https:\/\/testshop.igel.wovodo.de\/en\/wp-json\/wp\/v2\/media\/33055"}],"wp:attachment":[{"href":"https:\/\/testshop.igel.wovodo.de\/en\/wp-json\/wp\/v2\/media?parent=35501"}],"wp:term":[{"taxonomy":"product_brand","embeddable":true,"href":"https:\/\/testshop.igel.wovodo.de\/en\/wp-json\/wp\/v2\/product_brand?post=35501"},{"taxonomy":"product_cat","embeddable":true,"href":"https:\/\/testshop.igel.wovodo.de\/en\/wp-json\/wp\/v2\/product_cat?post=35501"},{"taxonomy":"product_tag","embeddable":true,"href":"https:\/\/testshop.igel.wovodo.de\/en\/wp-json\/wp\/v2\/product_tag?post=35501"}],"curies":[{"name":"wp","href":"https:\/\/api.w.org\/{rel}","templated":true}]}}