{"id":36172,"date":"2024-12-03T18:07:33","date_gmt":"2024-12-03T17:07:33","guid":{"rendered":"https:\/\/testshop.igel.wovodo.de\/product\/ersatzsieb-e-250-10\/"},"modified":"2025-01-27T12:28:07","modified_gmt":"2025-01-27T11:28:07","slug":"ersatzsieb-e-250-10","status":"publish","type":"product","link":"https:\/\/testshop.igel.wovodo.de\/en\/product\/ersatzsieb-e-250-10\/","title":{"rendered":"Ersatzsieb E 250 1,0"},"content":{"rendered":"<div class=\"sale_application\">\n<ul>\n<li>Ersatzsieb f\u00fcr den Erdeinbau-Filter E250<\/li>\n<\/ul><\/div>\n<div class=\"sale_description\">\n<p>Dieser Siebeinsatz ist f\u00fcr den <b>Erdfilter E250<\/b> gedacht. Er verf\u00fcgt \u00fcber ein engmaschiges, rostfreies Gewebe aus Edelstahl, wodurch der sehr hohe Wirkungsgrad erreicht wird &#8211; laut Gutachten <b>95&#37;<\/b>.<\/p>\n<p>Wir bieten Ihnen eine 15-j\u00e4hrige Beschaffungsgarantie auf alle Siebeins\u00e4tze!<\/p>\n<p>In der Standard-Ausf\u00fchrung wird der Filter mit einem 200\u00b5m- \/ 0,2mm-Sieb geliefert.<\/p>\n<p>Die Ersatzsiebe f\u00fcr den Erdeinbau-Filter E250 sind jedoch in verschiedenen Gr\u00f6\u00dfen erh\u00e4ltlich.<\/p>\n<\/div>\n<h3>Many good reasons why you should buy this product:<\/h3>\n<div class=\"sale_motive\">\n<ul>\n<li>hoher Wirkungsgrad von bis zu 95&#37;<\/li>\n<li>passend f\u00fcr den Erdeinbau-Filter E250<\/li>\n<li>15-j\u00e4hrige Beschaffungs-Garantie<\/li>\n<li>leichte, problemlose Montage<\/li>\n<li>rostfreies Edelstahl-Gewebe<\/li>\n<li>sehr langlebig<\/li>\n<li>einfach zu reinigen<\/li>\n<\/ul>\n<\/div>","protected":false},"excerpt":{"rendered":"<p>Ersatzsieb f\u00fcr den Erdeinbau-Filter E250 Dieser Siebeinsatz ist f\u00fcr den Erdfilter E250 gedacht. Er verf\u00fcgt \u00fcber ein engmaschiges, rostfreies Gewebe<\/p>","protected":false},"featured_media":36171,"comment_status":"open","ping_status":"closed","template":"","meta":[],"product_brand":[],"product_cat":[462,232],"product_tag":[],"class_list":{"0":"post-36172","1":"product","2":"type-product","3":"status-publish","4":"has-post-thumbnail","6":"product_cat-einzelteile-erdeinbau-filter","7":"product_cat-ersatzteile","9":"first","10":"outofstock","11":"taxable","12":"shipping-taxable","13":"purchasable","14":"product-type-simple"},"_links":{"self":[{"href":"https:\/\/testshop.igel.wovodo.de\/en\/wp-json\/wp\/v2\/product\/36172","targetHints":{"allow":["GET"]}}],"collection":[{"href":"https:\/\/testshop.igel.wovodo.de\/en\/wp-json\/wp\/v2\/product"}],"about":[{"href":"https:\/\/testshop.igel.wovodo.de\/en\/wp-json\/wp\/v2\/types\/product"}],"replies":[{"embeddable":true,"href":"https:\/\/testshop.igel.wovodo.de\/en\/wp-json\/wp\/v2\/comments?post=36172"}],"version-history":[{"count":1,"href":"https:\/\/testshop.igel.wovodo.de\/en\/wp-json\/wp\/v2\/product\/36172\/revisions"}],"predecessor-version":[{"id":38976,"href":"https:\/\/testshop.igel.wovodo.de\/en\/wp-json\/wp\/v2\/product\/36172\/revisions\/38976"}],"wp:featuredmedia":[{"embeddable":true,"href":"https:\/\/testshop.igel.wovodo.de\/en\/wp-json\/wp\/v2\/media\/36171"}],"wp:attachment":[{"href":"https:\/\/testshop.igel.wovodo.de\/en\/wp-json\/wp\/v2\/media?parent=36172"}],"wp:term":[{"taxonomy":"product_brand","embeddable":true,"href":"https:\/\/testshop.igel.wovodo.de\/en\/wp-json\/wp\/v2\/product_brand?post=36172"},{"taxonomy":"product_cat","embeddable":true,"href":"https:\/\/testshop.igel.wovodo.de\/en\/wp-json\/wp\/v2\/product_cat?post=36172"},{"taxonomy":"product_tag","embeddable":true,"href":"https:\/\/testshop.igel.wovodo.de\/en\/wp-json\/wp\/v2\/product_tag?post=36172"}],"curies":[{"name":"wp","href":"https:\/\/api.w.org\/{rel}","templated":true}]}}