{"id":36204,"date":"2024-12-03T18:07:58","date_gmt":"2024-12-03T17:07:58","guid":{"rendered":"https:\/\/testshop.igel.wovodo.de\/product\/aero-tex-textil-medium-28ml-schmincke-50-603\/"},"modified":"2025-01-27T12:28:19","modified_gmt":"2025-01-27T11:28:19","slug":"aero-tex-textil-medium-28ml-schmincke-50-603","status":"publish","type":"product","link":"https:\/\/testshop.igel.wovodo.de\/en\/product\/aero-tex-textil-medium-28ml-schmincke-50-603\/","title":{"rendered":"AERO TEX Textil-Medium 28ml, Schmincke 50 603"},"content":{"rendered":"<div class=\"sale_description\">\n<p>Hilfsmittel f\u00fcr AERO COLOR&reg; Professional zum Ermischen einer Textil-Airbrushfarbe (Mischungsverh\u00e4ltnis 1:1). Stoff vorher waschen, trocknen und b\u00fcgeln. Nach Gestaltung trocknen lassen, anschlie\u00dfend von der R\u00fcckseite b\u00fcgeln (Baumwolle ca. 2 min; Seide\/Wolle ca. 4 \u2013 6 min; Synthetik ca. 8 min; Temperatur an Gewebe anpassen!). Textilien bei 30 \u00b0C waschbar; nicht chemisch reinigen.<\/p>\n<p>Inhalt: 28 ml<br \/>\nVerd\u00fcnnungsmittel: (Wasser)<br \/>\nEnth\u00e4lt: Polyurethan-Dispersion<\/p>\n<\/div>","protected":false},"excerpt":{"rendered":"<p>f\u00fcr Haftung auf Textilien<\/p>","protected":false},"featured_media":36203,"comment_status":"open","ping_status":"closed","template":"","meta":[],"product_brand":[],"product_cat":[415,426],"product_tag":[],"class_list":{"0":"post-36204","1":"product","2":"type-product","3":"status-publish","4":"has-post-thumbnail","6":"product_cat-hilfsmittel","7":"product_cat-hilfsmittel-farben-fa-schmincke-airbrush-farben-profi-airbrush","9":"first","10":"instock","11":"taxable","12":"shipping-taxable","13":"purchasable","14":"product-type-simple"},"_links":{"self":[{"href":"https:\/\/testshop.igel.wovodo.de\/en\/wp-json\/wp\/v2\/product\/36204","targetHints":{"allow":["GET"]}}],"collection":[{"href":"https:\/\/testshop.igel.wovodo.de\/en\/wp-json\/wp\/v2\/product"}],"about":[{"href":"https:\/\/testshop.igel.wovodo.de\/en\/wp-json\/wp\/v2\/types\/product"}],"replies":[{"embeddable":true,"href":"https:\/\/testshop.igel.wovodo.de\/en\/wp-json\/wp\/v2\/comments?post=36204"}],"version-history":[{"count":1,"href":"https:\/\/testshop.igel.wovodo.de\/en\/wp-json\/wp\/v2\/product\/36204\/revisions"}],"predecessor-version":[{"id":38978,"href":"https:\/\/testshop.igel.wovodo.de\/en\/wp-json\/wp\/v2\/product\/36204\/revisions\/38978"}],"wp:featuredmedia":[{"embeddable":true,"href":"https:\/\/testshop.igel.wovodo.de\/en\/wp-json\/wp\/v2\/media\/36203"}],"wp:attachment":[{"href":"https:\/\/testshop.igel.wovodo.de\/en\/wp-json\/wp\/v2\/media?parent=36204"}],"wp:term":[{"taxonomy":"product_brand","embeddable":true,"href":"https:\/\/testshop.igel.wovodo.de\/en\/wp-json\/wp\/v2\/product_brand?post=36204"},{"taxonomy":"product_cat","embeddable":true,"href":"https:\/\/testshop.igel.wovodo.de\/en\/wp-json\/wp\/v2\/product_cat?post=36204"},{"taxonomy":"product_tag","embeddable":true,"href":"https:\/\/testshop.igel.wovodo.de\/en\/wp-json\/wp\/v2\/product_tag?post=36204"}],"curies":[{"name":"wp","href":"https:\/\/api.w.org\/{rel}","templated":true}]}}