{"id":36338,"date":"2024-12-03T18:09:55","date_gmt":"2024-12-03T17:09:55","guid":{"rendered":"https:\/\/testshop.igel.wovodo.de\/product\/glanz-firnis-aerospray-300ml-schmincke-50-580\/"},"modified":"2025-01-27T12:29:25","modified_gmt":"2025-01-27T11:29:25","slug":"glanz-firnis-aerospray-300ml-schmincke-50-580","status":"publish","type":"product","link":"https:\/\/testshop.igel.wovodo.de\/en\/product\/glanz-firnis-aerospray-300ml-schmincke-50-580\/","title":{"rendered":"Glanz-Firnis AEROSPRAY 300ml, Schmincke 50 580"},"content":{"rendered":"<div class=\"sale_description\">\n<p>Kunstharzfirnisse mit UV-Schutz speziell optimiert f\u00fcr die Acrylmalerei; auch f\u00fcr Inkjet-Ausdrucke, Kunstdrucke oder Fotos geeignet. gl\u00e4nzend, farblos, elastisch, nicht gilbend, alterungsbest\u00e4ndig, schnell trocknend.<\/p>\n<p>Inhalt: 300 ml<br \/>\nEnth\u00e4lt: Propan\/Butan, Acrylharz, UV-Absorber, Testbenzin<\/p>\n<\/div>","protected":false},"excerpt":{"rendered":"<p>Schlussfirnisse mit UV-Schutz<\/p>","protected":false},"featured_media":36337,"comment_status":"open","ping_status":"closed","template":"","meta":[],"product_brand":[],"product_cat":[415,426],"product_tag":[],"class_list":{"0":"post-36338","1":"product","2":"type-product","3":"status-publish","4":"has-post-thumbnail","6":"product_cat-hilfsmittel","7":"product_cat-hilfsmittel-farben-fa-schmincke-airbrush-farben-profi-airbrush","9":"first","10":"instock","11":"taxable","12":"shipping-taxable","13":"purchasable","14":"product-type-simple"},"_links":{"self":[{"href":"https:\/\/testshop.igel.wovodo.de\/en\/wp-json\/wp\/v2\/product\/36338","targetHints":{"allow":["GET"]}}],"collection":[{"href":"https:\/\/testshop.igel.wovodo.de\/en\/wp-json\/wp\/v2\/product"}],"about":[{"href":"https:\/\/testshop.igel.wovodo.de\/en\/wp-json\/wp\/v2\/types\/product"}],"replies":[{"embeddable":true,"href":"https:\/\/testshop.igel.wovodo.de\/en\/wp-json\/wp\/v2\/comments?post=36338"}],"version-history":[{"count":1,"href":"https:\/\/testshop.igel.wovodo.de\/en\/wp-json\/wp\/v2\/product\/36338\/revisions"}],"predecessor-version":[{"id":38993,"href":"https:\/\/testshop.igel.wovodo.de\/en\/wp-json\/wp\/v2\/product\/36338\/revisions\/38993"}],"wp:featuredmedia":[{"embeddable":true,"href":"https:\/\/testshop.igel.wovodo.de\/en\/wp-json\/wp\/v2\/media\/36337"}],"wp:attachment":[{"href":"https:\/\/testshop.igel.wovodo.de\/en\/wp-json\/wp\/v2\/media?parent=36338"}],"wp:term":[{"taxonomy":"product_brand","embeddable":true,"href":"https:\/\/testshop.igel.wovodo.de\/en\/wp-json\/wp\/v2\/product_brand?post=36338"},{"taxonomy":"product_cat","embeddable":true,"href":"https:\/\/testshop.igel.wovodo.de\/en\/wp-json\/wp\/v2\/product_cat?post=36338"},{"taxonomy":"product_tag","embeddable":true,"href":"https:\/\/testshop.igel.wovodo.de\/en\/wp-json\/wp\/v2\/product_tag?post=36338"}],"curies":[{"name":"wp","href":"https:\/\/api.w.org\/{rel}","templated":true}]}}