{"id":36448,"date":"2024-12-03T18:11:33","date_gmt":"2024-12-03T17:11:33","guid":{"rendered":"https:\/\/testshop.igel.wovodo.de\/product\/teichpumpen-set-oasis-250-h-fuer-quellbach-ii\/"},"modified":"2025-01-27T12:29:48","modified_gmt":"2025-01-27T11:29:48","slug":"teichpumpen-set-oasis-250-h-fuer-quellbach-ii","status":"publish","type":"product","link":"https:\/\/testshop.igel.wovodo.de\/en\/product\/teichpumpen-set-oasis-250-h-fuer-quellbach-ii\/","title":{"rendered":"OASIS 250-H\" pond pump set for QUELLBACH II"},"content":{"rendered":"<div class=\"sale_description\">\n<ol>\n<li>230V-Betrieb bei schattigen Verh\u00e4ltnissen (Tag und Nacht-Betrieb) (Basisversion)<\/li>\n<li>Solar-Betrieb bei sonnigen Verh\u00e4ltnissen (nur Tag-Betrieb) (mit Solarmodul aus der Zubeh\u00f6r-Auswahl)<\/li>\n<li>Hybrid-Betrieb f\u00fcr 230V und Solar-Strom (Tag und Nacht-Betrieb) (mit Solarmodul aus der Zubeh\u00f6r-Auswahl)<\/li>\n<\/ol>\n<p>Beim stromsparenden Hybrid-Betrieb, d.h. beim gleichzeitigem Anschluss an das 230V-Netz und Solarpanel erfolgt die Umschaltung je nach Sonnenintensit\u00e4t von 230V auf Solar und umgekehrt <b>automatically<\/b>. Im ausw\u00e4hlbaren Nachtmodus schaltet sich der Gartenbrunnen bei Dunkelheit selbstst\u00e4ndig ab und am n\u00e4chsten Morgen wieder an.<br \/>\nIm Solar-Betrieb kann der Brunnen unabh\u00e4ngig von 230V-Steckdose frei platziert und betrieben werden. Das Verlegen von Strom- und Verl\u00e4ngerungskabeln entf\u00e4llt. So betreiben Sie Ihren Bachlauf ohne Folgekosten!<\/p>\n<p><strong>Werthaltig, best\u00e4ndig &amp; betriebssicher<\/strong><\/p>\n<p>S\u00e4mtliche Komponenten sind absolut funktionssicher, langlebig und dank praktischer Steckverbindungen jederzeit austauschbar. So k\u00f6nnen Sie den Bachlauf und das flie\u00dfende Wasser jahrelang genie\u00dfen!<\/p>\n<\/div>","protected":false},"excerpt":{"rendered":"<p>Teichpumpen-Set &#8220;OASIS 250-H&#8221;-Hybrid mit 230V-Anschluss, Solarbetrieb vorgesehen, 4Stck. 5-fach LED-RGB-Licht f\u00fcr Bachlauf QUELLBACH <\/p>","protected":false},"featured_media":36447,"comment_status":"open","ping_status":"closed","template":"","meta":[],"product_brand":[],"product_cat":[307,427,252,306],"product_tag":[],"class_list":{"0":"post-36448","1":"product","2":"type-product","3":"status-publish","4":"has-post-thumbnail","6":"product_cat-zubehoer-brunnen-mit-solar-betrieb","7":"product_cat-zubehoer-sets","8":"product_cat-zubehoer-solarpumpen","9":"product_cat-zubehoer-garten-u-zimmer-brunnen","11":"first","12":"instock","13":"taxable","14":"shipping-taxable","15":"purchasable","16":"product-type-simple"},"_links":{"self":[{"href":"https:\/\/testshop.igel.wovodo.de\/en\/wp-json\/wp\/v2\/product\/36448","targetHints":{"allow":["GET"]}}],"collection":[{"href":"https:\/\/testshop.igel.wovodo.de\/en\/wp-json\/wp\/v2\/product"}],"about":[{"href":"https:\/\/testshop.igel.wovodo.de\/en\/wp-json\/wp\/v2\/types\/product"}],"replies":[{"embeddable":true,"href":"https:\/\/testshop.igel.wovodo.de\/en\/wp-json\/wp\/v2\/comments?post=36448"}],"version-history":[{"count":1,"href":"https:\/\/testshop.igel.wovodo.de\/en\/wp-json\/wp\/v2\/product\/36448\/revisions"}],"predecessor-version":[{"id":36847,"href":"https:\/\/testshop.igel.wovodo.de\/en\/wp-json\/wp\/v2\/product\/36448\/revisions\/36847"}],"wp:featuredmedia":[{"embeddable":true,"href":"https:\/\/testshop.igel.wovodo.de\/en\/wp-json\/wp\/v2\/media\/36447"}],"wp:attachment":[{"href":"https:\/\/testshop.igel.wovodo.de\/en\/wp-json\/wp\/v2\/media?parent=36448"}],"wp:term":[{"taxonomy":"product_brand","embeddable":true,"href":"https:\/\/testshop.igel.wovodo.de\/en\/wp-json\/wp\/v2\/product_brand?post=36448"},{"taxonomy":"product_cat","embeddable":true,"href":"https:\/\/testshop.igel.wovodo.de\/en\/wp-json\/wp\/v2\/product_cat?post=36448"},{"taxonomy":"product_tag","embeddable":true,"href":"https:\/\/testshop.igel.wovodo.de\/en\/wp-json\/wp\/v2\/product_tag?post=36448"}],"curies":[{"name":"wp","href":"https:\/\/api.w.org\/{rel}","templated":true}]}}