{"id":36542,"date":"2024-12-03T18:12:58","date_gmt":"2024-12-03T17:12:58","guid":{"rendered":"https:\/\/testshop.igel.wovodo.de\/product\/pumpenmodell-jr-450lv-4-mit-anschluss-fuer-4-lichter-12v-50hz-neues-modell\/"},"modified":"2025-01-27T12:30:56","modified_gmt":"2025-01-27T11:30:56","slug":"pumpenmodell-jr-450lv-4-mit-anschluss-fuer-4-lichter-12v-50hz-neues-modell","status":"publish","type":"product","link":"https:\/\/testshop.igel.wovodo.de\/en\/product\/pumpenmodell-jr-450lv-4-mit-anschluss-fuer-4-lichter-12v-50hz-neues-modell\/","title":{"rendered":"Pumpenmodell &#8211; JR-450LV\/4 mit Anschluss f\u00fcr 4 Lichter \/ 12V 50HZ (neues Modell)"},"content":{"rendered":"<div class=\"sale_description\">\n<p>Diese 12V-Tauchpumpe ist geeignet f\u00fcr Springbrunnen, Teiche oder als Ersatzpumpe f\u00fcr den Artikel 230V &#8211; Gartenbrunnen <\/p>\n<ul>\n<li>230V &#8211; Gartenbrunnen M\u00c4RCHEN-FELS mit LED-Licht (Art.Nr: <a class=\"headerNavigation\" href=\"https:\/\/www.profi-pumpe.de\/GARTEN-u-ZIMMER-BRUNNEN\/230V-Gartenbrunnen-MAeRCHEN-FELS-mit-LED-Licht::1768.html\">GB02185-4<\/a>)<\/li>\n<\/ul>\n<p>Die maximale F\u00f6rdermenge betr\u00e4gt 450 Liter pro Stunde, die maximale F\u00f6rderh\u00f6he 0,95 Meter.<\/p>\n<\/div>\n<h3>Many good reasons why you should buy this product:<\/h3>\n<div class=\"sale_motive\">\n<ul>\n<li>12-Volt Tauchpumpe mit Kabel 5m<\/li>\n<li>F\u00f6rdermenge max. 450L\/Std<\/li>\n<li>F\u00f6rderh\u00f6he max. 0,95m<\/li>\n<\/ul>\n<\/div>","protected":false},"excerpt":{"rendered":"<p>Tauchpumpe f\u00fcr Springbrunnen oder Teich und als Ersatzpumpe\n  <\/p>\n<p>F\u00f6rdermenge 450L\/Std.<\/p><\/p>","protected":false},"featured_media":37688,"comment_status":"open","ping_status":"closed","template":"","meta":[],"product_brand":[],"product_cat":[255,349],"product_tag":[],"class_list":{"0":"post-36542","1":"product","2":"type-product","3":"status-publish","4":"has-post-thumbnail","6":"product_cat-zubehoer","7":"product_cat-ersatzteile-gartenbrunnen","9":"first","10":"instock","11":"taxable","12":"shipping-taxable","13":"purchasable","14":"product-type-simple"},"_links":{"self":[{"href":"https:\/\/testshop.igel.wovodo.de\/en\/wp-json\/wp\/v2\/product\/36542","targetHints":{"allow":["GET"]}}],"collection":[{"href":"https:\/\/testshop.igel.wovodo.de\/en\/wp-json\/wp\/v2\/product"}],"about":[{"href":"https:\/\/testshop.igel.wovodo.de\/en\/wp-json\/wp\/v2\/types\/product"}],"replies":[{"embeddable":true,"href":"https:\/\/testshop.igel.wovodo.de\/en\/wp-json\/wp\/v2\/comments?post=36542"}],"version-history":[{"count":1,"href":"https:\/\/testshop.igel.wovodo.de\/en\/wp-json\/wp\/v2\/product\/36542\/revisions"}],"predecessor-version":[{"id":39009,"href":"https:\/\/testshop.igel.wovodo.de\/en\/wp-json\/wp\/v2\/product\/36542\/revisions\/39009"}],"wp:featuredmedia":[{"embeddable":true,"href":"https:\/\/testshop.igel.wovodo.de\/en\/wp-json\/wp\/v2\/media\/37688"}],"wp:attachment":[{"href":"https:\/\/testshop.igel.wovodo.de\/en\/wp-json\/wp\/v2\/media?parent=36542"}],"wp:term":[{"taxonomy":"product_brand","embeddable":true,"href":"https:\/\/testshop.igel.wovodo.de\/en\/wp-json\/wp\/v2\/product_brand?post=36542"},{"taxonomy":"product_cat","embeddable":true,"href":"https:\/\/testshop.igel.wovodo.de\/en\/wp-json\/wp\/v2\/product_cat?post=36542"},{"taxonomy":"product_tag","embeddable":true,"href":"https:\/\/testshop.igel.wovodo.de\/en\/wp-json\/wp\/v2\/product_tag?post=36542"}],"curies":[{"name":"wp","href":"https:\/\/api.w.org\/{rel}","templated":true}]}}