{"id":36561,"date":"2024-12-03T18:13:18","date_gmt":"2024-12-03T17:13:18","guid":{"rendered":"https:\/\/testshop.igel.wovodo.de\/product\/profi-airbrush-beauty-maxx-ii-tan-set\/"},"modified":"2025-01-27T12:31:19","modified_gmt":"2025-01-27T11:31:19","slug":"profi-airbrush-beauty-maxx-ii-tan-set","status":"publish","type":"product","link":"https:\/\/testshop.igel.wovodo.de\/en\/product\/profi-airbrush-beauty-maxx-ii-tan-set\/","title":{"rendered":"Profi-AirBrush Beauty Maxx II Tan Set"},"content":{"rendered":"<div class=\"sale_application\">\n<b><\/p>\n<p>Ideal for cosmetics &amp; beauty (airbrush nail art, makeup, hair coloring, hair care, spray tanning), body art (body painting, tattoo, mask design), hobby (flowers\/ flower arrangements, model making, ceramics\/ pottery, textiles), small car designs (gas caps\/ helmets), technical illustrations\/ photo touch-ups and food decoration (cakes\/ cupcakes). The possibilities for airbrushing are practically unlimited.<\/p>\n<p><\/b> <\/div>\n<div class=\"sale_description\">\n<p>This oil- and maintenance-free <b>Airbrush compressor<\/b> ist f\u00fcr Arbeiten mit allen handels\u00fcblichen Airbrushfarben geeignet. Mit nur 47dB erm\u00f6glicht er angenehmes Arbeiten auch in kleineren, geschlossenen R\u00e4umen. Sein kompaktes Design und der integrierte Tragegriff erleichtern den mobilen Einsatz.<\/p>\n<p><b>Die UNIVERSAL-Airbrush-Pistole <strong>&#8220;Double-Action-Gun 134s&#8221;<\/strong> ist einzigartig und einmalig f\u00fcr diese Preisklasse!<\/b><\/p>\n<p>Die Airbrush-Pistole &#8220;Double-Action-Gun 134s&#8221; mit 0,2mm \/ 0,3mm \/ 0,5mm NADEL\/D\u00dcSE Kombination und 2 verschiedenen Farbbeh\u00e4ltern (7ml und 22ml) ist besonders f\u00fcr den Beginner zum Kennenlernen der einzelnen Techniken und f\u00fcr ein z\u00fcgiges Arbeiten optimal geeignet. Damit lassen sich sowohl feine Linien ziehen, als auch gr\u00f6\u00dfere Fl\u00e4chen airbrushen. F\u00fcr gr\u00f6\u00dfere Farbmengen wird der 22ml-Glasbeh\u00e4lter und f\u00fcr kleinere Farbmengen der 7ccl Metallaufsatz verwendet. Mit der UNIVERSAL AIRBRUSH-PISTOLE DOUBLE-ACTION 134s macht das Hobby richtig Spa\u00df!<\/p>\n<p>Mit unserer <strong>Airbrush K\u00f6rper-Selbstbr\u00e4unungs-Lotion<\/strong> f\u00fcr Sunless Self Tanning mit Airbrush erhalten Sie den Zauber und den Laufsteg-Glamour aus Hollywood! Gesunde, sch\u00f6ne und nahtlose Br\u00e4une, ganz wie die Stars!<\/p>\n<p>Die Airbrush Tan Lotion wurde speziell f\u00fcr Anwendungen mit Airbrushkompressor und Airbrushpistole entwickelt.<\/p>\n<p> Unsere Selbstbr\u00e4unungs-Lotion ist einfach, sicher und effizient in der Anwendung: Im Gegensatz zur Br\u00e4une durch Sonneneinwirkung oder Solarium-Besuche gehen Sie mit unserer Selbstbr\u00e4unungslotion keine gesundheitlichen Risiken ein. Eine Anwendung ersetzt ca. 6 sch\u00e4dliche UV-Strahlen-Br\u00e4unungen im Sonnenstudio. Die Spr\u00fchbr\u00e4une pflegt Ihre Haut und l\u00e4sst sie nat\u00fcrlich braun aussehen &#8211; ohne &#8220;Orange-Effekt&#8221;, ohne &#8220;Streifenh\u00f6rncheneffekt&#8221;.<\/p>\n<p> Enth\u00e4lt 12% DHA f\u00fcr eine intensive Br\u00e4une!<\/p>\n<p>Der &#8220;Cleaning-Pot&#8221; vereinigt 3 Funktionen in einem. Er wird genutzt zum Reinigen der Spr\u00fchpistole indem Reiniger und Farbreste einfach in den  stabilen Glasbeh\u00e4lter gespr\u00fcht werden, wobei entstehende D\u00e4mpfe durch einen Filter zur\u00fcckgehalten werden. Der Filter trennt gleichzeitig Farbpartikel und Fl\u00fcssigkeit. Der Deckel kann als Wasser- oder Farbbeh\u00e4lter genutzt werden. Durch einen Schraubverschluss ist er leicht abnehmbar. Der gut zureinigende Glasbeh\u00e4lter kann zum Farbmischen verwendet werden.<\/p>\n<p><strong>Durch seinen stabilen Bau eignet sich der &#8220;Cleaning-Pot&#8221; gleichzeitig als Halter f\u00fcr AirBrush-Pistolen.<\/strong><\/p>\n<p>Erg\u00e4nzt wird das Set durch 5 verschiedene B\u00fcrsten zur gr\u00fcndlichen Reinigung von Airbrushpistolen. Die B\u00fcrsten sind f\u00fcr alle g\u00e4ngigen Airbrush-Pistolen geeignet.<\/p>\n<\/div>\n<h3>Many good reasons why you should buy this product:<\/h3>\n<div class=\"sale_motive\">\n<ul>\n<li>Komplett-Set f\u00fcr Airbrush Selbstbr\u00e4unung\/ Tanning<\/li>\n<li>energieeffizienter Einzel-Zylinder Kolbenkompressor<\/li>\n<li>Hitzeschutzgeh\u00e4use f\u00fcr gefahrloses Arbeiten<\/li>\n<li>transportabel, schnell einsatzbereit und optimal f\u00fcr den mobilen Einsatz<\/li>\n<li><b>vielf\u00e4ltige Einsatzgebiete<\/b><\/li>\n<li>Pistole mit Double-Action Trigger Air-Paint-Control<\/li>\n<li>Umfangreiches Zubeh\u00f6r<\/li>\n<li>\u00d6l- und wartungsfreier Airbrush-Kompressor mit <b>0,3l-Drucklufttank<\/b><\/li>\n<li>Perfect work thanks to constant working pressure<\/li>\n<li>Connection: 0.3cm (1\/8\u2033) thread for all common airbrush guns<\/li>\n<li>fl\u00fcsterleiser Betrieb ca. 47dB (Zum Vergleich: eine normale Sprache in 1m Abstand = 60dB)<\/li>\n<\/ul>\n<\/div>","protected":false},"excerpt":{"rendered":"<p>Kleiner, robuster Airbrush Kompressor mit max. Druck: 3,1bar \/ max. Luftabgabemenge: ca. 13l\/min \/ 125 Watt \/ inklusive Profi Airbrush Pistole &#8220;Dual-Action-Gun&#8221; und 1,8m Luftschlauch<\/p>\n<p>Ideal for use in beauty and nail studios!<\/p>","protected":false},"featured_media":36560,"comment_status":"open","ping_status":"closed","template":"","meta":[],"product_brand":[],"product_cat":[185,213],"product_tag":[],"class_list":{"0":"post-36561","1":"product","2":"type-product","3":"status-publish","4":"has-post-thumbnail","6":"product_cat-airbrush-sets","7":"product_cat-airbrush-sets-mit-farben","9":"first","10":"instock","11":"taxable","12":"shipping-taxable","13":"purchasable","14":"product-type-simple"},"_links":{"self":[{"href":"https:\/\/testshop.igel.wovodo.de\/en\/wp-json\/wp\/v2\/product\/36561","targetHints":{"allow":["GET"]}}],"collection":[{"href":"https:\/\/testshop.igel.wovodo.de\/en\/wp-json\/wp\/v2\/product"}],"about":[{"href":"https:\/\/testshop.igel.wovodo.de\/en\/wp-json\/wp\/v2\/types\/product"}],"replies":[{"embeddable":true,"href":"https:\/\/testshop.igel.wovodo.de\/en\/wp-json\/wp\/v2\/comments?post=36561"}],"version-history":[{"count":1,"href":"https:\/\/testshop.igel.wovodo.de\/en\/wp-json\/wp\/v2\/product\/36561\/revisions"}],"predecessor-version":[{"id":39013,"href":"https:\/\/testshop.igel.wovodo.de\/en\/wp-json\/wp\/v2\/product\/36561\/revisions\/39013"}],"wp:featuredmedia":[{"embeddable":true,"href":"https:\/\/testshop.igel.wovodo.de\/en\/wp-json\/wp\/v2\/media\/36560"}],"wp:attachment":[{"href":"https:\/\/testshop.igel.wovodo.de\/en\/wp-json\/wp\/v2\/media?parent=36561"}],"wp:term":[{"taxonomy":"product_brand","embeddable":true,"href":"https:\/\/testshop.igel.wovodo.de\/en\/wp-json\/wp\/v2\/product_brand?post=36561"},{"taxonomy":"product_cat","embeddable":true,"href":"https:\/\/testshop.igel.wovodo.de\/en\/wp-json\/wp\/v2\/product_cat?post=36561"},{"taxonomy":"product_tag","embeddable":true,"href":"https:\/\/testshop.igel.wovodo.de\/en\/wp-json\/wp\/v2\/product_tag?post=36561"}],"curies":[{"name":"wp","href":"https:\/\/api.w.org\/{rel}","templated":true}]}}