{"id":39708,"date":"2025-01-22T15:43:37","date_gmt":"2025-01-22T14:43:37","guid":{"rendered":"https:\/\/testshop.igel.wovodo.de\/product\/b-ware-diesel-star-160-4-12v-pumpe-ohne-zubehoer-mit-2stk-tuellen-2stk-schellen\/"},"modified":"2025-01-27T12:28:08","modified_gmt":"2025-01-27T11:28:08","slug":"b-ware-diesel-star-160-4-12v-pumpe-ohne-zubehoer-mit-2stk-tuellen-2stk-schellen","status":"publish","type":"product","link":"https:\/\/testshop.igel.wovodo.de\/en\/product\/b-ware-diesel-star-160-4-12v-pumpe-ohne-zubehoer-mit-2stk-tuellen-2stk-schellen\/","title":{"rendered":"B-Ware Diesel Star 160-4 &#8211; 12V-Pumpe ohne Zubeh\u00f6r, mit 2Stk T\u00fcllen, 2Stk Schellen"},"content":{"rendered":"<div class=\"sale_application\">\n<ul>\n<li>Filling, pumping, decanting, emptying diesel and heating oil tanks<\/li>\n<\/ul><\/div>\n<div class=\"sale_description\"> <font color=\"FF0000\"><b>B-Ware:<\/b><\/p>\n<ul>\n<li>leichte optische Fehler (z.B. kleine Kratzer etc.)<\/li>\n<li>voll funktionsf\u00e4higes Produkt<\/li>\n<li>reduzierte gesetzliche Gew\u00e4hrleistung auf max. 1 Jahr<\/li>\n<\/ul>\n<p><\/font><\/p>\n<p>Die DIESEL STAR 160 ist eine elektrische 12-Volt-Dieselpumpe. Mit den mitgelieferten Klemmen kann die saugstarke Dieselpumpe einfach und \u00fcberall an eine 12V Batterie angeschlossen werden. <strong>So macht das Umtanken Spa\u00df und bleibt eine saubere Sache!<\/p>\n<p>  <\/strong><\/p>\n<p>Die Dieselpumpe 12V ist selbstsaugend. Die maximale F\u00f6rderleistung der 12-Volt-Dieselpumpe betr\u00e4gt 2400 l\/ h, die maximale F\u00f6rderh\u00f6he 10 m und der maximale F\u00f6rderdruck liegt bei 1,2 bar. Bitte beachten: Die F\u00f6rderleistung nimmt bei steigender F\u00f6rderh\u00f6he entsprechend ab.<\/p>\n<p>The insulating plastic housing of the 12-volt diesel pump ensures safe handling. The on\/off switch has a safety device.<\/p>\n<p>All pumps are individually tested for function. Residues of the test fluid may therefore be present in the pump \/ packaging.<\/p>\n<p>Die Dieselpumpe und die Saugleitung sind bei der Inbetriebnahme blasenfrei mit Diesel oder Heiz\u00f6l zu bef\u00fcllen. Ein R\u00fcckschlagventil <b>(NICHT im LIeferumfang enthalten)<\/b> muss unbedingt am Ende der Saugleitung montiert und dicht sein.<\/p>\n<p>Bei diesem Angebot k\u00f6nnen Sie das passende Zubeh\u00f6r zur Dieselpumpen mitbestellen und so Frachtkosten sparen.<\/p>\n<p>Bitte die ununterbrochene Einschaltzeit von max. 30 Min bei 20\u00b0C beachten. Die<br \/>\nPumpe kann sonst \u00fcberhitzen. Bei h\u00f6heren Temperaturen reduziert sich die Betriebsdauer<br \/>\nentsprechend.<\/p>\n<\/div>\n<h3>Many good reasons why you should buy this product:<\/h3>\n<div class=\"sale_motive\">\n<ul>\n<li>    Wir verwenden nur zuverl\u00e4ssige Bauteile, so dass SIE damit keine Probleme haben!<\/li>\n<li>schwere, robuste, zuverl\u00e4ssige Qualit\u00e4t<\/li>\n<li>&#8220;Ein&#8221;-und &#8220;Aus&#8221;-Schalter <\/li>\n<\/ul><\/div>","protected":false},"excerpt":{"rendered":"<p>Selbstansaugende 12-Volt-Dieselpumpe mit 2 T\u00fcllen<br \/>\n  max. F\u00f6rderleistung 2400 l\/ h | max. F\u00f6rderh\u00f6he 10 m | max. F\u00f6rderdruck 1,2 bar<\/p>\n<p><strong>Mobile Dieselpumpe mit Sicherheitsschalter<br \/>\n  und Klemmen f\u00fcr den 12V-Batterie-Anschluss!<\/strong><\/p>","protected":false},"featured_media":31391,"comment_status":"open","ping_status":"closed","template":"","meta":[],"product_brand":[],"product_cat":[182],"product_tag":[],"class_list":{"0":"post-39708","1":"product","2":"type-product","3":"status-publish","4":"has-post-thumbnail","6":"product_cat-b-ware-dieselpumpen","8":"first","9":"instock","10":"sale","11":"taxable","12":"shipping-taxable","13":"purchasable","14":"product-type-simple"},"_links":{"self":[{"href":"https:\/\/testshop.igel.wovodo.de\/en\/wp-json\/wp\/v2\/product\/39708","targetHints":{"allow":["GET"]}}],"collection":[{"href":"https:\/\/testshop.igel.wovodo.de\/en\/wp-json\/wp\/v2\/product"}],"about":[{"href":"https:\/\/testshop.igel.wovodo.de\/en\/wp-json\/wp\/v2\/types\/product"}],"replies":[{"embeddable":true,"href":"https:\/\/testshop.igel.wovodo.de\/en\/wp-json\/wp\/v2\/comments?post=39708"}],"version-history":[{"count":0,"href":"https:\/\/testshop.igel.wovodo.de\/en\/wp-json\/wp\/v2\/product\/39708\/revisions"}],"wp:featuredmedia":[{"embeddable":true,"href":"https:\/\/testshop.igel.wovodo.de\/en\/wp-json\/wp\/v2\/media\/31391"}],"wp:attachment":[{"href":"https:\/\/testshop.igel.wovodo.de\/en\/wp-json\/wp\/v2\/media?parent=39708"}],"wp:term":[{"taxonomy":"product_brand","embeddable":true,"href":"https:\/\/testshop.igel.wovodo.de\/en\/wp-json\/wp\/v2\/product_brand?post=39708"},{"taxonomy":"product_cat","embeddable":true,"href":"https:\/\/testshop.igel.wovodo.de\/en\/wp-json\/wp\/v2\/product_cat?post=39708"},{"taxonomy":"product_tag","embeddable":true,"href":"https:\/\/testshop.igel.wovodo.de\/en\/wp-json\/wp\/v2\/product_tag?post=39708"}],"curies":[{"name":"wp","href":"https:\/\/api.w.org\/{rel}","templated":true}]}}