{"id":29964,"date":"2024-10-31T14:04:37","date_gmt":"2024-10-31T13:04:37","guid":{"rendered":"https:\/\/testshop.igel.wovodo.de\/product\/profi-airbrush-universal-i-tattoo-set\/"},"modified":"2025-01-27T12:28:01","modified_gmt":"2025-01-27T11:28:01","slug":"profi-airbrush-universal-i-tattoo-set","status":"publish","type":"product","link":"https:\/\/testshop.igel.wovodo.de\/es\/product\/profi-airbrush-universal-i-tattoo-set\/","title":{"rendered":"Profi-AirBrush Universal I Tattoo Set"},"content":{"rendered":"<div class=\"sale_application\">\n<b><\/p>\n<p>Ideal para cosm\u00e9tica y belleza (decoraci\u00f3n de u\u00f1as con aer\u00f3grafo, maquillaje, coloraci\u00f3n del cabello, cuidado del cabello, bronceado en spray), arte corporal (pintura corporal, tatuaje, dise\u00f1o de m\u00e1scaras), pasatiempos (flores\/arreglos florales, modelismo, cer\u00e1mica\/alfarer\u00eda, textiles), peque\u00f1os dise\u00f1os de autom\u00f3viles (tapones de gasolina\/cascos), ilustraciones t\u00e9cnicas\/retoques fotogr\u00e1ficos y decoraci\u00f3n de alimentos (tartas\/cupcakes). Las posibilidades de la aerograf\u00eda son pr\u00e1cticamente ilimitadas.<\/p>\n<p><\/b> <\/div>\n<div class=\"sale_description\">\n<p>Sin aceite ni mantenimiento <span class=\"high\">Compresor de aer\u00f3grafo<\/span> ist f\u00fcr Arbeiten mit allen handels\u00fcblichen Airbrush Farben geeignet. Mit nur 47dB erm\u00f6glicht er angenehmes Arbeiten auch in kleineren, geschlossenen R\u00e4umen. Sein kompaktes Design und der integrierte Tragegriff erleichtern den mobilen Einsatz. Die Abschaltautomatik erm\u00f6glicht einen stromsparenden und ger\u00e4tesch\u00fctzenden Betrieb.<\/p>\n<p>Der Airbrush-Kompressor ist mit einem <b>3-Liter Lufttank<\/b> ausgestattet. Durch den integrierten 3l-Lufttank ist ein perfektes Arbeiten durch gleichbleibenden Luftdruck m\u00f6glich. Integriert sind auch <b>Durchfluss- und Druckregler, Manometer und Wasserabschneider<\/b>. Der maximale Arbeitsdruck betr\u00e4gt 6 bar. Der thermisch gesch\u00fctzte Airbrush-Kompressor hat einen Netzschalter und ein Sicherheitsventil.<\/p>\n<p>Der 150-Watt Einzel-Zylinder-Airbrush-Kompressor ist ideal f\u00fcr Airbrush-Pistolen mit geringem Luftdurchlass. Der Anschluss des Airbrush-Kompressors mit einem 1\/8-Zoll-Gewinde ist f\u00fcr alle g\u00e4ngigen Airbrush-Pistolen geeignet.<\/p>\n<p>Der Airbrush-Kompressor ist ideal f\u00fcr alle Airbrush-Anwendungen &#8211; f\u00fcr Hobby und Beruf, f\u00fcr Airbrush-Einsteiger und Airbrush-Profis.<\/p>\n<p>Die im Airbrush Pistolen Set enthaltene Spr\u00fchpistole arbeitet nach dem Double-Action Prinzip. Der Farbbeh\u00e4lter hat ein Volumen von 7cm\u00b3. Die D\u00fcse von  0,3mm erlaubt sehr feine Arbeiten. Der 1,8m lange Luftschlauch gibt ausreichend Bewegungsspielraum.<\/p>\n<p><b>Die UNIVERSAL-Airbrush-Pistole <strong>&#8220;Double-Action-Gun 134s&#8221;<\/strong> ist einzigartig und einmalig f\u00fcr diese Preisklasse!<\/b><\/p>\n<p>Die Airbrush-Pistole &#8220;Double-Action-Gun 134s&#8221; mit 0,2mm \/ 0,3mm \/ 0,5mm NADEL\/D\u00dcSE Kombination und 2 verschiedenen Farbbeh\u00e4ltern (7ml und 22ml) ist besonders f\u00fcr den Beginner zum Kennenlernen der einzelnen Techniken und f\u00fcr ein z\u00fcgiges Arbeiten optimal geeignet. Damit lassen sich sowohl feine Linien ziehen, als auch gr\u00f6\u00dfere Fl\u00e4chen airbrushen. F\u00fcr gr\u00f6\u00dfere Farbmengen wird der 22ml-Glasbeh\u00e4lter und f\u00fcr kleinere Farbmengen der 7ccl Metallaufsatz verwendet. Mit der UNIVERSAL AIRBRUSH-PISTOLE DOUBLE-ACTION 134s macht das Hobby richtig Spa\u00df!<\/p>\n<p>Mit dem &#8220;4er Set Airbrush Universalfarben&#8221; erhalten Sie 4 Airbrush-Grundfarben f\u00fcr die Erstellung von z.B. professionellen Airbrush-Tattoos &#8211; lassen Sie Ihrer Kreativit\u00e4t freien Lauf!<\/p>\n<p>Vor dem Einsatz von selbst angemischten Farben in Airbrush-Pistolen bitte pr\u00fcfen, ob die Farben miteinader mischbar sind. Sind unerw\u00fcnschte Reaktionen (z.B Verklumpung) feststellbar, ist vom Einsatz in Airbrush abzusehen.<\/p>\n<p>\n<b>Anmerkung zur Produkthaltbarkeit:<\/b> Die Angabe eines Mindesthaltbarkeitsdatums ist gesetzlich vorgeschrieben. Die Haltbarkeit unserer Airbrush-Farben betr\u00e4gt mindestens zehn Jahre. Wir versichern Ihnen, dass die Verwendung der Farben &#8211; auch nach Ablauf des Mindesthaltbarkeitsdatums &#8211; f\u00fcr den jeweils empfohlenen Einsatzzweck noch jahrelang v\u00f6llig unbedenklich ist. Die \u00e4lteste bei uns f\u00fcr Testzwecke zur Haltbarkeit aufbewahrte und vollkommen intakte Farbe ist etwa 5Jahre alt.<\/p>\n<p>Mit dem &#8220;Airbrush Tattoo Schablonen 6er Set&#8221; erhalten Sie 6Stck. selbstklebende Schablonen (je Schablone ein Motiv) mit trendigen Tattoo-Motiv-Vorlagen (Stern, Sonne, Rose, Drache, Herzen, Schmetterling) f\u00fcr die Erstellung von professionellen Airbrush-Tattoos &#8211; lassen Sie Ihrer Kreativit\u00e4t freien Lauf!<\/p>\n<\/div>\n<h3>Muchas buenas razones para comprar este producto:<\/h3>\n<div class=\"sale_motive\">\n<ul>\n<li><strong>energieeffizienter Einzel-Zylinder Kolbenkompressor<\/strong><\/li>\n<li>Transportable y listo para usar r\u00e1pidamente<\/li>\n<li>Ideal f\u00fcr Pistolen mit geringem Luftdurchlass<\/li>\n<li>kompaktes und sch\u00f6nes Design<\/li>\n<li><strong>Autostop Automatik (4 bar-Stop | 3 bar-Start)<\/strong><\/li>\n<li>Sin aceite ni mantenimiento<\/li>\n<li>Trabajo perfecto gracias a la presi\u00f3n de trabajo constante<\/li>\n<li>Conexi\u00f3n: rosca de 0,3 cm (1\/8\u2033) para todas las pistolas de aer\u00f3grafo habituales.<\/li>\n<li>Ideal para uso m\u00f3vil<\/li>\n<li>Protecci\u00f3n t\u00e9rmica<\/li>\n<li><strong>integrierter Durchfluss- und Druckregler, Manometer, Wasserabscheider<\/strong><\/li>\n<li>integrierter Luft-Tank mit Druckluftreserve 3L<\/li>\n<li>Sicherheitsventil<\/li>\n<li><strong>fl\u00fcsterleiser Betrieb ca. 47dB<\/strong> (Zum Vergleich: eine normale Sprache in 1 m Abstand = 60dB)<\/li>\n<\/ul>\n<ul>\n<li>Komplett-Set f\u00fcr Airbrush-Tattoos mit Airbrush-Tattoo-Farben und Airbrush-Tattoo-Schablonen<\/li>\n<\/ul>\n<\/div>","protected":false},"excerpt":{"rendered":"<p>Robuster Airbrush Kompressor mit Druckkessel<br \/>\n  max. Druck: 4 bar | max. Luftabgabemenge: 20-23 l\/min | 125 Watt<br \/>\n  inklusive Profi Arbrush Pistole &#8220;Gravity-Dual-Action 134s&#8221; und 1,8m Schlauch<br \/>\n  inklusive 4 x 30ml Airbrush-Tattoo-Farbe<br \/>\n  inklusive 6 Tatto Schablonen<\/p>\n<p><b>Profi-AirBrush-Komplett-Set f\u00fcr Airbrush-Tattoos<\/b><\/p>","protected":false},"featured_media":36071,"comment_status":"open","ping_status":"closed","template":"","meta":[],"product_brand":[],"product_cat":[213],"product_tag":[],"class_list":{"0":"post-29964","1":"product","2":"type-product","3":"status-publish","4":"has-post-thumbnail","6":"product_cat-airbrush-sets-mit-farben","8":"first","9":"instock","10":"taxable","11":"shipping-taxable","12":"purchasable","13":"product-type-simple"},"_links":{"self":[{"href":"https:\/\/testshop.igel.wovodo.de\/es\/wp-json\/wp\/v2\/product\/29964","targetHints":{"allow":["GET"]}}],"collection":[{"href":"https:\/\/testshop.igel.wovodo.de\/es\/wp-json\/wp\/v2\/product"}],"about":[{"href":"https:\/\/testshop.igel.wovodo.de\/es\/wp-json\/wp\/v2\/types\/product"}],"replies":[{"embeddable":true,"href":"https:\/\/testshop.igel.wovodo.de\/es\/wp-json\/wp\/v2\/comments?post=29964"}],"version-history":[{"count":1,"href":"https:\/\/testshop.igel.wovodo.de\/es\/wp-json\/wp\/v2\/product\/29964\/revisions"}],"predecessor-version":[{"id":34586,"href":"https:\/\/testshop.igel.wovodo.de\/es\/wp-json\/wp\/v2\/product\/29964\/revisions\/34586"}],"wp:featuredmedia":[{"embeddable":true,"href":"https:\/\/testshop.igel.wovodo.de\/es\/wp-json\/wp\/v2\/media\/36071"}],"wp:attachment":[{"href":"https:\/\/testshop.igel.wovodo.de\/es\/wp-json\/wp\/v2\/media?parent=29964"}],"wp:term":[{"taxonomy":"product_brand","embeddable":true,"href":"https:\/\/testshop.igel.wovodo.de\/es\/wp-json\/wp\/v2\/product_brand?post=29964"},{"taxonomy":"product_cat","embeddable":true,"href":"https:\/\/testshop.igel.wovodo.de\/es\/wp-json\/wp\/v2\/product_cat?post=29964"},{"taxonomy":"product_tag","embeddable":true,"href":"https:\/\/testshop.igel.wovodo.de\/es\/wp-json\/wp\/v2\/product_tag?post=29964"}],"curies":[{"name":"wp","href":"https:\/\/api.w.org\/{rel}","templated":true}]}}