{"id":29972,"date":"2024-10-31T14:04:46","date_gmt":"2024-10-31T13:04:46","guid":{"rendered":"https:\/\/testshop.igel.wovodo.de\/product\/b-ware-buddha-eternity-mit-liion-akku-led-licht\/"},"modified":"2025-01-27T12:28:03","modified_gmt":"2025-01-27T11:28:03","slug":"b-ware-buddha-eternity-mit-liion-akku-led-licht","status":"publish","type":"product","link":"https:\/\/testshop.igel.wovodo.de\/es\/product\/b-ware-buddha-eternity-mit-liion-akku-led-licht\/","title":{"rendered":"B-Ware &#8220;BUDDHA-ETERNITY&#8221; mit LiIon-Akku &amp; LED-Licht"},"content":{"rendered":"<div class=\"sale_application\">\n<p>Solarbetriebener Garten-Brunnen mit Akku und LED-Licht<\/p>\n<\/p><\/div>\n<div class=\"sale_description\"> <font color=\"FF0000\"><b>B-Ware:<\/b><\/p>\n<ul>\n<li>leichte optische Fehler (z.B. kleine Kratzer etc.)<\/li>\n<li>voll funktionsf\u00e4higes Produkt<\/li>\n<li>reduzierte gesetzliche Gew\u00e4hrleistung auf max. 1 Jahr<\/li>\n<\/ul>\n<p><\/font><\/p>\n<p>En <b><br \/>\n&#8220;BUDDHA-ETERNITY&#8221;<\/b> setzt die Kraft der Sonne in flie\u00dfendes Wasser um. Hochwertige Komponenten bringen das Wasser in Bewegung, sobald das Sonnenlicht die Solarfl\u00e4che erreicht. Je st\u00e4rker die Sonne, umso intensiver wird das Wasserspiel! Das im Sonnenlicht funkelnde Wasser ist stets der perfekte Blickfang. Flie\u00dfendes Wasser sorgt f\u00fcr noch mehr Wohlgef\u00fchl in Ihrem Garten und sorgt f\u00fcr ein angenehmes Mikroklima an hei\u00dfen Sommertagen.<\/p>\n<h2>Tag- und Nachtbetrieb<\/h2>\n<p>Dieser Gartenbrunnen kann auch nach dem Sonnenuntergang betrieben werden. Durch den eingebauten Akku ist es m\u00f6glich das strahlende LED-Licht auch in der Nacht zu bewundern. Erst bei Dunkelheit entfaltet das LED-Licht und das flie\u00dfende Wasser die volle Pracht. Herk\u00f6mmliche Solarbrunnen haben keinen Akku und k\u00f6nnen somit nur tags\u00fcber betrieben werden. Der leistungsstarke Li-Ion Akku wird bei Sonneneinstrahlung auf das Solarpanel aufgeladen. Die unten angegebene maximale F\u00f6rderleistung wird bei optimalen Bedingungen erreicht, wie z.B. ein Sommertag mit viel Sonnenschein und ein aufgeladener Akku. Auch bei ung\u00fcnstigeren Lichtverh\u00e4ltnissen kann die Solarpumpe arbeiten, wenn der Akku aufgeladen ist. Die Pumpe schaltet automatisch am n\u00e4chsten Tag in den Solarmodus, wenn ausreichend Sonnenlicht vorhanden ist, um das Wasser flie\u00dfen zu lassen und den Akku erneut aufzuladen. Die Akku-Funktion kann auch ausgeschaltet werden damit der Gartenbrunnen in der Nacht nicht im Betrieb ist.<\/p>\n<h2>Individuelle Platzierung<\/h2>\n<p>Platzieren Sie diesen Solarbrunnen einfach an einer beliebigen Stelle in Ihrem Garten. Durch das einfache Steckprinzip und dem Solarpanel ist er schnell aufgebaut. Ein weiterer Vorteil ist das Sie an keine Steckdose gebunden sind und das l\u00e4stige Verlegen des 230V-Kabels entf\u00e4llt. Au\u00dferdem k\u00f6nnen Sie das Solarsystem nach Ihrem Geschmack effektvoll positionieren. Der Gebrauch des Solarpanels ist auch die sichere Alternative zu der 230V Steckdose. Zudem sparen Sie sich den \u00c4rger mit durch Nagetiere besch\u00e4digte Kabel und dadurch verursachten Stromausf\u00e4llen. Bitte bedenken Sie, dass das Solarpanel stets im vollen Sonnenlicht zu platzieren und auszurichten ist, da sonst keine Pumpenfunktion garantiert werden kann.<\/p>\n<p><strong>Produkt-Info zum Li-Ion-Akku:<\/strong><\/p>\n<p>Die innovativen Li-Ion-Akkus haben keinen Memory-Effekt. Das ist besonders bei h\u00e4ufigen Auf- und Entladevorg\u00e4ngen wie bei Solarteichpumpen enorm wichtig, um langfristig die <strong>optimale Akku-Kapazit\u00e4t<\/strong> zu erreichen. Die Li-Ion-Akkus sind wesentlich besser bez\u00fcglich Temperaturschwankungen als herk\u00f6mmliche Akkus. Es erwartet Sie ein l\u00e4nger andauerndes und lebendigeres Wasserspiel. Die Funktion des Solar-Brunnens startet bereits bei minimaler Aufladung &#8211; automatisch! Als <strong>Schutz vor Tiefentladung<\/strong> erfolgt eine automatische Abschaltung bei Erreichen des Mindest-Endladezustands. <strong>Kein Akku-Wechsel erforderlich!<\/strong> <b><font color=\"#048610\">Insgesamt haben die Li-Ion-Akkus im Vergleich zu herk\u00f6mmlichen Akkus eine 3 mal l\u00e4ngere Laufzeit und eine bis zu 10-FACHE Lebensdauer beim Betrieb mit Solarteichpumpen!<\/font><\/b><\/p>\n<p style=\"font-size:11px;\"><b>Aviso legal:<\/b> Nuestros productos se colorean individualmente a mano, por lo que no pueden evitarse las desviaciones de color. Adem\u00e1s, debido a las condiciones de iluminaci\u00f3n durante la fotograf\u00eda del producto y a los diferentes ajustes de la pantalla, es posible que el color del producto no se reproduzca con autenticidad, por lo que no es motivo de reclamaci\u00f3n.<\/p>\n<p><p><b>Nota:<\/b> Frost kann zu Sch\u00e4den am Gartenbrunnen und der Pumpe f\u00fchren. Bei Frostgefahr muss der <b>Gartenbrunnen und die Pumpe entleert werden<\/b>, mit klarem Wasser gesp\u00fclt und trocken eingelagert werden. Dann haben Sie sehr lange Freude daran!<\/p>\n<\/div>\n<h3>Muchas buenas razones para comprar este producto:<\/h3>\n<div class=\"sale_motive\">\n<ul>\n<li>1 Jahre Garantie, Lebensdauer \u00fcber 60.000 Betriebsstunden* <b>(Hinweis weiter unten)<\/b><\/li>\n<li>sehr sch\u00f6ne und dekorative Nachbildung einer Brunnen-Kaskade aus Polyresin, &#8211; ein echter Hingucker im <b>Garten<\/b>, auf dem <b>Balkon<\/b> oder der <b>Terrasse<\/b><\/li>\n<li><b>40cm<\/b> F\u00f6rderh\u00f6he<\/li>\n<li>max. F\u00f6rdermenge 200 l\/h<\/li>\n<li>verbessertes Modell mit Pumpen-Instant-Start-Funktion<\/li>\n<li>steckfertiges Solarpumpensystem &#8211; sofort einsatzbereit<\/li>\n<li>hochwertiges Solarpanel im <b>stabilen Alu-Rahmen<\/b> mit einer Leistung von 2 Watt<\/li>\n<li>integrierter Filter sch\u00fctzt die Pumpe (l\u00e4sst sich leicht reinigen)<\/li>\n<li>einstellbarer Winkel des Solarmoduls und 5 Meter Anschlusskabel machen eine optimale Platzierung des Panels im sonnigen Bereich m\u00f6glich<\/li>\n<\/ul>\n<p>*Garantie gilt nur f\u00fcr die Teichpumpe, nicht f\u00fcr das Solarpanel oder das Kabel.<\/p>\n<\/div>","protected":false},"excerpt":{"rendered":"<p>Hochwertiges, solarbetriebenes Pumpensystem f\u00fcr den Aussenbereich &#8211; mit LED-Beleuchtung.<br \/>\nDer perfekte Blickfang im Garten!<br \/>Tag- und Nachtbetrieb!<\/p>","protected":false},"featured_media":37764,"comment_status":"open","ping_status":"closed","template":"","meta":[],"product_brand":[],"product_cat":[181,177,179],"product_tag":[],"class_list":{"0":"post-29972","1":"product","2":"type-product","3":"status-publish","4":"has-post-thumbnail","6":"product_cat-mit-solar","7":"product_cat-b-ware-gartenbrunnen","8":"product_cat-b-ware-garten-u-zimmer-brunnen","10":"first","11":"instock","12":"sale","13":"taxable","14":"shipping-taxable","15":"purchasable","16":"product-type-simple"},"_links":{"self":[{"href":"https:\/\/testshop.igel.wovodo.de\/es\/wp-json\/wp\/v2\/product\/29972","targetHints":{"allow":["GET"]}}],"collection":[{"href":"https:\/\/testshop.igel.wovodo.de\/es\/wp-json\/wp\/v2\/product"}],"about":[{"href":"https:\/\/testshop.igel.wovodo.de\/es\/wp-json\/wp\/v2\/types\/product"}],"replies":[{"embeddable":true,"href":"https:\/\/testshop.igel.wovodo.de\/es\/wp-json\/wp\/v2\/comments?post=29972"}],"version-history":[{"count":2,"href":"https:\/\/testshop.igel.wovodo.de\/es\/wp-json\/wp\/v2\/product\/29972\/revisions"}],"predecessor-version":[{"id":38635,"href":"https:\/\/testshop.igel.wovodo.de\/es\/wp-json\/wp\/v2\/product\/29972\/revisions\/38635"}],"wp:featuredmedia":[{"embeddable":true,"href":"https:\/\/testshop.igel.wovodo.de\/es\/wp-json\/wp\/v2\/media\/37764"}],"wp:attachment":[{"href":"https:\/\/testshop.igel.wovodo.de\/es\/wp-json\/wp\/v2\/media?parent=29972"}],"wp:term":[{"taxonomy":"product_brand","embeddable":true,"href":"https:\/\/testshop.igel.wovodo.de\/es\/wp-json\/wp\/v2\/product_brand?post=29972"},{"taxonomy":"product_cat","embeddable":true,"href":"https:\/\/testshop.igel.wovodo.de\/es\/wp-json\/wp\/v2\/product_cat?post=29972"},{"taxonomy":"product_tag","embeddable":true,"href":"https:\/\/testshop.igel.wovodo.de\/es\/wp-json\/wp\/v2\/product_tag?post=29972"}],"curies":[{"name":"wp","href":"https:\/\/api.w.org\/{rel}","templated":true}]}}