{"id":29986,"date":"2024-10-31T14:04:52","date_gmt":"2024-10-31T13:04:52","guid":{"rendered":"https:\/\/testshop.igel.wovodo.de\/product\/b-ware-3-tiefbrunnenpumpe-screw-star-370-4-230v\/"},"modified":"2025-01-27T12:28:08","modified_gmt":"2025-01-27T11:28:08","slug":"b-ware-3-tiefbrunnenpumpe-screw-star-370-4-230v","status":"publish","type":"product","link":"https:\/\/testshop.igel.wovodo.de\/es\/product\/b-ware-3-tiefbrunnenpumpe-screw-star-370-4-230v\/","title":{"rendered":"B-Ware 3&#8243; Tiefbrunnenpumpe SCREW-STAR 370-4-230V"},"content":{"rendered":"<div class=\"sale_application\">\n<ul>\n<li>para todos los pozos profundos<\/li>\n<li>Para vol\u00famenes de arena de ligeros a medios<\/li>\n<li>para riego de jardines o aspersi\u00f3n<\/li>\n<li>para la reducci\u00f3n de las aguas subterr\u00e1neas<\/li>\n<li>para llenar recipientes<\/li>\n<\/ul><\/div>\n<div class=\"sale_description\"> <font color=\"FF0000\"><b>B-Ware:<\/b><\/p>\n<ul>\n<li>leichte optische Fehler (z.B. kleine Kratzer etc.)<\/li>\n<li>voll funktionsf\u00e4higes Produkt<\/li>\n<li>reduzierte gesetzliche Gew\u00e4hrleistung auf max. 1 Jahr<\/li>\n<\/ul>\n<p><\/font><\/p>\n<p>Bomba de tornillo para pozos profundos robusta, estable y resistente a la arena, fabricada en acero inoxidable para perforaciones extremadamente profundas. Con esta robusta bomba para pozos profundos, bombear agua de perforaciones, pozos o dep\u00f3sitos de agua extremadamente profundos no supone ning\u00fan problema. Esta bomba de pozo suministra el agua a alta presi\u00f3n hasta el punto de uso. Es ideal para todos los di\u00e1metros de pozo de al menos 90 mm.<\/p>\n<p>El caudal m\u00e1ximo es de 1.600 litros por hora, la altura m\u00e1xima de impulsi\u00f3n es de 64 metros y la presi\u00f3n m\u00e1xima de impulsi\u00f3n es de 6,4 bares. Tenga en cuenta que el caudal disminuye en consecuencia a medida que aumenta la altura de impulsi\u00f3n.<\/p>\n<p>Esta bomba de pozo es una de las pocas bombas aut\u00e9nticas para pozos profundos que tambi\u00e9n puede hacer frente a cantidades de arena a las que las bombas de impulsor habituales fallan al poco tiempo. Sin embargo, cuanto mayor sea el contenido de arena, mayor ser\u00e1 el desgaste del transportador de tornillo y del acoplamiento. Por este motivo, recomendamos pedir siempre el juego de piezas de recambio como pieza de desgaste cuando haya arena. Para ello, se puede abrir la carcasa de la bomba y sustituir f\u00e1cilmente el transportador de tornillo de acero inoxidable y el acoplamiento de caucho duro.<\/p>\n<p>\u00bfC\u00f3mo se determina cu\u00e1nta arena hay en el agua? Basta con verter 500-1000 litros de agua en un recipiente alto para que el agua corra por el borde pero la arena pueda depositarse. Mide la cantidad de agua y luego el peso de la arena depositada. A continuaci\u00f3n, calcula la relaci\u00f3n de cantidades.<\/p>\n<p>A pesar de un bajo consumo el\u00e9ctrico de s\u00f3lo 370 W, se consigue un alto rendimiento hidr\u00e1ulico.<\/p>\n<p><strong>Esta bomba de pozo le ahorrar\u00e1 dinero a largo plazo.<\/strong><\/p>\n<\/p><\/div>\n<h3>Muchas buenas razones para comprar este producto:<\/h3>\n<div class=\"sale_motive\">\n<ul>\n<li>Bombas para pozos profundos econ\u00f3micas y s\u00f3lidas<\/li>\n<li>ahorro de energ\u00eda<\/li>\n<li>para perforaci\u00f3n de pozos extremadamente profundos (hasta 55 m)<\/li>\n<li>compatible con arena<\/li>\n<li>Fiable, potente<\/li>\n<li>Larga vida \u00fatil<\/li>\n<li>Motor con cojinetes de aceite<\/li>\n<li>Carcasa de acero inoxidable con piezas de lat\u00f3n y fundici\u00f3n gris<\/li>\n<\/ul>\n<\/div>","protected":false},"excerpt":{"rendered":"<p>Bomba de pozo 230V\/50HZ | 370W<br \/>\n  Hm\u00e1x. 64m | Qm\u00e1x. 1.600L\/h | Pm\u00e1x. 6,4bar<\/p>\n<p><b>Robusta carcasa de acero inoxidable<\/b><\/p>","protected":false},"featured_media":31142,"comment_status":"open","ping_status":"closed","template":"","meta":[],"product_brand":[],"product_cat":[268,214],"product_tag":[],"class_list":{"0":"post-29986","1":"product","2":"type-product","3":"status-publish","4":"has-post-thumbnail","6":"product_cat-b-ware-sandvertraeglich","7":"product_cat-b-ware-brunnenpumpen","9":"first","10":"instock","11":"sale","12":"taxable","13":"shipping-taxable","14":"purchasable","15":"product-type-simple"},"_links":{"self":[{"href":"https:\/\/testshop.igel.wovodo.de\/es\/wp-json\/wp\/v2\/product\/29986","targetHints":{"allow":["GET"]}}],"collection":[{"href":"https:\/\/testshop.igel.wovodo.de\/es\/wp-json\/wp\/v2\/product"}],"about":[{"href":"https:\/\/testshop.igel.wovodo.de\/es\/wp-json\/wp\/v2\/types\/product"}],"replies":[{"embeddable":true,"href":"https:\/\/testshop.igel.wovodo.de\/es\/wp-json\/wp\/v2\/comments?post=29986"}],"version-history":[{"count":1,"href":"https:\/\/testshop.igel.wovodo.de\/es\/wp-json\/wp\/v2\/product\/29986\/revisions"}],"predecessor-version":[{"id":34608,"href":"https:\/\/testshop.igel.wovodo.de\/es\/wp-json\/wp\/v2\/product\/29986\/revisions\/34608"}],"wp:featuredmedia":[{"embeddable":true,"href":"https:\/\/testshop.igel.wovodo.de\/es\/wp-json\/wp\/v2\/media\/31142"}],"wp:attachment":[{"href":"https:\/\/testshop.igel.wovodo.de\/es\/wp-json\/wp\/v2\/media?parent=29986"}],"wp:term":[{"taxonomy":"product_brand","embeddable":true,"href":"https:\/\/testshop.igel.wovodo.de\/es\/wp-json\/wp\/v2\/product_brand?post=29986"},{"taxonomy":"product_cat","embeddable":true,"href":"https:\/\/testshop.igel.wovodo.de\/es\/wp-json\/wp\/v2\/product_cat?post=29986"},{"taxonomy":"product_tag","embeddable":true,"href":"https:\/\/testshop.igel.wovodo.de\/es\/wp-json\/wp\/v2\/product_tag?post=29986"}],"curies":[{"name":"wp","href":"https:\/\/api.w.org\/{rel}","templated":true}]}}