{"id":30053,"date":"2024-10-31T14:05:38","date_gmt":"2024-10-31T13:05:38","guid":{"rendered":"https:\/\/testshop.igel.wovodo.de\/product\/verbindungs-set-fuer-regentonnen-panzerschlauch\/"},"modified":"2025-01-27T12:28:26","modified_gmt":"2025-01-27T11:28:26","slug":"verbindungs-set-fuer-regentonnen-panzerschlauch","status":"publish","type":"product","link":"https:\/\/testshop.igel.wovodo.de\/es\/product\/verbindungs-set-fuer-regentonnen-panzerschlauch\/","title":{"rendered":"Verbindungs-Set f\u00fcr Regentonnen &#8211; Panzerschlauch"},"content":{"rendered":"<div class=\"sale_description\">\n<p>Mit diesem HOCHWERTIGEN Set kann man zwei Regentonnen\/Regenspeicher verbinden und so das Gesamtvolumen erh\u00f6hen. Ideal f\u00fcr die Bew\u00e4sserung gro\u00dfer G\u00e4rten, in denen mehr Wasservorrat gebraucht wird.<\/p>\n<p>Der robuste Panzerschlauch ist besonders stabil bez\u00fcglich mechanischer Beanspruchung. Die \u00dcberwurfmuttern der PZ-Verschraubungen sind besonders einfach im Gebrauch und vermeiden das Verdrehen des Schlauches.<\/p>\n<\/div>","protected":false},"excerpt":{"rendered":"<p>Der robuste Panzerschlauch ist besonders stabil bez\u00fcglich mechanischer Beanspruchung. Die \u00dcberwurfmuttern der PZ-Verschraubungen sind besonders einfach im Gebrauch und vermeiden das Verdrehen des Schlauches.<\/p>","protected":false},"featured_media":31569,"comment_status":"open","ping_status":"closed","template":"","meta":[],"product_brand":[],"product_cat":[282,302],"product_tag":[],"class_list":{"0":"post-30053","1":"product","2":"type-product","3":"status-publish","4":"has-post-thumbnail","6":"product_cat-zubehoer-regentonnen","7":"product_cat-zubehoer-regentonnen-regentonne24","9":"first","10":"instock","11":"taxable","12":"shipping-taxable","13":"purchasable","14":"product-type-simple"},"_links":{"self":[{"href":"https:\/\/testshop.igel.wovodo.de\/es\/wp-json\/wp\/v2\/product\/30053","targetHints":{"allow":["GET"]}}],"collection":[{"href":"https:\/\/testshop.igel.wovodo.de\/es\/wp-json\/wp\/v2\/product"}],"about":[{"href":"https:\/\/testshop.igel.wovodo.de\/es\/wp-json\/wp\/v2\/types\/product"}],"replies":[{"embeddable":true,"href":"https:\/\/testshop.igel.wovodo.de\/es\/wp-json\/wp\/v2\/comments?post=30053"}],"version-history":[{"count":1,"href":"https:\/\/testshop.igel.wovodo.de\/es\/wp-json\/wp\/v2\/product\/30053\/revisions"}],"predecessor-version":[{"id":34673,"href":"https:\/\/testshop.igel.wovodo.de\/es\/wp-json\/wp\/v2\/product\/30053\/revisions\/34673"}],"wp:featuredmedia":[{"embeddable":true,"href":"https:\/\/testshop.igel.wovodo.de\/es\/wp-json\/wp\/v2\/media\/31569"}],"wp:attachment":[{"href":"https:\/\/testshop.igel.wovodo.de\/es\/wp-json\/wp\/v2\/media?parent=30053"}],"wp:term":[{"taxonomy":"product_brand","embeddable":true,"href":"https:\/\/testshop.igel.wovodo.de\/es\/wp-json\/wp\/v2\/product_brand?post=30053"},{"taxonomy":"product_cat","embeddable":true,"href":"https:\/\/testshop.igel.wovodo.de\/es\/wp-json\/wp\/v2\/product_cat?post=30053"},{"taxonomy":"product_tag","embeddable":true,"href":"https:\/\/testshop.igel.wovodo.de\/es\/wp-json\/wp\/v2\/product_tag?post=30053"}],"curies":[{"name":"wp","href":"https:\/\/api.w.org\/{rel}","templated":true}]}}