{"id":30062,"date":"2024-10-31T14:05:46","date_gmt":"2024-10-31T13:05:46","guid":{"rendered":"https:\/\/testshop.igel.wovodo.de\/product\/diesel-spiralschlauch-3-4-laenge-10m\/"},"modified":"2025-01-27T12:28:29","modified_gmt":"2025-01-27T11:28:29","slug":"diesel-spiralschlauch-3-4-laenge-10m","status":"publish","type":"product","link":"https:\/\/testshop.igel.wovodo.de\/es\/product\/diesel-spiralschlauch-3-4-laenge-10m\/","title":{"rendered":"Diesel-Spiralschlauch 3\/4&#8243;, L\u00e4nge 10m"},"content":{"rendered":"<div class=\"sale_application\">\n<ul>\n<li>Spiralschlauch zum F\u00f6rdern von Wasser, Regenwasser, DIESEL, Luft, Heiz- und Schmier\u00f6l, Petroleum, F\u00e4kalien<\/li>\n<li>Innendurchmesser 20mm f\u00fcr 3\/4&#8243;-T\u00fcllen<\/li>\n<li>Au\u00dfendurchmesser 25,4mm<\/li>\n<li>Wandst\u00e4rke ca. 0,30mm | Shoreh\u00e4rte 75\u00b0 A | Temperaturbereich: -20\u00b0C bis +90\u00b0C<\/li>\n<\/ul><\/div>\n<div class=\"sale_description\">\n<p>Der Knickstabiler-PVC-Schlauch ist innen und au\u00dfen glatt, flexibel, cadmiumfrei, hat eine gute chemische Best\u00e4ndigkeit und ist resistent gegen\u00fcber \u00d6l und Benzin. Er eignet sich als <b>Diesel-Schlauch, Wasser-Schlauch (auch Regenwasser), Heiz- und Schmier\u00f6l-Schlauch, Luft-Schlauch, Petroleum-Schlauch und F\u00e4kalien-Schlauch<\/b>. (Best\u00e4ndigkeit: siehe Best\u00e4ndigkeitsliste PVC)<\/p>\n<p>Der PVC-Schlauch kann in folgenden Bereichen Anwendung finden: In der Lebensmittelindustrie, chemischen Industrie, holz- und kunststoffverarbeitenden Industrie, L\u00fcftungstechnik, pharmazeutischen Industrie, Fotoindustrie, Medizin sowie zur F\u00f6rderung von Isolationsmaterial und im Maschinenbau.<\/p>\n<p>Der PU-Schlauch mit Hart-PVC-Spirale ist von einer stabilen Qualit\u00e4t und dennoch flexibel.<br \/> <b>Der Innendurchmesser betr\u00e4gt 20mm zum Anschluss mit 3\/4&#8243;-T\u00fcllen. Der Au\u00dfendurchmesser betr\u00e4gt 24,4mm. Die Wandst\u00e4rke liegt bei ca. 0,30mm und der Temperaturbereich bei -20\u00b0C bis +90\u00b0C. Der Spiralschlauch f\u00fcr Diesel und vieles mehr h\u00e4lt einem Druck bis zu 6 bar stand.<\/b><\/p>\n<\/p><\/div>\n<h3>Muchas buenas razones para comprar este producto:<\/h3>\n<div class=\"sale_motive\">\n<ul>\n<li>PU-Schlauch mit Hart-PVC-Spirale<\/li>\n<li>Vielf\u00e4ltige Verwendungsm\u00f6glichkeiten<\/li>\n<li>Geeignet f\u00fcr Diesel, Wasser, Regenwasser, Luft, Heiz\u00f6l, Schmier\u00f6l, Petroleum, F\u00e4kalien<\/li>\n<li>stabile Qualit\u00e4t, trotzdem flexibel<\/li>\n<li>knickstabil<\/li>\n<li>max. Druck: 6bar<\/li>\n<li>cadmiumfrei<\/li>\n<li>gute chemische Best\u00e4ndigkeit<\/li>\n<li>resistent gegen\u00fcber \u00d6l und Benzin<\/li>\n<\/ul>\n<\/div>","protected":false},"excerpt":{"rendered":"<p>Transparenter Spiralschlauch aus PVC<br \/>\nGeeignet zum Durchleiten von Wasser, Regenwasser, DIESEL, Luft, Heiz- und Schmier\u00f6l, Petroleum, F\u00e4kalien<br \/>\n  <b>max. Druckbelastung 6 bar<\/b>\n  <\/p>\n<p><b>Flexibel &amp; zugleich stabil<\/b><\/p>","protected":false},"featured_media":31612,"comment_status":"open","ping_status":"closed","template":"","meta":[],"product_brand":[],"product_cat":[260],"product_tag":[],"class_list":{"0":"post-30062","1":"product","2":"type-product","3":"status-publish","4":"has-post-thumbnail","6":"product_cat-diesel-schlauch","8":"first","9":"instock","10":"taxable","11":"shipping-taxable","12":"purchasable","13":"product-type-simple"},"_links":{"self":[{"href":"https:\/\/testshop.igel.wovodo.de\/es\/wp-json\/wp\/v2\/product\/30062","targetHints":{"allow":["GET"]}}],"collection":[{"href":"https:\/\/testshop.igel.wovodo.de\/es\/wp-json\/wp\/v2\/product"}],"about":[{"href":"https:\/\/testshop.igel.wovodo.de\/es\/wp-json\/wp\/v2\/types\/product"}],"replies":[{"embeddable":true,"href":"https:\/\/testshop.igel.wovodo.de\/es\/wp-json\/wp\/v2\/comments?post=30062"}],"version-history":[{"count":1,"href":"https:\/\/testshop.igel.wovodo.de\/es\/wp-json\/wp\/v2\/product\/30062\/revisions"}],"predecessor-version":[{"id":34681,"href":"https:\/\/testshop.igel.wovodo.de\/es\/wp-json\/wp\/v2\/product\/30062\/revisions\/34681"}],"wp:featuredmedia":[{"embeddable":true,"href":"https:\/\/testshop.igel.wovodo.de\/es\/wp-json\/wp\/v2\/media\/31612"}],"wp:attachment":[{"href":"https:\/\/testshop.igel.wovodo.de\/es\/wp-json\/wp\/v2\/media?parent=30062"}],"wp:term":[{"taxonomy":"product_brand","embeddable":true,"href":"https:\/\/testshop.igel.wovodo.de\/es\/wp-json\/wp\/v2\/product_brand?post=30062"},{"taxonomy":"product_cat","embeddable":true,"href":"https:\/\/testshop.igel.wovodo.de\/es\/wp-json\/wp\/v2\/product_cat?post=30062"},{"taxonomy":"product_tag","embeddable":true,"href":"https:\/\/testshop.igel.wovodo.de\/es\/wp-json\/wp\/v2\/product_tag?post=30062"}],"curies":[{"name":"wp","href":"https:\/\/api.w.org\/{rel}","templated":true}]}}