{"id":30078,"date":"2024-10-31T14:05:55","date_gmt":"2024-10-31T13:05:55","guid":{"rendered":"https:\/\/testshop.igel.wovodo.de\/product\/profi-airbrush-kompressor-accu-star-ii-gold\/"},"modified":"2025-01-27T12:28:34","modified_gmt":"2025-01-27T11:28:34","slug":"profi-airbrush-kompressor-accu-star-ii-gold","status":"publish","type":"product","link":"https:\/\/testshop.igel.wovodo.de\/es\/product\/profi-airbrush-kompressor-accu-star-ii-gold\/","title":{"rendered":"Profi-AirBrush Kompressor ACCU-Star II GOLD"},"content":{"rendered":"<div class=\"sale_application\">\n<b><\/p>\n<p>Ideal para cosm\u00e9tica y belleza (decoraci\u00f3n de u\u00f1as con aer\u00f3grafo, maquillaje, coloraci\u00f3n del cabello, cuidado del cabello, bronceado en spray), arte corporal (pintura corporal, tatuaje, dise\u00f1o de m\u00e1scaras), pasatiempos (flores\/arreglos florales, modelismo, cer\u00e1mica\/alfarer\u00eda, textiles), peque\u00f1os dise\u00f1os de autom\u00f3viles (tapones de gasolina\/cascos), ilustraciones t\u00e9cnicas\/retoques fotogr\u00e1ficos y decoraci\u00f3n de alimentos (tartas\/cupcakes). Las posibilidades de la aerograf\u00eda son pr\u00e1cticamente ilimitadas.<\/p>\n<p><\/b> <\/div>\n<div class=\"sale_description\">\n<p>Der handliche Airbrush-Kompressor <b>AirBrush ACCU-Star II GOLD <\/b> \u00fcberzeugt durch seine durchdachte All-in-One-Bauweise. <\/p>\n<p>Sein kompaktes Design erm\u00f6glicht eine v\u00f6llig mobile Arbeitsweise &#8211; Bewegungsfreiheit ohne Anschlu\u00dfschlauch, perfekt geeignet, um kleinere Arbeiten unterwegs zu erledigen.<\/p>\n<p>Er liegt sicher in der Hand und erm\u00f6glicht durch sein Eigengewicht einen ruhigen, zitterfreien Farbauftrag. <\/p>\n<p>Der Farbauftrag kann eingestellt werden und die Farbausgabe ist gleichm\u00e4\u00dfig. <\/p>\n<p>Aufladen k\u00f6nnen Sie ihn an jedem PC mit dem mitgelieferten USB-Ladekabel. <\/p>\n<p>Die Anwendungsgebiete gehen \u00fcber Nagel Design, Dekoration von Torten, Blumen und Gestecken, Make-up, Kosmetik, Bodypainting, Body Art, Spray Tanning, Nagelgestaltung, Tattoos, Haart\u00f6nung, Haarpflege, Maskengestaltung, Bemalung von Hobbyartikeln, Modelherstellung, Gestaltung von Keramik\/Tonwaren, Helm-Design, Textilen aller Art, T-shirt-, Koffer-, Taschen-, Jeans-, Motorrad, Kfz-, Tankdeckel-&#8230; Gestaltungen bis zu technischen Illustrationen und Fotonachbesserung und vieles mehr. Es stehen Ihnen praktisch unbegrenzte M\u00f6glichkeiten f\u00fcr Airbrushing zur Verf\u00fcgung.<\/p>\n<\/div>\n<h3>Muchas buenas razones para comprar este producto:<\/h3>\n<div class=\"sale_motive\">\n<ul>\n<li>vielf\u00e4ltige Einsatzgebiete mit Standard-Anforderungen<\/li>\n<li>Ideal para uso m\u00f3vil<\/li>\n<li>Transportable y listo para usar r\u00e1pidamente<\/li>\n<li>\u00d6l- und wartungsfreier Kompressor<\/li>\n<\/ul>\n<\/div>","protected":false},"excerpt":{"rendered":"<p>Mini Airbrush Akku-Kompressor<\/p>\n<p>Kompressor-Leistung max. Druck 1,3 bar<\/p>\n<p>Max. Luftabgabemenge: 7 l\/min, Motorleistung: 5V \/ 1.0A<\/p>\n<p>Geeignet f\u00fcr:bis zu 0,4mm Airbrush<\/p>\n<p>Betriebsdauer: bis zu 50min<\/p>\n<p>Die Ladezeit betr\u00e4gt 1,5 Stunden, der Betrieb wird unterbrochen w\u00e4hrend der Ladezeit.<\/p>","protected":false},"featured_media":37600,"comment_status":"open","ping_status":"closed","template":"","meta":[],"product_brand":[],"product_cat":[355,238,190,192,212,185,189],"product_tag":[],"class_list":{"0":"post-30078","1":"product","2":"type-product","3":"status-publish","4":"has-post-thumbnail","6":"product_cat-bodypainting-set","7":"product_cat-airbrush-tanning","8":"product_cat-mini-kompressor","9":"product_cat-airbrush-make-up-set","10":"product_cat-airbrush-cosplay-set","11":"product_cat-airbrush-sets","12":"product_cat-airbrush-kompressor","14":"first","15":"instock","16":"taxable","17":"shipping-taxable","18":"purchasable","19":"product-type-simple"},"_links":{"self":[{"href":"https:\/\/testshop.igel.wovodo.de\/es\/wp-json\/wp\/v2\/product\/30078","targetHints":{"allow":["GET"]}}],"collection":[{"href":"https:\/\/testshop.igel.wovodo.de\/es\/wp-json\/wp\/v2\/product"}],"about":[{"href":"https:\/\/testshop.igel.wovodo.de\/es\/wp-json\/wp\/v2\/types\/product"}],"replies":[{"embeddable":true,"href":"https:\/\/testshop.igel.wovodo.de\/es\/wp-json\/wp\/v2\/comments?post=30078"}],"version-history":[{"count":1,"href":"https:\/\/testshop.igel.wovodo.de\/es\/wp-json\/wp\/v2\/product\/30078\/revisions"}],"predecessor-version":[{"id":34697,"href":"https:\/\/testshop.igel.wovodo.de\/es\/wp-json\/wp\/v2\/product\/30078\/revisions\/34697"}],"wp:featuredmedia":[{"embeddable":true,"href":"https:\/\/testshop.igel.wovodo.de\/es\/wp-json\/wp\/v2\/media\/37600"}],"wp:attachment":[{"href":"https:\/\/testshop.igel.wovodo.de\/es\/wp-json\/wp\/v2\/media?parent=30078"}],"wp:term":[{"taxonomy":"product_brand","embeddable":true,"href":"https:\/\/testshop.igel.wovodo.de\/es\/wp-json\/wp\/v2\/product_brand?post=30078"},{"taxonomy":"product_cat","embeddable":true,"href":"https:\/\/testshop.igel.wovodo.de\/es\/wp-json\/wp\/v2\/product_cat?post=30078"},{"taxonomy":"product_tag","embeddable":true,"href":"https:\/\/testshop.igel.wovodo.de\/es\/wp-json\/wp\/v2\/product_tag?post=30078"}],"curies":[{"name":"wp","href":"https:\/\/api.w.org\/{rel}","templated":true}]}}