{"id":30085,"date":"2024-10-31T14:05:59","date_gmt":"2024-10-31T13:05:59","guid":{"rendered":"https:\/\/testshop.igel.wovodo.de\/product\/eu-diesel-deluxe-ckm-50-selbstansaugende-eu-diesel-pumpe-mit-tuellen-u-schellen\/"},"modified":"2025-01-27T12:28:36","modified_gmt":"2025-01-27T11:28:36","slug":"eu-diesel-deluxe-ckm-50-selbstansaugende-eu-diesel-pumpe-mit-tuellen-u-schellen","status":"publish","type":"product","link":"https:\/\/testshop.igel.wovodo.de\/es\/product\/eu-diesel-deluxe-ckm-50-selbstansaugende-eu-diesel-pumpe-mit-tuellen-u-schellen\/","title":{"rendered":"EU Diesel DeLuxe CKm 50 - Bomba de gas\u00f3leo autocebante EU con boquillas y abrazaderas"},"content":{"rendered":"<div class=\"sale_application\">\n<ul>\n<li>Selbstansaugende EU-Dieselpumpe zum Umpumpen, Umf\u00fcllen, Entleeren von Diesel- und Heiz\u00f6ltanks<\/li>\n<\/ul>\n<\/div>\n<div class=\"sale_description\">\n<p>Die elektrische 230-Volt-Dieselpumpe <b>EU Diesel DeLuxe CKm 50<\/b> ist eine <b>hochwertige, selbstansaugende und sehr leise Dieselpumpe<\/b>. Die 230-Volt-Dieselpumpe stammt aus hochwertiger <b>Producci\u00f3n de la UE<\/b>. Die Dieselpumpe <b>EU Diesel DeLuxe<\/b> eignet sich hevorragend zur F\u00f6rderung von Diesel und Heiz\u00f6l oder auch von sauberem Wasser ohne abrasive Bestandteile sowie anderen Fl\u00fcssigkeiten, welche die Diesel-Pumpen-Werkstoffe chemisch nicht angreifen.<\/p>\n<p>Dank des spezifischen Funktionsprinzips ist diese Dieselpumpe optimal f\u00fcr alle F\u00e4lle, in denen eine kompakte SELBSTANSAUGENDE, LEISE Pumpe erforderlich ist. Die <b>EU-Dieselpumpe EU Diesel DeLuxe mit der hochwertigen Gleitring-Dichtung (Keramik, Graphit, Viton)<\/b> wird auch mit sp\u00e4rlichem, unregelm\u00e4\u00dfigem mit Luft gemischtem F\u00f6rderstrom bestens fertig.<\/p>\n<p>Die maximale F\u00f6rdermenge dieser <b>370-Watt-Dieselpumpe<\/b> betr\u00e4gt <b>2400 l \/h<\/b>, die maximale F\u00f6rderh\u00f6he 35 Meter. Die Anschl\u00fcsse an der Saug- und Druckseite haben ein 3\/4-Zoll-Innengewinde. Bitte beachten Sie, dass sich die F\u00f6rdermenge mit steigender F\u00f6rderh\u00f6he entsprechend verringert.<\/p>\n<p><b>Bitte beachten:<\/b> Die Installation ist nur in geschlossenen, witterungsgesch\u00fctzen R\u00e4umen erlaubt. Alle Diesel-Pumpen sind EINZELST\u00dcCK-gepr\u00fcft auf Ihre Funktion. Daher k\u00f6nnen Reste der Pr\u00fcffl\u00fcssigkeit in der Pumpe \/ Verpackung vorhanden sein.<\/p>\n<\/div>\n<h3>Muchas buenas razones para comprar este producto:<\/h3>\n<div class=\"sale_motive\">\n<ul>\n<li>selbstansaugende 230-Volt-Dieselpumpe<\/li>\n<li>mit 2 T\u00fcllen aus Messing und 2 Schlauchschellen<\/li>\n<li>hochwertige, europ\u00e4ische Fertigung<\/li>\n<li>max. F\u00f6rdermenge 2400 l\/ h<\/li>\n<li>max. F\u00f6rderh\u00f6he 35 m<\/li>\n<li>Schwere, robuste, zuverl\u00e4ssige Qualit\u00e4t<\/li>\n<li>besonders leise im Betrieb<\/li>\n<li>mit zus\u00e4tzlicher Zubeh\u00f6r-Auswahl<\/li>\n<\/ul>\n<\/div>","protected":false},"excerpt":{"rendered":"<p>230-Volt-Dieselpumpe mit 2 Messing-T\u00fcllen und 2 Schlauchschellen<br \/>\n  und weiterer Zubeh\u00f6r-Auswahl<br \/>\n  F\u00f6rdermenge max. 2400 l\/ h | F\u00f6rderh\u00f6he max. 35 m<\/p>\n<p><strong>Qualit\u00e4ts-Dieselpumpe &#8211; made in EU!<\/strong><br \/>\n  <strong>Selbstsaugend &amp; EXTREM LEISE!<\/strong><\/p>","protected":false},"featured_media":36070,"comment_status":"open","ping_status":"closed","template":"","meta":[],"product_brand":[],"product_cat":[229,287],"product_tag":[],"class_list":{"0":"post-30085","1":"product","2":"type-product","3":"status-publish","4":"has-post-thumbnail","6":"product_cat-230v-pumpen","7":"product_cat-diesel-pumpen","9":"first","10":"instock","11":"taxable","12":"shipping-taxable","13":"purchasable","14":"product-type-simple"},"_links":{"self":[{"href":"https:\/\/testshop.igel.wovodo.de\/es\/wp-json\/wp\/v2\/product\/30085","targetHints":{"allow":["GET"]}}],"collection":[{"href":"https:\/\/testshop.igel.wovodo.de\/es\/wp-json\/wp\/v2\/product"}],"about":[{"href":"https:\/\/testshop.igel.wovodo.de\/es\/wp-json\/wp\/v2\/types\/product"}],"replies":[{"embeddable":true,"href":"https:\/\/testshop.igel.wovodo.de\/es\/wp-json\/wp\/v2\/comments?post=30085"}],"version-history":[{"count":1,"href":"https:\/\/testshop.igel.wovodo.de\/es\/wp-json\/wp\/v2\/product\/30085\/revisions"}],"predecessor-version":[{"id":34703,"href":"https:\/\/testshop.igel.wovodo.de\/es\/wp-json\/wp\/v2\/product\/30085\/revisions\/34703"}],"wp:featuredmedia":[{"embeddable":true,"href":"https:\/\/testshop.igel.wovodo.de\/es\/wp-json\/wp\/v2\/media\/36070"}],"wp:attachment":[{"href":"https:\/\/testshop.igel.wovodo.de\/es\/wp-json\/wp\/v2\/media?parent=30085"}],"wp:term":[{"taxonomy":"product_brand","embeddable":true,"href":"https:\/\/testshop.igel.wovodo.de\/es\/wp-json\/wp\/v2\/product_brand?post=30085"},{"taxonomy":"product_cat","embeddable":true,"href":"https:\/\/testshop.igel.wovodo.de\/es\/wp-json\/wp\/v2\/product_cat?post=30085"},{"taxonomy":"product_tag","embeddable":true,"href":"https:\/\/testshop.igel.wovodo.de\/es\/wp-json\/wp\/v2\/product_tag?post=30085"}],"curies":[{"name":"wp","href":"https:\/\/api.w.org\/{rel}","templated":true}]}}