{"id":30090,"date":"2024-10-31T14:06:02","date_gmt":"2024-10-31T13:06:02","guid":{"rendered":"https:\/\/testshop.igel.wovodo.de\/product\/teichpumpen-set-oasis-4000r-mit-li-ion-akku-fuer-bachlauf\/"},"modified":"2025-01-27T12:28:37","modified_gmt":"2025-01-27T11:28:37","slug":"teichpumpen-set-oasis-4000r-mit-li-ion-akku-fuer-bachlauf","status":"publish","type":"product","link":"https:\/\/testshop.igel.wovodo.de\/es\/product\/teichpumpen-set-oasis-4000r-mit-li-ion-akku-fuer-bachlauf\/","title":{"rendered":"Teichpumpen-Set Oasis-4000R mit Li-Ion Akku f\u00fcr Bachlauf"},"content":{"rendered":"<div class=\"sale_application\">Solarbetriebene Teichpumpe mit Fernbedienung <\/div>\n<div class=\"sale_description\"> Das Teichpumpen-Set &#8220;Oasis-4000R&#8221;-1 mit Akku setzt die Kraft der Sonne in flie\u00dfendes Wasser um. Hochwertige Komponenten bringen das Wasser in Bewegung, sobald das Sonnenlicht die Solarfl\u00e4che erreicht. Je st\u00e4rker die Sonne, umso intensiver wird das Wasserspiel! Das beruhigende Rauschen des Wassers gibt jedem Teich die besondere Note und die im Sonnenlicht funkelnde Font\u00e4ne ist stets der perfekte Blickfang. Flie\u00dfendes Wasser sorgt f\u00fcr noch mehr Wohlgef\u00fchl in Ihrem Garten und sorgt f\u00fcr ein angenehmes Mikroklima an hei\u00dfen Sommertagen. Solar Teichpumpen-Set &#8220;Oasis-4000R&#8221;-1 AKKU &#8211; das Lebensgef\u00fchl f\u00fcr Ihre Teich-Oase! Das innovative Solar-Pumpensystem garantiert Ihnen jahrelange Freude. Es hat eine Lebensdauer \u00fcber 60.000 Stunden, in denen Sie die sch\u00f6nen Font\u00e4nen bewundern k\u00f6nnen, ohne an die stetig wachsenden Strompreise denken zu m\u00fcssen.\u00dcber die Schaltbox stehen f\u00fcr die Solar-Teichpumpe mit Akku verschiedene Einstellungen zur Verf\u00fcgung, wie 1 Dauerbetrieb: In diesem Modus, arbeitet die Pumpe im Dauerbetrieb, bis die Batterie vollst\u00e4ndig entladen ist. 2 Timer-Funktion: Hier k\u00f6nnen Sie die t\u00e4gliche Startzeit und die t\u00e4gliche Betriebsdauer einstellen. 3 Wintermodus: Batterieschonender Betrieb f\u00fcr sonnen\u00e4rmere Tage, bei der die Pumpe alle 60 Sekunden f\u00fcr 20 Sekunden eingeschaltet wird. 4 Durchflussmenge: Der Pumpen-Durchfluss l\u00e4sst sich in 3 Stufen regeln.<\/div>\n<h3>Muchas buenas razones para comprar este producto:<\/h3>\n<div class=\"sale_motive\">\n<ul>\n<li>TAG- und NACHTBETRIEB<\/li>\n<li>Modell mit LANGLEBIGEM Li-Ion-Akku, garantiert ein optimales Anlaufen der Pumpe und bis zu 100% mehr NUTZEN <\/li>\n<li>mit langlebigem, stabilem, belastbarem ALUMINIUM-RAHMEN<\/li>\n<li>hochwertiges Solarpanel mit einer LEISTUNG von <b>40 Watt<\/b><\/li>\n<li>steckfertiges Solarpumpensystem &#8211; sofort einsatzbereit<\/li>\n<li>es wird kein zus\u00e4tzlicher Strom verbraucht &#8211; Betrieb ohne Folgekosten, das Verlegen von Kabeln im Garten entf\u00e4llt<\/li>\n<li>einstellbarer Winkel der Solarmodule und 5 Meter Anschlusskabel machen eine optimale Platzierung der Panels im sonnigen Bereich m\u00f6glich <\/li>\n<\/ul>\n<\/div>","protected":false},"excerpt":{"rendered":"<p>Leistung max. <b>40 Watt<\/b> | Max. F\u00f6rderh\u00f6he: 3,2m<br \/>\nLi-Ion Akku<\/p>","protected":false},"featured_media":37608,"comment_status":"open","ping_status":"closed","template":"","meta":[],"product_brand":[],"product_cat":[363],"product_tag":[],"class_list":{"0":"post-30090","1":"product","2":"type-product","3":"status-publish","4":"has-post-thumbnail","6":"product_cat-solar-teichpumpen","8":"first","9":"instock","10":"taxable","11":"shipping-taxable","12":"purchasable","13":"product-type-simple"},"_links":{"self":[{"href":"https:\/\/testshop.igel.wovodo.de\/es\/wp-json\/wp\/v2\/product\/30090","targetHints":{"allow":["GET"]}}],"collection":[{"href":"https:\/\/testshop.igel.wovodo.de\/es\/wp-json\/wp\/v2\/product"}],"about":[{"href":"https:\/\/testshop.igel.wovodo.de\/es\/wp-json\/wp\/v2\/types\/product"}],"replies":[{"embeddable":true,"href":"https:\/\/testshop.igel.wovodo.de\/es\/wp-json\/wp\/v2\/comments?post=30090"}],"version-history":[{"count":1,"href":"https:\/\/testshop.igel.wovodo.de\/es\/wp-json\/wp\/v2\/product\/30090\/revisions"}],"predecessor-version":[{"id":34708,"href":"https:\/\/testshop.igel.wovodo.de\/es\/wp-json\/wp\/v2\/product\/30090\/revisions\/34708"}],"wp:featuredmedia":[{"embeddable":true,"href":"https:\/\/testshop.igel.wovodo.de\/es\/wp-json\/wp\/v2\/media\/37608"}],"wp:attachment":[{"href":"https:\/\/testshop.igel.wovodo.de\/es\/wp-json\/wp\/v2\/media?parent=30090"}],"wp:term":[{"taxonomy":"product_brand","embeddable":true,"href":"https:\/\/testshop.igel.wovodo.de\/es\/wp-json\/wp\/v2\/product_brand?post=30090"},{"taxonomy":"product_cat","embeddable":true,"href":"https:\/\/testshop.igel.wovodo.de\/es\/wp-json\/wp\/v2\/product_cat?post=30090"},{"taxonomy":"product_tag","embeddable":true,"href":"https:\/\/testshop.igel.wovodo.de\/es\/wp-json\/wp\/v2\/product_tag?post=30090"}],"curies":[{"name":"wp","href":"https:\/\/api.w.org\/{rel}","templated":true}]}}