{"id":30099,"date":"2024-10-31T14:06:11","date_gmt":"2024-10-31T13:06:11","guid":{"rendered":"https:\/\/testshop.igel.wovodo.de\/product\/torten-deko-set-profi-airbrush-set-carry-iv-tc-schwarz-mit-single-action-gun-208-d-04\/"},"modified":"2025-01-27T12:28:41","modified_gmt":"2025-01-27T11:28:41","slug":"torten-deko-set-profi-airbrush-set-carry-iv-tc-schwarz-mit-single-action-gun-208-d-04","status":"publish","type":"product","link":"https:\/\/testshop.igel.wovodo.de\/es\/product\/torten-deko-set-profi-airbrush-set-carry-iv-tc-schwarz-mit-single-action-gun-208-d-04\/","title":{"rendered":"TORTEN DEKO SET Profi-AirBrush Set Carry IV-TC schwarz mit Single Action Gun 208 D 0,4"},"content":{"rendered":"<div class=\"sale_application\">\n<b><\/p>\n<p>Ideal para cosm\u00e9tica y belleza (decoraci\u00f3n de u\u00f1as con aer\u00f3grafo, maquillaje, coloraci\u00f3n del cabello, cuidado del cabello, bronceado en spray), arte corporal (pintura corporal, tatuaje, dise\u00f1o de m\u00e1scaras), pasatiempos (flores\/arreglos florales, modelismo, cer\u00e1mica\/alfarer\u00eda, textiles), peque\u00f1os dise\u00f1os de autom\u00f3viles (tapones de gasolina\/cascos), ilustraciones t\u00e9cnicas\/retoques fotogr\u00e1ficos y decoraci\u00f3n de alimentos (tartas\/cupcakes). Las posibilidades de la aerograf\u00eda son pr\u00e1cticamente ilimitadas.<\/p>\n<p><\/b> <\/div>\n<div class=\"sale_description\"><\/p>\n<p>Der \u00f6l- und wartungsfreie <b>Mini-Airbrush-Kompressor Carry IV-TC <\/b>ist mit einer innovativen <b>Sensor-Touch-Control-Technologie<\/b> y <b>5 Power-Stufen<\/b> ausgestattet. Carry IV ist f\u00fcr alle Arbeiten mit handels\u00fcblichen Airbrush Farben geeignet. Mit nur 47dB erm\u00f6glicht der Mini-Kompressor angenehmes Arbeiten auch in kleineren, geschlossenen R\u00e4umen (bitte f\u00fcr eine Farbnebelabsaugung sorgen). Sein kompaktes Design, geringes Gewicht und die mitgelieferte Universal-Airbrush-Pistole erleichtern den mobilen Einsatz. Dieser kompakte Kompressor ist perfekt geeignet, um kleinere Arbeiten unterwegs zu erledigen. M\u00f6gliche Anwendungsgebiete neben Nail-Art: Kosmetik &amp; Beauty (Makeup, Haart\u00f6nung, Haarpflege, Spray Tanning), K\u00f6rper-Kunst (Body-Painting, Tattoo, Maskengestaltung), Hobby (Blumen\/ Gestecke, Modellbau, Keramik\/ Tonwaren, Textilien), kleinere Kfz-Designs (Tankdeckel\/ Helme), technische Illustrationen\/ Fotonachbesserungen und die Dekoration von Lebensmitteln (Torten\/ Cupcakes). Es stehen Ihnen praktisch unbegrenzte M\u00f6glichkeiten f\u00fcr Airbrushing zur Verf\u00fcgung.<\/p>\n<p>Die Airbrush-Pistole <b>&#8220;Single-Action-Gun 208 D 0,4&#8221;<\/b> ist ein Zweistoff-Zerst\u00e4uber, der nach dem Prinzip einer Strahlpumpe arbeitet, wobei Druckluft als Treibmittel verwendet wird. In Abh\u00e4ngigkeit von der St\u00e4rke des Luftstroms und der Menge der Farbe, kann man mit einer Airbushpistole feinste Linien aber auch gro\u00dfe Fl\u00e4chen malen. Man kann Farbe deckend aufspr\u00fchen aber auch einen transparenten Farbfilm airbrushen.<\/p>\n<p>Dieses <b>Airbrush-Set f\u00fcr Torten<\/b> ist f\u00fcr den Betrieb mit allen g&auml;ngigen Airbrush-Kompressoren konzipiert. Es ist f&uuml;r sehr viele dickfl&uuml;ssige Farben und Werkstoffe einschlie\u00dflich Lebensmittel bestens geeignet. Die Hauptverwendung des Airpush-Deco-Pen ist f\u00fcr die Gestaltung und die Dekoration von Torten, Cupcakes, Kuchen, Desserts mit z\u00e4hfl\u00fcssigen Airbrush Lebensmittelfarben (Glasuren, Cremes usw.) vorgesehen. Er erm\u00f6glicht ein optimales Arbeiten und ist einfach in der Anwendung.<\/p>\n<p>Das mehrteilige Patisserie-Set erm&ouml;glicht <b>einfaches, m&uuml;heloses einh\u00e4ndiges Dekorieren<\/b>. Der Push-Button-Pen l&auml;sst sich mit dem mitgelieferten Druckschlauch leicht an alle g\u00e4ngige Airbrush-Kompressoren anschlie&szlig;en (z.B. an einen Mini-Airbrush-Kompressor). Mit den ICING PIPING-D&uuml;sen gelingen unglaublich sch\u00f6ne Dekorationen spielend leicht. Lassen Sie sich selbst \u00fcberraschen! Ihre Lieben werden begeistert sein!<\/p>\n<p>Mit <b>drei Farb-Beh\u00e4ltern<\/b> mit <b>je 16 ml<\/b> Fassungsverm\u00f6gen geht der Farbwechsel und das Verzieren gr\u00f6\u00dferer Fl\u00e4chen leicht von der Hand. Das Set wird mit Airbrush-Pistolen-Aufs\u00e4tzen in drei Gr\u00f6\u00dfen geliefert. Diese Glasurspitzen sind farblich leicht voneinander unterscheidbar, sodas man sich w\u00e4hrend der kreativen Airbrush-Dekoration voll und ganz auf das Verzieren und Versch\u00f6nern seines Backkunstwerks konzentrieren kann.<\/p>\n<p>Mit den <b>neun Glasurspitzen in drei verschiedenen St\u00e4rken<\/b> (3 x small 1,35 mm\/ 3 x middle 1,55 mm\/ 3 x large 1,80 mm) stehen Ihnen vielf\u00e4ltige Gestaltungsm\u00f6glichkeiten offen: Es lassen sich feine, filigrane Linien ziehen oder kleinere Fl&auml;chen einf&auml;rben. Mit Motiven, Schriftz\u00fcgen und Zahlen verleihen Sie mit diesem Airbrush-Torten-Deko-Set nach Anlass und Geschmack eine pers\u00f6nliche Note. Mit der <b>Einhand-Garnierspritze<\/b> und mit dem passenden Airpush-Aufsatz geht die Lebensmitteldekoration z\u00fcgig und m&uuml;helos von der Hand und macht jedes Backwerk garantiert zu einem Hingucker.<\/p>\n<p>Mit dem Airbrush-Set f\u00fcr Torten-Deko macht das Backen, Dekorieren und Verzieren noch mehr Spa\u00df.<\/p>\n<p>Mit diesem Kuchen- und Tortendecor-Set wird jeder Hobby-B&auml;cker zum Profi-B&auml;cker! Optimal f\u00fcr eine <b>stressfreie Weihnachtsb&auml;ckerei<\/b>, f&uuml;r die <b>beeindruckendensten Geburtstagstorten<\/b> oder f&uuml;r die <b>h&uuml;bschesten Cupcakes<\/b>.<\/p>\n<\/div>\n<h3>Muchas buenas razones para comprar este producto:<\/h3>\n<div class=\"sale_motive\">\n<h2>Muchas buenas razones para comprar este producto:<\/h2>\n<ul>\n<li>    vielf\u00e4ltige Einsatzgebiete mit Standard-Anforderungen<\/li>\n<li>Airbrush-Set speziell f\u00fcr die Dekoration von Torten, Cupcakes u.m.<\/li>\n<li>innovative Sensor-Touch-Control-Technologie<\/li>\n<li>in 5 Power-Stufen leicht regelbare Kompressorleistung<\/li>\n<li>Ideal para uso m\u00f3vil<\/li>\n<li>Transportable y listo para usar r\u00e1pidamente<\/li>\n<li>Single-Action Trigger Air-Paint-Control-Pistole und TORTEN-DECO-Airbrush Set<\/li>\n<li>\u00d6l- und wartungsfreier Kompressor<\/li>\n<li>Kompressor-Anschluss: T\u00fclle f\u00fcr Standardschlauch (passend f\u00fcr alle g\u00e4ngigen Airbrushpistolen)<\/li>\n<li>fl\u00fcsterleiser Betrieb ca. 47dB (Zum Vergleich: ein normales Gespr\u00e4ch in 1m Abstand = 60dB)<\/li>\n<\/div>","protected":false},"excerpt":{"rendered":"<p>\u00d6l- und wartungsfreier Mini-Airbrush-Kompressor<br \/>\n  mit <b>Torten-Deko-Airbrushpistole und Single-Action-Airbrushpistole<\/b><\/p>\n<p><b>Sensor-Touch-Control-Kompressor mit umfangreichem Zubeh\u00f6r<\/b><\/p>","protected":false},"featured_media":31750,"comment_status":"open","ping_status":"closed","template":"","meta":[],"product_brand":[],"product_cat":[230,185],"product_tag":[],"class_list":{"0":"post-30099","1":"product","2":"type-product","3":"status-publish","4":"has-post-thumbnail","6":"product_cat-torten-deco","7":"product_cat-airbrush-sets","9":"first","10":"instock","11":"taxable","12":"shipping-taxable","13":"purchasable","14":"product-type-simple"},"_links":{"self":[{"href":"https:\/\/testshop.igel.wovodo.de\/es\/wp-json\/wp\/v2\/product\/30099","targetHints":{"allow":["GET"]}}],"collection":[{"href":"https:\/\/testshop.igel.wovodo.de\/es\/wp-json\/wp\/v2\/product"}],"about":[{"href":"https:\/\/testshop.igel.wovodo.de\/es\/wp-json\/wp\/v2\/types\/product"}],"replies":[{"embeddable":true,"href":"https:\/\/testshop.igel.wovodo.de\/es\/wp-json\/wp\/v2\/comments?post=30099"}],"version-history":[{"count":1,"href":"https:\/\/testshop.igel.wovodo.de\/es\/wp-json\/wp\/v2\/product\/30099\/revisions"}],"predecessor-version":[{"id":34717,"href":"https:\/\/testshop.igel.wovodo.de\/es\/wp-json\/wp\/v2\/product\/30099\/revisions\/34717"}],"wp:featuredmedia":[{"embeddable":true,"href":"https:\/\/testshop.igel.wovodo.de\/es\/wp-json\/wp\/v2\/media\/31750"}],"wp:attachment":[{"href":"https:\/\/testshop.igel.wovodo.de\/es\/wp-json\/wp\/v2\/media?parent=30099"}],"wp:term":[{"taxonomy":"product_brand","embeddable":true,"href":"https:\/\/testshop.igel.wovodo.de\/es\/wp-json\/wp\/v2\/product_brand?post=30099"},{"taxonomy":"product_cat","embeddable":true,"href":"https:\/\/testshop.igel.wovodo.de\/es\/wp-json\/wp\/v2\/product_cat?post=30099"},{"taxonomy":"product_tag","embeddable":true,"href":"https:\/\/testshop.igel.wovodo.de\/es\/wp-json\/wp\/v2\/product_tag?post=30099"}],"curies":[{"name":"wp","href":"https:\/\/api.w.org\/{rel}","templated":true}]}}