{"id":30122,"date":"2024-10-31T14:06:26","date_gmt":"2024-10-31T13:06:26","guid":{"rendered":"https:\/\/testshop.igel.wovodo.de\/product\/schmutzwasser-tauchpumpe-dirt-star-extra-ss-750-integr-schwimmerschalter-10-m-kabel\/"},"modified":"2025-01-27T12:28:47","modified_gmt":"2025-01-27T11:28:47","slug":"schmutzwasser-tauchpumpe-dirt-star-extra-ss-750-integr-schwimmerschalter-10-m-kabel","status":"publish","type":"product","link":"https:\/\/testshop.igel.wovodo.de\/es\/product\/schmutzwasser-tauchpumpe-dirt-star-extra-ss-750-integr-schwimmerschalter-10-m-kabel\/","title":{"rendered":"Schmutzwasser-Tauchpumpe DIRT-STAR-EXTRA-SS 750 integr. Schwimmerschalter, 10 m Kabel"},"content":{"rendered":"<div class=\"sale_application\">\n<p>Mobile Schmutzwasser-Tauchpumpe (Partikelgr\u00f6\u00dfe bis 35 mm) mit integriertem Schwimmer, Tragegriff und Druckstutzen<\/p>\n<ul>\n<li>zur Kellerentw\u00e4sserung\n<\/li>\n<li>para la reducci\u00f3n de las aguas subterr\u00e1neas\n<\/li>\n<li>zur Beh\u00e4lter-Umf\u00fcllung\n<\/li>\n<li>f\u00fcr Entw\u00e4sserungsanwendungen\n<\/li>\n<li>Anwendungen im Drainagerohr\n<\/li>\n<li>zur Regenwasser-Nutzung\n<\/li>\n<li>im Teich, Bach oder Flusslauf <\/li>\n<\/ul><\/div>\n<div class=\"sale_description\">\n<p>Die Tauchpumpe <b>DIRT-STAR-EXTRA-SS 750<\/b> ist eine zuverl\u00e4ssige und besonders energieeffiziente Schmutzwasserpumpe.<\/p>\n<p>Die DIRT-STAR-EXTRA-SS 750 ist eine der wenigen Schmutzwassertauchpumpen mit integriertem Schwimmerschalter.<\/p>\n<p>Die Schmutzwassertauchpumpe mit Schwimmer erbringt eine max. F\u00f6rdermenge von <b> 15.000 l\/h<\/b>, einen maximalen Druck von <b> 0,7 bar<\/b> und eine maximale F\u00f6rderh\u00f6he von  7 m.<\/p>\n<p>En <b>integrierte Schwimmerschalter<\/b> reagiert bei einer Anschalth\u00f6he von 190mm und einer Abschalth\u00f6he von 60mm. Der Pumpen-Anschluss an der Druckseite hat verschiedene Gr\u00f6\u00dfen: ein 1 Zoll Au\u00dfengewinde und eine Kunststofft\u00fclle mit 1 1\/2 Zoll.<\/p>\n<p>Trotz ihrer geringen Leistungsaufnahme von nur 750 Watt, 230V, 50Hz schafft die Schmutzwasser-Tauchpumpe die gro\u00dfe maximale F\u00f6rdermenge. Durch das geringe Gewicht von  7,5 kg, den integrierten Tragegriff und die kompakte Bauweise ist die Tauchpumpe DIRT-STAR-EXTRA-SS 750 <b>mobil und schnell einsatzbereit<\/b>. Mit einer maximalen Partikelgr\u00f6\u00dfe von 35 mm hat die Tauchpumpe einen recht gro\u00dfen Anwendungsbereich.<\/p>\n<p>Durch die Konstruktion mit einer <b>mechanischen Dichtung<\/b> hat die Tauchpumpe f\u00fcr Schmutzwasser und Klarwasser eine wesentlich h\u00f6here Lebensdauer als vergleichbare Pumpen mit einfachen Dichtungen.<\/p>\n<\/div>\n<h3>Muchas buenas razones para comprar este producto:<\/h3>\n<div class=\"sale_motive\">\n<ul>\n<li>durch <b>wartungs- und leckfreie mechanische Dichtung<\/b> hat die Pumpe viel h\u00f6here Lebensdauer als herk\u00f6mmliche Pumpen\n<\/li>\n<li>eine der wenigen Schmutzwasserpumpen mit <b>integriertem Schwimmerschalter<\/b>\n<\/li>\n<li>F\u00f6rdermenge bis zu maximal <b>15.000L\/h<\/b> bei 750W\n<\/li>\n<li>vielseitige Einsatzm\u00f6glichkeiten durch kompakte Au\u00dfenma\u00dfe\n<\/li>\n<li>solide und zuverl\u00e4ssige Schmutzwasserpumpe\n<\/li>\n<li>verschiedene Anschl\u00fcsse an der Druckseite\n<\/li>\n<li>Transportable y listo para usar r\u00e1pidamente <\/li>\n<\/ul>\n<\/div>","protected":false},"excerpt":{"rendered":"<p>Mobile Tauchpumpe f\u00fcr Schmutzwasser und Klarwasser<br \/>\n  750 Watt | 0,7 bar | 13.000L\/h &#8211; 15.000L\/h<\/p>\n<p><b>Mit integriertem Schwimmerschalter!<br \/>\n  Einzigartig auf dem Markt!<\/b><\/p>","protected":false},"featured_media":31853,"comment_status":"open","ping_status":"closed","template":"","meta":[],"product_brand":[],"product_cat":[279,377],"product_tag":[],"class_list":{"0":"post-30122","1":"product","2":"type-product","3":"status-publish","4":"has-post-thumbnail","6":"product_cat-schmutzwasserpumpe","7":"product_cat-mit-schwimmerschalter","9":"first","10":"instock","11":"taxable","12":"shipping-taxable","13":"purchasable","14":"product-type-simple"},"_links":{"self":[{"href":"https:\/\/testshop.igel.wovodo.de\/es\/wp-json\/wp\/v2\/product\/30122","targetHints":{"allow":["GET"]}}],"collection":[{"href":"https:\/\/testshop.igel.wovodo.de\/es\/wp-json\/wp\/v2\/product"}],"about":[{"href":"https:\/\/testshop.igel.wovodo.de\/es\/wp-json\/wp\/v2\/types\/product"}],"replies":[{"embeddable":true,"href":"https:\/\/testshop.igel.wovodo.de\/es\/wp-json\/wp\/v2\/comments?post=30122"}],"version-history":[{"count":1,"href":"https:\/\/testshop.igel.wovodo.de\/es\/wp-json\/wp\/v2\/product\/30122\/revisions"}],"predecessor-version":[{"id":34740,"href":"https:\/\/testshop.igel.wovodo.de\/es\/wp-json\/wp\/v2\/product\/30122\/revisions\/34740"}],"wp:featuredmedia":[{"embeddable":true,"href":"https:\/\/testshop.igel.wovodo.de\/es\/wp-json\/wp\/v2\/media\/31853"}],"wp:attachment":[{"href":"https:\/\/testshop.igel.wovodo.de\/es\/wp-json\/wp\/v2\/media?parent=30122"}],"wp:term":[{"taxonomy":"product_brand","embeddable":true,"href":"https:\/\/testshop.igel.wovodo.de\/es\/wp-json\/wp\/v2\/product_brand?post=30122"},{"taxonomy":"product_cat","embeddable":true,"href":"https:\/\/testshop.igel.wovodo.de\/es\/wp-json\/wp\/v2\/product_cat?post=30122"},{"taxonomy":"product_tag","embeddable":true,"href":"https:\/\/testshop.igel.wovodo.de\/es\/wp-json\/wp\/v2\/product_tag?post=30122"}],"curies":[{"name":"wp","href":"https:\/\/api.w.org\/{rel}","templated":true}]}}