{"id":30127,"date":"2024-10-31T14:06:28","date_gmt":"2024-10-31T13:06:28","guid":{"rendered":"https:\/\/testshop.igel.wovodo.de\/product\/3-tiefbrunnenpumpe-brunnen-star-750-3-8-400v-bedingt-sandvertraeglich\/"},"modified":"2025-01-27T12:28:49","modified_gmt":"2025-01-27T11:28:49","slug":"3-tiefbrunnenpumpe-brunnen-star-750-3-8-400v-bedingt-sandvertraeglich","status":"publish","type":"product","link":"https:\/\/testshop.igel.wovodo.de\/es\/product\/3-tiefbrunnenpumpe-brunnen-star-750-3-8-400v-bedingt-sandvertraeglich\/","title":{"rendered":"3&#8243;-Tiefbrunnenpumpe BRUNNEN-STAR 750-3-8 400V bedingt sandvertr\u00e4glich"},"content":{"rendered":"<div class=\"sale_application\">\n<ul>\n<li>400V-Brunnenpumpe aus hochwertiger EU-Fertigung<\/li>\n<li>f\u00fcr Hauswasserversorgung, Bew\u00e4sserung, Beregnung, Grundwasserabsenkungen, Anwendungen im Umweltschutz<\/li>\n<\/ul><\/div>\n<div class=\"sale_description\">\n<p>Robuste, stabile Tiefbrunnenpumpe in Handwerker-Qualit\u00e4t aus rostfreiem Edelsstahl f\u00fcr tiefe Brunnenbohrungen.<\/p>\n<p>Diese EU-Brunnen-Pumpen werden f\u00fcr uns von einem innovativen <b>Qualit\u00e4ts-Unternehmen mit langj\u00e4hriger Tradition in der Pumpenfertigung entwickelt und hergestellt.<\/b> Einzelne Fertigungsschritte unterliegen einer strengen Qualit\u00e4tspr\u00fcfung, wobei bei jeder Pumpe noch eine Endkontrolle erfolgt.<\/p>\n<p>Zum Einsatz kommen nur gepr\u00fcfte qualitativ hochwertige Bauteile und Materialien: <b>Rostfreie, robuste Edelstahlgeh\u00e4use, Mehrfach-Dichtungen, Messing-Bauteile und  hochwertiger, \u00f6lgelagerter, gekapselter Motoren sorgen f\u00fcr eine lange Lebensdauer.<\/b><\/p>\n<p>Durch die Konstruktion mit 3-fachen Wellenabdichtungen hat die hochwertige <b>3&#8243;-Tiefbrunnenpumpe BRUNNEN-STAR 750-3-8 400V bedingt sandvertr\u00e4glich<\/b> aus europ\u00e4ischer Herstellung eine deutlich h\u00f6here Lebensdauer als Pumpen mit herk\u00f6mmlichen mechanischen Dichtungen. Die Edelstahl-Tiefbrunnenpumpe ist deshalb auch f\u00fcr Extrem-Eins\u00e4tze bestens geeignet.<\/p>\n<p>Trotz der geringen Leistungsaufnahme schafft die bedingt sandvertr\u00e4gliche Tiefbrunnenpumpe eine F\u00f6rdermenge von bis zu <b>2.700L\/h<\/b>. Der maximale Druck liegt bei <b>8,4 bar<\/b>, die maximale F\u00f6rderh\u00f6he bei <b>84m<\/b>.<br \/>\n  Bitte beachten Sie, dass der F\u00f6rderdruck bei steigender F\u00f6rderh\u00f6he entsprechend abnimmt.<\/p>\n<p>Unsere EU-Brunnenpumpen sind zudem <b>bedingt sandvertr\u00e4glich<\/b> (max. Partikelgr\u00f6\u00dfe: 0,2mm, max. Sandgehalt: 0,2 &#37;).<\/p>\n<p>Diese robuste Qualit\u00e4ts-Brunnenpumpe aus rostfreiem Edelsstahl ist f\u00fcr eine elektrische Spannung von <b>400 Volt<\/b> ausgelegt.<\/p>\n<p>Die 3 Zoll Brunnenpumpe misst ca. 76mm (mit Kabelschutz). Wir empfehlen den Einsatz bei einer Mindest-Schachtbreite ab 90mm.<\/p>\n<\/div>\n<h3>Muchas buenas razones para comprar este producto:<\/h3>\n<div class=\"sale_motive\">\n<ul>\n<li>Perfektion in Edelstahl!<\/li>\n<li>Spitzen-Qualit\u00e4t aus Europ\u00e4ischer Fertigung nach neusten EU-Energie-Richtlinien<\/li>\n<li>sehr lange Lebensdauer durch Mehrfach-Dichtungsystem mit \u00d6lschmierung<\/li>\n<li>f\u00fcr Hauswasserversorgung, Bew\u00e4sserung oder Beregnung<\/li>\n<li>f\u00fcr Anwendungen im Umweltschutz &amp; Grundwasserabsenkung<\/li>\n<li>keine Ansaugung von Bodensediment durch seitliche Ansaugung<\/li>\n<li>hochwertiger gekapselter Elektromotor<\/li>\n<\/ul>\n<\/div>","protected":false},"excerpt":{"rendered":"<p>3 Zoll Tiefbrunnenpumpe<br \/>\n  380-400 Volt | 750 Watt<br \/>\n  Hmax 84m | Qmax 2700L\/h | Pmax 8,4 bar<\/p>\n<p><b>Hochwertige EU-Fertigung!<\/b><\/p>","protected":false},"featured_media":36757,"comment_status":"open","ping_status":"closed","template":"","meta":[],"product_brand":[],"product_cat":[378,301],"product_tag":[],"class_list":{"0":"post-30127","1":"product","2":"type-product","3":"status-publish","4":"has-post-thumbnail","6":"product_cat-3-zoll-400v","7":"product_cat-400-volt-brunnenpumpen","9":"first","10":"instock","11":"taxable","12":"shipping-taxable","13":"purchasable","14":"product-type-simple"},"_links":{"self":[{"href":"https:\/\/testshop.igel.wovodo.de\/es\/wp-json\/wp\/v2\/product\/30127","targetHints":{"allow":["GET"]}}],"collection":[{"href":"https:\/\/testshop.igel.wovodo.de\/es\/wp-json\/wp\/v2\/product"}],"about":[{"href":"https:\/\/testshop.igel.wovodo.de\/es\/wp-json\/wp\/v2\/types\/product"}],"replies":[{"embeddable":true,"href":"https:\/\/testshop.igel.wovodo.de\/es\/wp-json\/wp\/v2\/comments?post=30127"}],"version-history":[{"count":1,"href":"https:\/\/testshop.igel.wovodo.de\/es\/wp-json\/wp\/v2\/product\/30127\/revisions"}],"predecessor-version":[{"id":34745,"href":"https:\/\/testshop.igel.wovodo.de\/es\/wp-json\/wp\/v2\/product\/30127\/revisions\/34745"}],"wp:featuredmedia":[{"embeddable":true,"href":"https:\/\/testshop.igel.wovodo.de\/es\/wp-json\/wp\/v2\/media\/36757"}],"wp:attachment":[{"href":"https:\/\/testshop.igel.wovodo.de\/es\/wp-json\/wp\/v2\/media?parent=30127"}],"wp:term":[{"taxonomy":"product_brand","embeddable":true,"href":"https:\/\/testshop.igel.wovodo.de\/es\/wp-json\/wp\/v2\/product_brand?post=30127"},{"taxonomy":"product_cat","embeddable":true,"href":"https:\/\/testshop.igel.wovodo.de\/es\/wp-json\/wp\/v2\/product_cat?post=30127"},{"taxonomy":"product_tag","embeddable":true,"href":"https:\/\/testshop.igel.wovodo.de\/es\/wp-json\/wp\/v2\/product_tag?post=30127"}],"curies":[{"name":"wp","href":"https:\/\/api.w.org\/{rel}","templated":true}]}}