{"id":30187,"date":"2024-10-31T14:07:01","date_gmt":"2024-10-31T13:07:01","guid":{"rendered":"https:\/\/testshop.igel.wovodo.de\/product\/profi-airbrush-kompressor-universal-set-i\/"},"modified":"2025-01-27T12:29:05","modified_gmt":"2025-01-27T11:29:05","slug":"profi-airbrush-kompressor-universal-set-i","status":"publish","type":"product","link":"https:\/\/testshop.igel.wovodo.de\/es\/product\/profi-airbrush-kompressor-universal-set-i\/","title":{"rendered":"Profi-AirBrush Kompressor Universal Set I"},"content":{"rendered":"<div class=\"sale_application\"><b>Ideal para cosm\u00e9tica y belleza (decoraci\u00f3n de u\u00f1as con aer\u00f3grafo, maquillaje, coloraci\u00f3n del cabello, cuidado del cabello, bronceado en spray), arte corporal (pintura corporal, tatuaje, dise\u00f1o de m\u00e1scaras), pasatiempos (flores\/arreglos florales, modelismo, cer\u00e1mica\/alfarer\u00eda, textiles), peque\u00f1os dise\u00f1os de autom\u00f3viles (tapones de gasolina\/cascos), ilustraciones t\u00e9cnicas\/retoques fotogr\u00e1ficos y decoraci\u00f3n de alimentos (tartas\/cupcakes). Las posibilidades de la aerograf\u00eda son pr\u00e1cticamente ilimitadas.<\/b> <\/div>\n<div class=\"sale_description\">\n<p>Dieser \u00f6l- und wartungsfreie Airbrush Kompressor ist f\u00fcr Arbeiten mit allen handels\u00fcblichen Airbrush Farben geeignet. Mit nur 47dB erm\u00f6glicht der Kompressor f\u00fcr Airbrush angenehmes Arbeiten auch in kleineren, geschlossenen R\u00e4umen. Sein kompaktes Design und der integrierte Tragegriff erleichtern den mobilen Einsatz. Die <b>Abschaltautomatik<\/b> erm\u00f6glicht einen stromsparenden und ger\u00e4tesch\u00fctzenden Betrieb.<\/p>\n<p>Der Airbrush-Kompressor ist mit einem <b>3-Liter Lufttank<\/b> ausgestattet. Durch den integrierten 3l-Lufttank ist ein perfektes Arbeiten durch gleichbleibenden Luftdruck m\u00f6glich. Integriert sind auch <b>Durchfluss- und Druckregler, Manometer und Wasserabschneider<\/b>. Der maximale Arbeitsdruck betr\u00e4gt 6 bar. Der thermisch gesch\u00fctzte Airbrush-Kompressor hat einen Netzschalter und ein Sicherheitsventil.<\/p>\n<p>Der 150-Watt Einzel-Zylinder-Airbrush-Kompressor ist ideal f\u00fcr Airbrush-Pistolen mit geringem Luftdurchlass. Der Anschluss des Airbrush-Kompressors mit einem 1\/8-Zoll-Gewinde ist f\u00fcr alle g\u00e4ngigen Airbrush-Pistolen geeignet.<\/p>\n<p><b>Der Airbrush-Kompressor ist ideal f\u00fcr alle Airbrush-Anwendungen &#8211; f\u00fcr Hobby und Beruf, f\u00fcr Airbrush-Einsteiger und Airbrush-Profis.<\/b><\/p>\n<p><strong>Die UNIVERSAL-Airbrush-Pistole &#8220;Double-Action-Gun 134s&#8221; ist einzigartig und einmalig f\u00fcr diese Preisklasse!<\/strong><\/p>\n<p>Die Airbrush-Pistole &#8220;Double-Action-Gun 134s&#8221; mit 0,2mm \/ 0,3mm \/ 0,5mm NADEL\/D\u00dcSE Kombination und 2 verschiedenen Farbbeh\u00e4ltern (7ccl und 22ml) ist besonders f\u00fcr den Beginner zum Kennenlernen der einzelnen Techniken und f\u00fcr ein z\u00fcgiges Arbeiten optimal geeignet. Damit lassen sich sowohl feine Linien ziehen, als auch gr\u00f6\u00dfere Fl\u00e4chen airbrushen. F\u00fcr gr\u00f6\u00dfere Farbmengen wird der 22ml-Glasbeh\u00e4lter und f\u00fcr kleinere Farbmengen der 7ccl Metallaufsatz verwendet. Mit der UNIVERSAL AIRBRUSH-PISTOLE DOUBLE-ACTION 134s macht das Hobby richtig Spa\u00df!<\/p>\n<p>Der 1,8m lange Luftschlauch gibt ausreichend Bewegungsspielraum.<\/p>\n<\/div>\n<h3>Muchas buenas razones para comprar este producto:<\/h3>\n<div class=\"sale_motive\">\n<ul>\n<li>energieeffizienter Einzel-Zylinder Kolbenkompressor<\/li>\n<li>vielf\u00e4ltige Einsatzgebiete<\/li>\n<li>Transportable y listo para usar r\u00e1pidamente<\/li>\n<li>Ideal f\u00fcr Pistolen mit geringem Luftdurchlass<\/li>\n<li>kompaktes und sch\u00f6nes Design<\/li>\n<li>Autostop Automatik (4bar-Stop | 3bar-Start)<\/li>\n<li>Sin aceite ni mantenimiento<\/li>\n<li>Trabajo perfecto gracias a la presi\u00f3n de trabajo constante<\/li>\n<li>Conexi\u00f3n: rosca de 0,3 cm (1\/8\u2033) para todas las pistolas de aer\u00f3grafo habituales.<\/li>\n<li>Ideal para uso m\u00f3vil<\/li>\n<li>Protecci\u00f3n t\u00e9rmica<\/li>\n<li>integrierter Durchfluss- und Druckregler, Manometer, Wasserabscheider<\/li>\n<li>integrierter Luft-Tank mit Druckluftreserve 3L<\/li>\n<li>Sicherheitsventil<\/li>\n<li>fl\u00fcsterleiser Betrieb ca. 47dB (Zum Vergleich: ein normales Gespr\u00e4che in 1 m Abstand = 60dB)<\/li>\n<li>Vielseitige Airbrush-Pistole mit 3er Nadel-\/D\u00fcsen-Set &amp; 2 Farbbeh\u00e4ltern<\/li>\n<\/ul>\n<\/div>","protected":false},"excerpt":{"rendered":"<p>Profi-AirBrush Kompressor Universal Set I<br \/>\n  mit Profi-AirBrush-Pistole Double-Action-Gun 134s<\/p>","protected":false},"featured_media":32049,"comment_status":"open","ping_status":"closed","template":"","meta":[],"product_brand":[],"product_cat":[185,188],"product_tag":[],"class_list":{"0":"post-30187","1":"product","2":"type-product","3":"status-publish","4":"has-post-thumbnail","6":"product_cat-airbrush-sets","7":"product_cat-airbrush-set","9":"first","10":"instock","11":"taxable","12":"shipping-taxable","13":"purchasable","14":"product-type-simple"},"_links":{"self":[{"href":"https:\/\/testshop.igel.wovodo.de\/es\/wp-json\/wp\/v2\/product\/30187","targetHints":{"allow":["GET"]}}],"collection":[{"href":"https:\/\/testshop.igel.wovodo.de\/es\/wp-json\/wp\/v2\/product"}],"about":[{"href":"https:\/\/testshop.igel.wovodo.de\/es\/wp-json\/wp\/v2\/types\/product"}],"replies":[{"embeddable":true,"href":"https:\/\/testshop.igel.wovodo.de\/es\/wp-json\/wp\/v2\/comments?post=30187"}],"version-history":[{"count":1,"href":"https:\/\/testshop.igel.wovodo.de\/es\/wp-json\/wp\/v2\/product\/30187\/revisions"}],"predecessor-version":[{"id":34805,"href":"https:\/\/testshop.igel.wovodo.de\/es\/wp-json\/wp\/v2\/product\/30187\/revisions\/34805"}],"wp:featuredmedia":[{"embeddable":true,"href":"https:\/\/testshop.igel.wovodo.de\/es\/wp-json\/wp\/v2\/media\/32049"}],"wp:attachment":[{"href":"https:\/\/testshop.igel.wovodo.de\/es\/wp-json\/wp\/v2\/media?parent=30187"}],"wp:term":[{"taxonomy":"product_brand","embeddable":true,"href":"https:\/\/testshop.igel.wovodo.de\/es\/wp-json\/wp\/v2\/product_brand?post=30187"},{"taxonomy":"product_cat","embeddable":true,"href":"https:\/\/testshop.igel.wovodo.de\/es\/wp-json\/wp\/v2\/product_cat?post=30187"},{"taxonomy":"product_tag","embeddable":true,"href":"https:\/\/testshop.igel.wovodo.de\/es\/wp-json\/wp\/v2\/product_tag?post=30187"}],"curies":[{"name":"wp","href":"https:\/\/api.w.org\/{rel}","templated":true}]}}