{"id":30199,"date":"2024-10-31T14:07:07","date_gmt":"2024-10-31T13:07:07","guid":{"rendered":"https:\/\/testshop.igel.wovodo.de\/product\/erdeinbau-filter-e500-mit-02mm-sieb\/"},"modified":"2025-01-27T12:29:08","modified_gmt":"2025-01-27T11:29:08","slug":"erdeinbau-filter-e500-mit-02mm-sieb","status":"publish","type":"product","link":"https:\/\/testshop.igel.wovodo.de\/es\/product\/erdeinbau-filter-e500-mit-02mm-sieb\/","title":{"rendered":"Erdeinbau-Filter E500 mit 0,2mm Sieb"},"content":{"rendered":"<div class=\"sale_description\">\n<p>Der E500 ist der Jumbo unter den Regenwasserfiltern. Er wird direkt in das Erdreich, den Keller oder den Haustechnikraum eingebaut. Dort filtert er s\u00e4mtlichen Schmutz aus dem Regenwasser, der gr\u00f6\u00dfer als 200\u00b5m (0,2mm) ist. Dieser Filter ist vor allem f\u00fcr gro\u00dfe Mehrfamilienh\u00e4user geeignet und bietet einen der h\u00f6chsten Wirkungsgrade auf dem Markt &#8211; ca. 95%<\/p>\n<p>Der H\u00f6henversatz zwischen dem Zulauf vom Dach und dem Ablauf in den Kanal ist bei diesem Erdfilter sehr gering, nur 22cm. Dadurch eignet sich dieser Filter auch f\u00fcr Beton-Zisternen.<\/p>\n<p>In der Standard-Ausf\u00fchrung wird der Filter mit einem 200\u00b5m- \/ 0,2mm-Sieb geliefert.<\/p>\n<p>Dieser Filter l\u00e4sst sich zu einem mehrstufigen Feinstfilter-System aufr\u00fcsten. Mit dem CS1-E500 lassen sich sogar kleinste Partikel von bis zu 20\u00b5m (0,02mm) aus dem Regenwasser filtern. Dadurch entf\u00e4llt auch l\u00e4ngerfristig jegliche Tankreinigung.<\/p><\/div>\n<h3>Muchas buenas razones para comprar este producto:<\/h3>\n<div class=\"sale_motive\">\n<ul>\n<li>hoher Wirkungsgrad von bis zu 90%\n<\/li>\n<li>nahezu keine Schmutzablagerungen im Tank\n<li>Edel-Stahl-Sieb-Einsatz\n<li>einfach, schnell und kostensparend einzubauen\n<li>geeignet f\u00fcr Mehrfamilenhaus<\/li>\n<\/ul>\n<\/div>","protected":false},"excerpt":{"rendered":"<p>Der E500 ist der Jumbo unter den Regenwasserfiltern. Er wird direkt in das Erdreich, den Keller oder den Haustechnikraum eingebaut.<\/p>","protected":false},"featured_media":32092,"comment_status":"open","ping_status":"closed","template":"","meta":[],"product_brand":[],"product_cat":[321,323],"product_tag":[],"class_list":{"0":"post-30199","1":"product","2":"type-product","3":"status-publish","4":"has-post-thumbnail","6":"product_cat-erdeinbau-filter","7":"product_cat-erdeinbaufilter","9":"first","10":"instock","11":"taxable","12":"shipping-taxable","13":"purchasable","14":"product-type-simple"},"_links":{"self":[{"href":"https:\/\/testshop.igel.wovodo.de\/es\/wp-json\/wp\/v2\/product\/30199","targetHints":{"allow":["GET"]}}],"collection":[{"href":"https:\/\/testshop.igel.wovodo.de\/es\/wp-json\/wp\/v2\/product"}],"about":[{"href":"https:\/\/testshop.igel.wovodo.de\/es\/wp-json\/wp\/v2\/types\/product"}],"replies":[{"embeddable":true,"href":"https:\/\/testshop.igel.wovodo.de\/es\/wp-json\/wp\/v2\/comments?post=30199"}],"version-history":[{"count":1,"href":"https:\/\/testshop.igel.wovodo.de\/es\/wp-json\/wp\/v2\/product\/30199\/revisions"}],"predecessor-version":[{"id":34815,"href":"https:\/\/testshop.igel.wovodo.de\/es\/wp-json\/wp\/v2\/product\/30199\/revisions\/34815"}],"wp:featuredmedia":[{"embeddable":true,"href":"https:\/\/testshop.igel.wovodo.de\/es\/wp-json\/wp\/v2\/media\/32092"}],"wp:attachment":[{"href":"https:\/\/testshop.igel.wovodo.de\/es\/wp-json\/wp\/v2\/media?parent=30199"}],"wp:term":[{"taxonomy":"product_brand","embeddable":true,"href":"https:\/\/testshop.igel.wovodo.de\/es\/wp-json\/wp\/v2\/product_brand?post=30199"},{"taxonomy":"product_cat","embeddable":true,"href":"https:\/\/testshop.igel.wovodo.de\/es\/wp-json\/wp\/v2\/product_cat?post=30199"},{"taxonomy":"product_tag","embeddable":true,"href":"https:\/\/testshop.igel.wovodo.de\/es\/wp-json\/wp\/v2\/product_tag?post=30199"}],"curies":[{"name":"wp","href":"https:\/\/api.w.org\/{rel}","templated":true}]}}