{"id":30218,"date":"2024-10-31T14:07:21","date_gmt":"2024-10-31T13:07:21","guid":{"rendered":"https:\/\/testshop.igel.wovodo.de\/product\/airbrushpistolen-set-profi-airbrush-x-action-gun-188k-d-035-025\/"},"modified":"2025-01-27T12:29:12","modified_gmt":"2025-01-27T11:29:12","slug":"airbrushpistolen-set-profi-airbrush-x-action-gun-188k-d-035-025","status":"publish","type":"product","link":"https:\/\/testshop.igel.wovodo.de\/es\/product\/airbrushpistolen-set-profi-airbrush-x-action-gun-188k-d-035-025\/","title":{"rendered":"Airbrushpistolen Set Profi-AirBrush x-Action-Gun 188k D 0,35 0,25"},"content":{"rendered":"<div class=\"sale_application\">\n<b><\/p>\n<p>Ideal para cosm\u00e9tica y belleza (decoraci\u00f3n de u\u00f1as con aer\u00f3grafo, maquillaje, coloraci\u00f3n del cabello, cuidado del cabello, bronceado en spray), arte corporal (pintura corporal, tatuaje, dise\u00f1o de m\u00e1scaras), pasatiempos (flores\/arreglos florales, modelismo, cer\u00e1mica\/alfarer\u00eda, textiles), peque\u00f1os dise\u00f1os de autom\u00f3viles (tapones de gasolina\/cascos), ilustraciones t\u00e9cnicas\/retoques fotogr\u00e1ficos y decoraci\u00f3n de alimentos (tartas\/cupcakes). Las posibilidades de la aerograf\u00eda son pr\u00e1cticamente ilimitadas.<\/p>\n<p><\/b> <\/div>\n<div class=\"sale_description\">\n<p>Die enthaltenen Airbrush-Pistolen sind Zweistoff-Zerst\u00e4uber, diese nach dem Prinzip einer Strahlpumpe arbeiten, wobei Druckluft als Treibmittel verwendet wird. In Abh\u00e4ngigkeit von der St\u00e4rke des Luftstroms und der Menge der Farbe, kann man mit einer Airbushpistole feinste Linien aber auch gro\u00dfe Fl\u00e4chen malen. Man kann Farbe deckend aufspr\u00fchen aber auch einen transparenten Farbfilm airbrushen.<\/p>\n<p>Bei einer Double-Action Airbrush werden Luft und Farbmenge mit einem Hebel gesteuert. Durch das Herunterdr\u00fccken des Hebels wird die Luftzufuhr reguliert, durch das gleichzeitige Zur\u00fcckziehen des Hebels wird die Farbmenge variiert. Die maximale Farbmenge kann hinten an der R\u00e4ndelschraube (Farbmengen-Regulierschraube) eingestellt werden.<\/p>\n<p>Die Spr\u00fchpistole bringt 1 Metall- und 2 Glasfarbmischer mit, was einen schnellen Farbwechsel gew\u00e4hrleistet.F\u00fcr den Einsatz wird ein Adapter<br \/>\nben\u00f6tigt, um die g\u00e4ngigen 1\/4 Zoll Kompressoranschl\u00fcsse auf den kleineren Schlauchdurchmesser zu reduzieren.<\/p>\n<\/div>\n<h3>Muchas buenas razones para comprar este producto:<\/h3>\n<div class=\"sale_motive\">\n<ul>\n<li>Amplia gama de accesorios<\/li>\n<li><span class=\"high1\">2 Pistolen<\/span><\/li>\n<li>1,5m Luftdruckschlauch sichert eine gute Beweglichkeit<\/li>\n<li>solide Verarbeitung<\/li>\n<li>verchromter Farbbeh\u00e4lter mit 2ml und 1 Glasfarbbeh\u00e4lter mit 20ml und Deckel erweitern den Anwendungsbereich<\/li>\n<li>zukunftsorientierte Bauweise<\/li>\n<li>formsch\u00f6nes Design<\/li>\n<li>F\u00e1cil manejo<\/li>\n<\/ul>\n<\/div>","protected":false},"excerpt":{"rendered":"<p>Set aus 2 hochwertigen Airbrush Pistolen und Zubeh\u00f6r zum <strong>Schn\u00e4ppchenpreis<\/strong><\/p>","protected":false},"featured_media":32153,"comment_status":"open","ping_status":"closed","template":"","meta":[],"product_brand":[],"product_cat":[209,210],"product_tag":[],"class_list":{"0":"post-30218","1":"product","2":"type-product","3":"status-publish","4":"has-post-thumbnail","6":"product_cat-airbrush-pistolen-set","7":"product_cat-airbrushpistolen-set","9":"first","10":"instock","11":"taxable","12":"shipping-taxable","13":"purchasable","14":"product-type-simple"},"_links":{"self":[{"href":"https:\/\/testshop.igel.wovodo.de\/es\/wp-json\/wp\/v2\/product\/30218","targetHints":{"allow":["GET"]}}],"collection":[{"href":"https:\/\/testshop.igel.wovodo.de\/es\/wp-json\/wp\/v2\/product"}],"about":[{"href":"https:\/\/testshop.igel.wovodo.de\/es\/wp-json\/wp\/v2\/types\/product"}],"replies":[{"embeddable":true,"href":"https:\/\/testshop.igel.wovodo.de\/es\/wp-json\/wp\/v2\/comments?post=30218"}],"version-history":[{"count":1,"href":"https:\/\/testshop.igel.wovodo.de\/es\/wp-json\/wp\/v2\/product\/30218\/revisions"}],"predecessor-version":[{"id":34834,"href":"https:\/\/testshop.igel.wovodo.de\/es\/wp-json\/wp\/v2\/product\/30218\/revisions\/34834"}],"wp:featuredmedia":[{"embeddable":true,"href":"https:\/\/testshop.igel.wovodo.de\/es\/wp-json\/wp\/v2\/media\/32153"}],"wp:attachment":[{"href":"https:\/\/testshop.igel.wovodo.de\/es\/wp-json\/wp\/v2\/media?parent=30218"}],"wp:term":[{"taxonomy":"product_brand","embeddable":true,"href":"https:\/\/testshop.igel.wovodo.de\/es\/wp-json\/wp\/v2\/product_brand?post=30218"},{"taxonomy":"product_cat","embeddable":true,"href":"https:\/\/testshop.igel.wovodo.de\/es\/wp-json\/wp\/v2\/product_cat?post=30218"},{"taxonomy":"product_tag","embeddable":true,"href":"https:\/\/testshop.igel.wovodo.de\/es\/wp-json\/wp\/v2\/product_tag?post=30218"}],"curies":[{"name":"wp","href":"https:\/\/api.w.org\/{rel}","templated":true}]}}