{"id":30228,"date":"2024-10-31T14:07:26","date_gmt":"2024-10-31T13:07:26","guid":{"rendered":"https:\/\/testshop.igel.wovodo.de\/product\/airbrush-farbe-weiss-30-ml-fuer-fingernaegel-wasserverduenbar\/"},"modified":"2025-01-27T12:29:14","modified_gmt":"2025-01-27T11:29:14","slug":"airbrush-farbe-weiss-30-ml-fuer-fingernaegel-wasserverduenbar","status":"publish","type":"product","link":"https:\/\/testshop.igel.wovodo.de\/es\/product\/airbrush-farbe-weiss-30-ml-fuer-fingernaegel-wasserverduenbar\/","title":{"rendered":"Airbrush Farbe Wei\u00df 30 ml f\u00fcr Fingern\u00e4gel, wasserverd\u00fcnbar"},"content":{"rendered":"<div class=\"sale_application\">\n<p><strong>Ideal f\u00fcr Airbrush Tattoos, Body Painting, K\u00f6rperbemalung etc.<\/strong><\/p>\n<\/p><\/div>\n<div class=\"sale_description\">\n<p>Mit unserem &#8220;Airbrush Fingernagel-Farbe&#8221; erhalten Sie 1x30ml trendige Airbrush-Universalfarbe f\u00fcr die einfache und schnelle Erstellung von professionellen Designs &#8211; lassen Sie Ihrer Kreativit\u00e4t freien Lauf!<\/p>\n<p>Vor dem Einsatz von selbst angemischten Farben in Airbrush-Pistolen bitte pr\u00fcfen, ob die Farben miteinader mischbar sind. Sind unerw\u00fcnschte Reaktionen (z.B Verklumpung) feststellbar, ist vom Einsatz in Airbrush abzusehen.<\/p>\n<p>\n<b>Anmerkung zur Produkthaltbarkeit:<\/b> Die Angabe eines Mindesthaltbarkeitsdatums ist gesetzlich vorgeschrieben. Die Haltbarkeit unserer Airbrush-Farben betr\u00e4gt mindestens zehn Jahre. Wir versichern Ihnen, dass die Verwendung der Farben &#8211; auch nach Ablauf des Mindesthaltbarkeitsdatums &#8211; f\u00fcr den jeweils empfohlenen Einsatzzweck noch jahrelang v\u00f6llig unbedenklich ist. Die \u00e4lteste bei uns f\u00fcr Testzwecke zur Haltbarkeit aufbewahrte und vollkommen intakte Farbe ist etwa 5Jahre alt.<\/p>\n<\/div>\n<h3>Muchas buenas razones para comprar este producto:<\/h3>\n<div class=\"sale_motive\">\n<ul>\n<li>einfach und sicher in der Anwendung<\/li>\n<li><strong>ergiebige, leuchtstarke Farben<\/strong><\/li>\n<li>f\u00fcr Einsteiger &amp; Profis bestens geeignet!<\/li>\n<\/ul>\n<\/div>","protected":false},"excerpt":{"rendered":"<p>1x30ml Airbrush-Universalfarbe-f\u00fcr (fast) alle Anwendungen geeignet, <b>auch f\u00fcr K\u00f6rper-Tattoos nutzbar<\/b><\/p>","protected":false},"featured_media":32177,"comment_status":"open","ping_status":"closed","template":"","meta":[],"product_brand":[],"product_cat":[235,193],"product_tag":[],"class_list":{"0":"post-30228","1":"product","2":"type-product","3":"status-publish","4":"has-post-thumbnail","6":"product_cat-airbrush-farben","7":"product_cat-nailart-set","9":"first","10":"outofstock","11":"taxable","12":"shipping-taxable","13":"purchasable","14":"product-type-simple"},"_links":{"self":[{"href":"https:\/\/testshop.igel.wovodo.de\/es\/wp-json\/wp\/v2\/product\/30228","targetHints":{"allow":["GET"]}}],"collection":[{"href":"https:\/\/testshop.igel.wovodo.de\/es\/wp-json\/wp\/v2\/product"}],"about":[{"href":"https:\/\/testshop.igel.wovodo.de\/es\/wp-json\/wp\/v2\/types\/product"}],"replies":[{"embeddable":true,"href":"https:\/\/testshop.igel.wovodo.de\/es\/wp-json\/wp\/v2\/comments?post=30228"}],"version-history":[{"count":1,"href":"https:\/\/testshop.igel.wovodo.de\/es\/wp-json\/wp\/v2\/product\/30228\/revisions"}],"predecessor-version":[{"id":34844,"href":"https:\/\/testshop.igel.wovodo.de\/es\/wp-json\/wp\/v2\/product\/30228\/revisions\/34844"}],"wp:featuredmedia":[{"embeddable":true,"href":"https:\/\/testshop.igel.wovodo.de\/es\/wp-json\/wp\/v2\/media\/32177"}],"wp:attachment":[{"href":"https:\/\/testshop.igel.wovodo.de\/es\/wp-json\/wp\/v2\/media?parent=30228"}],"wp:term":[{"taxonomy":"product_brand","embeddable":true,"href":"https:\/\/testshop.igel.wovodo.de\/es\/wp-json\/wp\/v2\/product_brand?post=30228"},{"taxonomy":"product_cat","embeddable":true,"href":"https:\/\/testshop.igel.wovodo.de\/es\/wp-json\/wp\/v2\/product_cat?post=30228"},{"taxonomy":"product_tag","embeddable":true,"href":"https:\/\/testshop.igel.wovodo.de\/es\/wp-json\/wp\/v2\/product_tag?post=30228"}],"curies":[{"name":"wp","href":"https:\/\/api.w.org\/{rel}","templated":true}]}}