{"id":30253,"date":"2024-10-31T14:07:42","date_gmt":"2024-10-31T13:07:42","guid":{"rendered":"https:\/\/testshop.igel.wovodo.de\/product\/profi-airbrush-carry-ii-black-color-iv-mit-airbrush-farben-19-er-wasserbasis-set\/"},"modified":"2025-01-27T12:29:23","modified_gmt":"2025-01-27T11:29:23","slug":"profi-airbrush-carry-ii-black-color-iv-mit-airbrush-farben-19-er-wasserbasis-set","status":"publish","type":"product","link":"https:\/\/testshop.igel.wovodo.de\/es\/product\/profi-airbrush-carry-ii-black-color-iv-mit-airbrush-farben-19-er-wasserbasis-set\/","title":{"rendered":"Profi-AirBrush Carry II BLACK &#8211; Color IV mit Airbrush Farben 19-er Wasserbasis Set"},"content":{"rendered":"<div class=\"sale_application\">\n<b><\/p>\n<p>Ideal para cosm\u00e9tica y belleza (decoraci\u00f3n de u\u00f1as con aer\u00f3grafo, maquillaje, coloraci\u00f3n del cabello, cuidado del cabello, bronceado en spray), arte corporal (pintura corporal, tatuaje, dise\u00f1o de m\u00e1scaras), pasatiempos (flores\/arreglos florales, modelismo, cer\u00e1mica\/alfarer\u00eda, textiles), peque\u00f1os dise\u00f1os de autom\u00f3viles (tapones de gasolina\/cascos), ilustraciones t\u00e9cnicas\/retoques fotogr\u00e1ficos y decoraci\u00f3n de alimentos (tartas\/cupcakes). Las posibilidades de la aerograf\u00eda son pr\u00e1cticamente ilimitadas.<\/p>\n<p><\/b> <\/div>\n<div class=\"sale_description\">\n<p>Hier erhalten Sie neben dem Airbrush Kompressor  CARRY II Set zum Spitzenpreis noch 19 Stck. trendige Airbrush Farben. Design-Vorlagen f\u00fcr die einfache und schnelle Erstellung von professionellen Designs. Lassen Sie Ihrer Kreativit\u00e4t freien Lauf!\n<\/p>\n<p>Dieses Airbrush Kompressor Airbrush Kompressor Carry II ist ideal f\u00fcr den Einstieg in das Hobby der Airbrushtechnik. Die Vielseitigkeit der Ausstattung bietet Ihnen die M\u00f6glichkeit, fast alle Anwendungen auszuprobieren und gleich richtig zu betreiben. Neben dem im Set enthaltenen  Farben Set sind auch weitere Farb-Sets zum g\u00fcnstigen Preis frachtfrei lieferbar. Insbesondere m\u00f6chten wir Ihnen die 100ml Sunless- Tanning-Lotion zum Kennenlernpreis empfehlen. Das Airbrush Kompressor Carry II ist f\u00fcr das Arbeiten mit allen handels\u00fcblichen Airbrush Farben geeignet. Die Anwendungsgebiete gehen \u00fcber Nagel Design, Tattoo, Lebensmittel-Dekoration wie Torten, Cup-Cake, Blumen und Gestecke, bis zu feinen Modellbau-Projekten. Mit nur 47dB erm\u00f6glicht er angenehmes Arbeiten auch in kleineren, geschlossenen R\u00e4umen.\n<\/p>\n<p>Die UNIVERSAL-Airbrush-Pistole &#8220;Double-Action-Gun 134s&#8221; ist einzigartig und einmalig f\u00fcr diese Preisklasse!\n<\/p>\n<p>Die Airbrush-Pistole &#8220;Double-Action-Gun 134s&#8221; mit 0,2mm \/ 0,3mm \/ 0,5mm NADEL\/D\u00dcSE Kombination und 2 verschiedenen Farbbeh\u00e4ltern (7ccl und 22ml) ist besonders f\u00fcr den Beginner zum Kennenlernen der einzelnen Techniken und f\u00fcr ein z\u00fcgiges Arbeiten optimal geeignet. Damit lassen sich sowohl feine Linien ziehen, als auch gr\u00f6\u00dfere Fl\u00e4chen airbrushen. F\u00fcr gr\u00f6\u00dfere Farbmengen wird der 22ml-Glasbeh\u00e4lter und f\u00fcr kleinere Farbmengen der 7ccl Metallaufsatz verwendet. Mit der UNIVERSAL AIRBRUSH-PISTOLE DOUBLE-ACTION 134s macht das Hobby richtig Spa\u00df!<\/p>\n<p><b>AIRBRUSH FARBEN<\/b> 19-er Set in Geschenkverpackung auf Wasserbasis- Grundausstattung f\u00fcr jedes Airbrush-Set, universal einsetzbar, f\u00fcr Profis als auch f\u00fcr Einsteiger geeignet, ideal f\u00fcr Airbrush Tattoos, Body Painting, K\u00f6rperbemalung etc. ergiebige, leuchtstarke Farben. Keine Fertigfarbe, durch Verd\u00fcnnen sehr ergiebig!<\/p>\n<\/div>\n<h3>Muchas buenas razones para comprar este producto:<\/h3>\n<div class=\"sale_motive\">\n<ul>\n<li><strong>vielf\u00e4ltige Einsatzgebiete mit Standard-Anforderungen<\/strong><\/li>\n<li><strong>in 5 Stufen leicht regelbare Kompressorleistung<\/strong><\/li>\n<li>Universal-Airbrush-Pistole mit 3 D\u00fcsen und 2 Farb-Beh\u00e4ltern<\/li>\n<li>Ideal para uso m\u00f3vil<\/li>\n<li>Transportable y listo para usar r\u00e1pidamente<\/li>\n<li>Single-Action Trigger Air-Paint-Control-Pistole<\/li>\n<li>\u00d6l- und wartungsfreier Kompressor<\/li>\n<li>Kompressor-Anschluss: T\u00fclle f\u00fcr Standardschlauch (passend f\u00fcr alle g\u00e4ngigen Airbrushpistolen)<\/li>\n<li><strong>fl\u00fcsterleiser Betrieb ca. 47dB<\/strong> (Zum Vergleich: ein normales Gespr\u00e4ch in 1m Abstand = 60dB)<\/li>\n<\/ul>\n<\/div>","protected":false},"excerpt":{"rendered":"<p><b>GLEICH RICHTIG LOSLEGEN!<\/b><br \/>\nmini Airbrush Kompressor \/ Profi-Airbrush-Pistole &#8220;Dual-Action-Gun&#8221; \/ 0,2mm, 0,3mm und 0,5mm\/Luftschlauch \/ 19 Airbrush-Farben Set<br \/>\nSet ideal f\u00fcr Makeup, Kosmetik, Body-Painting, Body Art, Spray Tanning!<\/p>","protected":false},"featured_media":36816,"comment_status":"open","ping_status":"closed","template":"","meta":[],"product_brand":[],"product_cat":[213],"product_tag":[],"class_list":{"0":"post-30253","1":"product","2":"type-product","3":"status-publish","4":"has-post-thumbnail","6":"product_cat-airbrush-sets-mit-farben","8":"first","9":"instock","10":"taxable","11":"shipping-taxable","12":"purchasable","13":"product-type-simple"},"_links":{"self":[{"href":"https:\/\/testshop.igel.wovodo.de\/es\/wp-json\/wp\/v2\/product\/30253","targetHints":{"allow":["GET"]}}],"collection":[{"href":"https:\/\/testshop.igel.wovodo.de\/es\/wp-json\/wp\/v2\/product"}],"about":[{"href":"https:\/\/testshop.igel.wovodo.de\/es\/wp-json\/wp\/v2\/types\/product"}],"replies":[{"embeddable":true,"href":"https:\/\/testshop.igel.wovodo.de\/es\/wp-json\/wp\/v2\/comments?post=30253"}],"version-history":[{"count":1,"href":"https:\/\/testshop.igel.wovodo.de\/es\/wp-json\/wp\/v2\/product\/30253\/revisions"}],"predecessor-version":[{"id":34869,"href":"https:\/\/testshop.igel.wovodo.de\/es\/wp-json\/wp\/v2\/product\/30253\/revisions\/34869"}],"wp:featuredmedia":[{"embeddable":true,"href":"https:\/\/testshop.igel.wovodo.de\/es\/wp-json\/wp\/v2\/media\/36816"}],"wp:attachment":[{"href":"https:\/\/testshop.igel.wovodo.de\/es\/wp-json\/wp\/v2\/media?parent=30253"}],"wp:term":[{"taxonomy":"product_brand","embeddable":true,"href":"https:\/\/testshop.igel.wovodo.de\/es\/wp-json\/wp\/v2\/product_brand?post=30253"},{"taxonomy":"product_cat","embeddable":true,"href":"https:\/\/testshop.igel.wovodo.de\/es\/wp-json\/wp\/v2\/product_cat?post=30253"},{"taxonomy":"product_tag","embeddable":true,"href":"https:\/\/testshop.igel.wovodo.de\/es\/wp-json\/wp\/v2\/product_tag?post=30253"}],"curies":[{"name":"wp","href":"https:\/\/api.w.org\/{rel}","templated":true}]}}