{"id":30307,"date":"2024-10-31T14:08:15","date_gmt":"2024-10-31T13:08:15","guid":{"rendered":"https:\/\/testshop.igel.wovodo.de\/product\/tauchpumpe-regen-star-super-800-3-saugschlitzen-mit-schwimmerschalter-10m-kabel-mit-fluomac\/"},"modified":"2025-01-27T12:29:43","modified_gmt":"2025-01-27T11:29:43","slug":"tauchpumpe-regen-star-super-800-3-saugschlitzen-mit-schwimmerschalter-10m-kabel-mit-fluomac","status":"publish","type":"product","link":"https:\/\/testshop.igel.wovodo.de\/es\/product\/tauchpumpe-regen-star-super-800-3-saugschlitzen-mit-schwimmerschalter-10m-kabel-mit-fluomac\/","title":{"rendered":"Tauchpumpe REGEN-STAR SUPER 800-3 Saugschlitzen, mit Schwimmerschalter, 10m Kabel mit FLUOMAC\u00ae"},"content":{"rendered":"<div class=\"sale_application\">\n<ul>\n<li> zur Brauchwasserversorgung in Haus und Garten <\/li>\n<li> zur Regenwassernutzung <\/li>\n<li> zur Beh\u00e4lter-Umf\u00fcllung <\/li>\n<li> zur Nutzung von externen Wasserquellen aus Bach, Fluss und Brunnen, Vorratsbeh\u00e4lter  <\/li>\n<li> zum Bew\u00e4ssern von Rasen und Beeten  <\/li>\n<\/ul><\/div>\n<div class=\"sale_description\">\n<p>Die solide, zuverl\u00e4ssige und leistungsstarke Tauchdruckpumpe Regen-Star-Super 800-3 mit Schwimmerschalter ist sowohl f\u00fcr den <b>horizontalen<\/b> als auch f\u00fcr den <b>vertikalen Betrieb<\/b> geeignet. Die Tauchpumpe im hochwertigen Edelstahl-Geh\u00e4use hat eine Druckreserve. Mit 3bar (wie bei der Trinkwasserversorgung \u00fcblich) ist diese Klarwasserpumpe <b>ideal f\u00fcr die Regenwassernutzung und Gartenbew\u00e4sserung<\/b> bzw. um Wasser aus einem Bach oder Fluss zu f\u00f6rdern. Auch f\u00fcr Rasensprinkler ist die Tauchpumpe nutzbar.<\/p>\n<p>Die maximale Partikelgr\u00f6\u00dfe der Tauchpumpe mit Schwimmer betr\u00e4gt 0,5mm. Die Tauchpumpe f\u00fcr Klarwasser ist besonders f\u00fcr die F\u00f6rderung von hohen Wassermengen ohne Unterbrechungen geeignet.<br \/> Die Tauchdruckpumpe erbringt eine maximale F\u00f6rdermenge von <b>6.500l\/h<\/b>. Die maximale F\u00f6rderh\u00f6he liegt bei <b>30m<\/b> und der maximale F\u00f6rderdruck bei <b>3 bar<\/b>. Bitte beachten Sie, dass der F\u00f6rderdruck bei steigender F\u00f6rderh\u00f6he entsprechend abnimmt.<\/p>\n<p>Die Tauchdruckpumpe Regen-Star-Super 800-3 mit den drei Laufr\u00e4dern zeichnet sich durch ihr <b>ruhiges und leises Laufverhalten<\/b> aus. Bedingt durch die Pumpen-Dichtungssysteme ist die maximale Anzahl von 20 Schaltungen pro Stunde zu ber\u00fccksichtigen.<\/p>\n<p>Die Tauchpumpe Super 800-3 eignet sich hervorragend f\u00fcr den horizontalen und vertikalen Betrieb im Wasserspeicher. Beim Einsatz in Regenspeichern ist jedoch stets auf die BESTM\u00d6GLICHE Vorfilterung zu achten.<\/p>\n<p><strong>Unsere Tipps<\/strong><br \/>\n  Das Anschalten der Pumpe kann durch den optional erh\u00e4ltlichen Durchflussw\u00e4chter automatisiert werden. Dieser wird an der Druckseite der Pumpe angeschlossen und schaltet die Pumpe bei Wasserentnahme ein bzw. aus. <b>Um die Pumpe vor dem Trockenlauf zu sch\u00fctzen, ist ein Schwimmerschalter-Trockenlaufschutz vorhanden.<\/b> Der Schwimmerschalter ist so kurz wie gew\u00fcscht einzustellen, sodass eine sichere automatische Abschaltung der Pumpe erfolgt, falls nicht gen\u00fcgend Wasser im Speicher vorhanden ist.<\/p>\n<p>En <b>Monitor de caudal <\/b>automatisiert und steuert das Einschalten der Kreisel- bzw. Tauchpumpe. Er \u00fcberwacht den Druck im Rohrsystem von der Pumpe bis zum Verbraucher. Bei einer Wasserentnahme aus dem Rohrsystem nimmt der Druck ab. F\u00e4llt der Druck unter 1,5bar <b>(einstellbar)<\/b> schaltet der Durchflussw\u00e4chter das angeschlossene Ger\u00e4t (z.B. Kreiselpumpe) an. Diese versorgt die Verbraucher wieder mit Wasser. Wird der Verbraucher geschlossen, verringert sich der Durchfluss und die Pumpe wird abgeschaltet.<\/p>\n<p>Das Besondere an diesem Durchflussw\u00e4chter ist der<b> eingebaute Trockenlaufschutz<\/b>. Sollte nach Einschalten der Pumpe kein Wasser (Zisterne leer) vorhanden sein, schaltet der Durchflussw\u00e4chter wieder die Pumpe<b> automatisch<\/b> aus (Trockenlaufschutz).<\/p>\n<p>Ein <b>R\u00fcckschlagventil<\/b> ist ebenfalls im Durchflussw\u00e4chter integriert. Dieser verhindert das Leerlaufen des Rohrsystems auf der Verbraucherseite.<\/p>\n<p>Der maximale Betriebsdruck dieses Druckschalters betr\u00e4gt 10bar. Der Einschaltdruck ist einstellbar (1 &#8211; 3,5bar).<\/p>\n<p><b>Unsere Tipps<\/b><\/p>\n<p>Bei Einsatz von jeglichen <b>Pumpen-Schaltger\u00e4ten empfehlen wir dringend <\/b>vor dem Schaltger\u00e4t stets einen effektiven <b>Pumpen-Vorfilter\/Kartuschenfilter <\/b>einzusetzen. Dadurch lassen sich Probleme, die auf die Wasserverschmutzung zur\u00fcck zu f\u00fchren sind, deutlich reduzieren. Alle markt\u00fcblichen professionellen Schaltger\u00e4te haben eingangsseitig ein R\u00fcckschlagventil. Setzt sich ein Schmutzkorn genau zwischen den Dichtfl\u00e4chen ab, funktionieren die Schaltger\u00e4te nicht mehr einwandfrei. Die Durchflussw\u00e4chter beinhalten bereits ein R\u00fcckschlagventil, zwischen Pumpe und Durchflussw\u00e4chter darf kein weiteres R\u00fcckschlagventil montiert werden da dies zu Fehlern und sogar Besch\u00e4digungen an der Pumpe f\u00fchren kann.<\/p>\n<\/div>\n<h3>Muchas buenas razones para comprar este producto:<\/h3>\n<div class=\"sale_motive\">\n<ul>\n<li>preiswerte, solide Qualit\u00e4ts-Tauchdruckpumpe mit max 3bar (ca. Hausanschlussdruck) und max 6500l\/h<\/li>\n<li>zuverl\u00e4ssig, leistungsstark (in optimierter Version)<\/li>\n<li>hochwertiges Dichtungssystem mit \u00d6lkammer<\/li>\n<li>hochwertiges Edelstahlgeh\u00e4use<\/li>\n<li>ruhiges und leises Laufverhalten<\/li>\n<li>Laufr\u00e4der aus verst\u00e4rktem Noryl<\/li>\n<li>integrierter Kondensator<\/li>\n<li>inkl. Schwimmerschalter<\/li>\n<li>horizontaler und vertikaler Betrieb<\/li>\n<li>Larga vida \u00fatil<\/li>\n<\/ul>\n<\/div>","protected":false},"excerpt":{"rendered":"<p>zur Brauchwasserversorgung in Haus und Garten zur Regenwassernutzung zur Beh\u00e4lter-Umf\u00fcllung zur Nutzung von externen Wasserquellen aus Bach, Fluss und Brunnen,<\/p>","protected":false},"featured_media":39834,"comment_status":"open","ping_status":"closed","template":"","meta":[],"product_brand":[],"product_cat":[266,343],"product_tag":[],"class_list":{"0":"post-30307","1":"product","2":"type-product","3":"status-publish","4":"has-post-thumbnail","6":"product_cat-hauswasserautomat","7":"product_cat-tauchdruckpumpen","9":"first","10":"instock","11":"taxable","12":"shipping-taxable","13":"purchasable","14":"product-type-simple"},"_links":{"self":[{"href":"https:\/\/testshop.igel.wovodo.de\/es\/wp-json\/wp\/v2\/product\/30307","targetHints":{"allow":["GET"]}}],"collection":[{"href":"https:\/\/testshop.igel.wovodo.de\/es\/wp-json\/wp\/v2\/product"}],"about":[{"href":"https:\/\/testshop.igel.wovodo.de\/es\/wp-json\/wp\/v2\/types\/product"}],"replies":[{"embeddable":true,"href":"https:\/\/testshop.igel.wovodo.de\/es\/wp-json\/wp\/v2\/comments?post=30307"}],"version-history":[{"count":3,"href":"https:\/\/testshop.igel.wovodo.de\/es\/wp-json\/wp\/v2\/product\/30307\/revisions"}],"predecessor-version":[{"id":39490,"href":"https:\/\/testshop.igel.wovodo.de\/es\/wp-json\/wp\/v2\/product\/30307\/revisions\/39490"}],"wp:featuredmedia":[{"embeddable":true,"href":"https:\/\/testshop.igel.wovodo.de\/es\/wp-json\/wp\/v2\/media\/39834"}],"wp:attachment":[{"href":"https:\/\/testshop.igel.wovodo.de\/es\/wp-json\/wp\/v2\/media?parent=30307"}],"wp:term":[{"taxonomy":"product_brand","embeddable":true,"href":"https:\/\/testshop.igel.wovodo.de\/es\/wp-json\/wp\/v2\/product_brand?post=30307"},{"taxonomy":"product_cat","embeddable":true,"href":"https:\/\/testshop.igel.wovodo.de\/es\/wp-json\/wp\/v2\/product_cat?post=30307"},{"taxonomy":"product_tag","embeddable":true,"href":"https:\/\/testshop.igel.wovodo.de\/es\/wp-json\/wp\/v2\/product_tag?post=30307"}],"curies":[{"name":"wp","href":"https:\/\/api.w.org\/{rel}","templated":true}]}}